{"id":37854,"date":"2025-08-04T14:51:23","date_gmt":"2025-08-04T14:51:23","guid":{"rendered":"https:\/\/www.grandeportovinhos.com\/?post_type=product&#038;p=37854"},"modified":"2025-08-08T15:16:00","modified_gmt":"2025-08-08T15:16:00","slug":"cocktail-mix-gin-maracuja","status":"publish","type":"product","link":"https:\/\/www.grandeportovinhos.com\/eng\/inicio\/loja\/loja\/representacoes\/ready-to-drink\/cocktail-mix-gin-maracuja\/","title":{"rendered":"Cocktail Mix Gin &#038; Maracuj\u00e1"},"content":{"rendered":"<p data-start=\"0\" data-end=\"176\">Cocktails prontos a beber da marca MIX, elaborados com \u00e1lcool puro e ingredientes de elevada qualidade. Dispon\u00edveis em garrafas de vidro de 0,33 L, com um teor alco\u00f3lico de 4%.<\/p>\n<p data-start=\"178\" data-end=\"307\" data-is-last-node=\"\" data-is-only-node=\"\"><strong>Aroma e sabor:<\/strong> Um cocktail de gin que se destaca pelo seu sabor expressivo a maracuj\u00e1 e aroma doce a frutos tropicais.<\/p>\n<p><strong>Serving method: <\/strong>Consumir gelado diretamente da garrafa ou servido num copo com palhinha.<\/p>","protected":false},"excerpt":{"rendered":"<p><strong>Volume<\/strong>: 0,33 L<\/p>","protected":false},"featured_media":37845,"comment_status":"open","ping_status":"closed","template":"","meta":{"ocean_post_layout":"full-width","ocean_both_sidebars_style":"","ocean_both_sidebars_content_width":0,"ocean_both_sidebars_sidebars_width":0,"ocean_sidebar":"0","ocean_second_sidebar":"0","ocean_disable_margins":"enable","ocean_add_body_class":"","ocean_shortcode_before_top_bar":"","ocean_shortcode_after_top_bar":"","ocean_shortcode_before_header":"","ocean_shortcode_after_header":"","ocean_has_shortcode":"","ocean_shortcode_after_title":"","ocean_shortcode_before_footer_widgets":"","ocean_shortcode_after_footer_widgets":"","ocean_shortcode_before_footer_bottom":"","ocean_shortcode_after_footer_bottom":"","ocean_display_top_bar":"default","ocean_display_header":"default","ocean_header_style":"","ocean_center_header_left_menu":"0","ocean_custom_header_template":"0","ocean_custom_logo":0,"ocean_custom_retina_logo":0,"ocean_custom_logo_max_width":0,"ocean_custom_logo_tablet_max_width":0,"ocean_custom_logo_mobile_max_width":0,"ocean_custom_logo_max_height":0,"ocean_custom_logo_tablet_max_height":0,"ocean_custom_logo_mobile_max_height":0,"ocean_header_custom_menu":"0","ocean_menu_typo_font_family":"0","ocean_menu_typo_font_subset":"","ocean_menu_typo_font_size":0,"ocean_menu_typo_font_size_tablet":0,"ocean_menu_typo_font_size_mobile":0,"ocean_menu_typo_font_size_unit":"px","ocean_menu_typo_font_weight":"","ocean_menu_typo_font_weight_tablet":"","ocean_menu_typo_font_weight_mobile":"","ocean_menu_typo_transform":"","ocean_menu_typo_transform_tablet":"","ocean_menu_typo_transform_mobile":"","ocean_menu_typo_line_height":0,"ocean_menu_typo_line_height_tablet":0,"ocean_menu_typo_line_height_mobile":0,"ocean_menu_typo_line_height_unit":"","ocean_menu_typo_spacing":0,"ocean_menu_typo_spacing_tablet":0,"ocean_menu_typo_spacing_mobile":0,"ocean_menu_typo_spacing_unit":"","ocean_menu_link_color":"","ocean_menu_link_color_hover":"","ocean_menu_link_color_active":"","ocean_menu_link_background":"","ocean_menu_link_hover_background":"","ocean_menu_link_active_background":"","ocean_menu_social_links_bg":"","ocean_menu_social_hover_links_bg":"","ocean_menu_social_links_color":"","ocean_menu_social_hover_links_color":"","ocean_disable_title":"default","ocean_disable_heading":"default","ocean_post_title":"","ocean_post_subheading":"","ocean_post_title_style":"","ocean_post_title_background_color":"","ocean_post_title_background":0,"ocean_post_title_bg_image_position":"","ocean_post_title_bg_image_attachment":"","ocean_post_title_bg_image_repeat":"","ocean_post_title_bg_image_size":"","ocean_post_title_height":0,"ocean_post_title_bg_overlay":0.5,"ocean_post_title_bg_overlay_color":"","ocean_disable_breadcrumbs":"default","ocean_breadcrumbs_color":"","ocean_breadcrumbs_separator_color":"","ocean_breadcrumbs_links_color":"","ocean_breadcrumbs_links_hover_color":"","ocean_display_footer_widgets":"default","ocean_display_footer_bottom":"default","ocean_custom_footer_template":"0"},"product_brand":[],"product_cat":[2661],"product_tag":[],"class_list":{"0":"post-37854","1":"product","2":"type-product","3":"status-publish","4":"has-post-thumbnail","6":"product_cat-ready-to-drink","8":"entry","9":"has-media","11":"first","12":"instock","13":"taxable","14":"shipping-taxable","15":"purchasable","16":"product-type-simple","17":"has-product-nav","18":"col","19":"span_1_of_4","20":"owp-content-center","21":"owp-thumbs-layout-horizontal","22":"owp-btn-normal","23":"owp-tabs-layout-vertical","24":"has-no-thumbnails"},"yoast_head":"<!-- This site is optimized with the Yoast SEO plugin v24.4 - https:\/\/yoast.com\/wordpress\/plugins\/seo\/ -->\n<title>Cocktail Mix Gin &amp; Maracuj\u00e1 - Grande Porto - Vinhos e Bebidas<\/title>\n<meta name=\"description\" content=\"Cocktails prontos a beber da marca MIX, elaborados com \u00e1lcool puro e ingredientes de elevada qualidade.\" \/>\n<meta name=\"robots\" content=\"index, follow, max-snippet:-1, max-image-preview:large, max-video-preview:-1\" \/>\n<link rel=\"canonical\" href=\"https:\/\/www.grandeportovinhos.com\/eng\/inicio\/loja\/loja\/representacoes\/ready-to-drink\/cocktail-mix-gin-maracuja\/\" \/>\n<meta property=\"og:locale\" content=\"en_US\" \/>\n<meta property=\"og:type\" content=\"article\" \/>\n<meta property=\"og:title\" content=\"Cocktail Mix Gin &amp; Maracuj\u00e1 - Grande Porto - Vinhos e Bebidas\" \/>\n<meta property=\"og:description\" content=\"Cocktails prontos a beber da marca MIX, elaborados com \u00e1lcool puro e ingredientes de elevada qualidade.\" \/>\n<meta property=\"og:url\" content=\"https:\/\/www.grandeportovinhos.com\/eng\/inicio\/loja\/loja\/representacoes\/ready-to-drink\/cocktail-mix-gin-maracuja\/\" \/>\n<meta property=\"og:site_name\" content=\"Grande Porto - Vinhos e Bebidas\" \/>\n<meta property=\"article:modified_time\" content=\"2025-08-08T15:16:00+00:00\" \/>\n<meta property=\"og:image\" content=\"https:\/\/www.grandeportovinhos.com\/wp-content\/uploads\/2025\/08\/MIX_Gin_Passion-Fruit_0.33_glass.jpg\" \/>\n\t<meta property=\"og:image:width\" content=\"300\" \/>\n\t<meta property=\"og:image:height\" content=\"700\" \/>\n\t<meta property=\"og:image:type\" content=\"image\/jpeg\" \/>\n<meta name=\"twitter:card\" content=\"summary_large_image\" \/>\n<meta name=\"twitter:label1\" content=\"Est. reading time\" \/>\n\t<meta name=\"twitter:data1\" content=\"1 minute\" \/>\n<script type=\"application\/ld+json\" class=\"yoast-schema-graph\">{\"@context\":\"https:\/\/schema.org\",\"@graph\":[{\"@type\":\"WebPage\",\"@id\":\"https:\/\/www.grandeportovinhos.com\/inicio\/loja\/loja\/representacoes\/ready-to-drink\/cocktail-mix-gin-maracuja\/\",\"url\":\"https:\/\/www.grandeportovinhos.com\/inicio\/loja\/loja\/representacoes\/ready-to-drink\/cocktail-mix-gin-maracuja\/\",\"name\":\"Cocktail Mix Gin & Maracuj\u00e1 - Grande Porto - Vinhos e Bebidas\",\"isPartOf\":{\"@id\":\"https:\/\/www.grandeportovinhos.com\/#website\"},\"primaryImageOfPage\":{\"@id\":\"https:\/\/www.grandeportovinhos.com\/inicio\/loja\/loja\/representacoes\/ready-to-drink\/cocktail-mix-gin-maracuja\/#primaryimage\"},\"image\":{\"@id\":\"https:\/\/www.grandeportovinhos.com\/inicio\/loja\/loja\/representacoes\/ready-to-drink\/cocktail-mix-gin-maracuja\/#primaryimage\"},\"thumbnailUrl\":\"https:\/\/www.grandeportovinhos.com\/wp-content\/uploads\/2025\/08\/MIX_Gin_Passion-Fruit_0.33_glass.jpg\",\"datePublished\":\"2025-08-04T14:51:23+00:00\",\"dateModified\":\"2025-08-08T15:16:00+00:00\",\"description\":\"Cocktails prontos a beber da marca MIX, elaborados com \u00e1lcool puro e ingredientes de elevada qualidade.\",\"breadcrumb\":{\"@id\":\"https:\/\/www.grandeportovinhos.com\/inicio\/loja\/loja\/representacoes\/ready-to-drink\/cocktail-mix-gin-maracuja\/#breadcrumb\"},\"inLanguage\":\"en-US\",\"potentialAction\":[{\"@type\":\"ReadAction\",\"target\":[\"https:\/\/www.grandeportovinhos.com\/inicio\/loja\/loja\/representacoes\/ready-to-drink\/cocktail-mix-gin-maracuja\/\"]}]},{\"@type\":\"ImageObject\",\"inLanguage\":\"en-US\",\"@id\":\"https:\/\/www.grandeportovinhos.com\/inicio\/loja\/loja\/representacoes\/ready-to-drink\/cocktail-mix-gin-maracuja\/#primaryimage\",\"url\":\"https:\/\/www.grandeportovinhos.com\/wp-content\/uploads\/2025\/08\/MIX_Gin_Passion-Fruit_0.33_glass.jpg\",\"contentUrl\":\"https:\/\/www.grandeportovinhos.com\/wp-content\/uploads\/2025\/08\/MIX_Gin_Passion-Fruit_0.33_glass.jpg\",\"width\":300,\"height\":700},{\"@type\":\"BreadcrumbList\",\"@id\":\"https:\/\/www.grandeportovinhos.com\/inicio\/loja\/loja\/representacoes\/ready-to-drink\/cocktail-mix-gin-maracuja\/#breadcrumb\",\"itemListElement\":[{\"@type\":\"ListItem\",\"position\":1,\"name\":\"In\u00edcio\",\"item\":\"https:\/\/www.grandeportovinhos.com\/\"},{\"@type\":\"ListItem\",\"position\":2,\"name\":\"LOJA\",\"item\":\"https:\/\/www.grandeportovinhos.com\/loja\/\"},{\"@type\":\"ListItem\",\"position\":3,\"name\":\"LOJA\",\"item\":\"https:\/\/www.grandeportovinhos.com\/product-category\/loja\/\"},{\"@type\":\"ListItem\",\"position\":4,\"name\":\"REPRESENTA\u00c7\u00d5ES\",\"item\":\"https:\/\/www.grandeportovinhos.com\/product-category\/loja\/representacoes\/\"},{\"@type\":\"ListItem\",\"position\":5,\"name\":\"READY TO DRINK\",\"item\":\"https:\/\/www.grandeportovinhos.com\/product-category\/loja\/representacoes\/ready-to-drink\/\"},{\"@type\":\"ListItem\",\"position\":6,\"name\":\"Cocktail Mix Gin &#038; Maracuj\u00e1\"}]},{\"@type\":\"WebSite\",\"@id\":\"https:\/\/www.grandeportovinhos.com\/#website\",\"url\":\"https:\/\/www.grandeportovinhos.com\/\",\"name\":\"Grande Porto - Vinhos e Bebidas\",\"description\":\"\",\"publisher\":{\"@id\":\"https:\/\/www.grandeportovinhos.com\/#organization\"},\"potentialAction\":[{\"@type\":\"SearchAction\",\"target\":{\"@type\":\"EntryPoint\",\"urlTemplate\":\"https:\/\/www.grandeportovinhos.com\/?s={search_term_string}\"},\"query-input\":{\"@type\":\"PropertyValueSpecification\",\"valueRequired\":true,\"valueName\":\"search_term_string\"}}],\"inLanguage\":\"en-US\"},{\"@type\":\"Organization\",\"@id\":\"https:\/\/www.grandeportovinhos.com\/#organization\",\"name\":\"Grande Porto - Vinhos e Bebidas\",\"url\":\"https:\/\/www.grandeportovinhos.com\/\",\"logo\":{\"@type\":\"ImageObject\",\"inLanguage\":\"en-US\",\"@id\":\"https:\/\/www.grandeportovinhos.com\/#\/schema\/logo\/image\/\",\"url\":\"https:\/\/www.grandeportovinhos.com\/wp-content\/uploads\/2020\/10\/cropped-logo-GP.jpg\",\"contentUrl\":\"https:\/\/www.grandeportovinhos.com\/wp-content\/uploads\/2020\/10\/cropped-logo-GP.jpg\",\"width\":2559,\"height\":1626,\"caption\":\"Grande Porto - Vinhos e Bebidas\"},\"image\":{\"@id\":\"https:\/\/www.grandeportovinhos.com\/#\/schema\/logo\/image\/\"}}]}<\/script>\n<!-- \/ Yoast SEO plugin. -->","yoast_head_json":{"title":"Cocktail Mix Gin & Maracuj\u00e1 - Grande Porto - Vinhos e Bebidas","description":"Cocktails prontos a beber da marca MIX, elaborados com \u00e1lcool puro e ingredientes de elevada qualidade.","robots":{"index":"index","follow":"follow","max-snippet":"max-snippet:-1","max-image-preview":"max-image-preview:large","max-video-preview":"max-video-preview:-1"},"canonical":"https:\/\/www.grandeportovinhos.com\/eng\/inicio\/loja\/loja\/representacoes\/ready-to-drink\/cocktail-mix-gin-maracuja\/","og_locale":"en_US","og_type":"article","og_title":"Cocktail Mix Gin & Maracuj\u00e1 - Grande Porto - Vinhos e Bebidas","og_description":"Cocktails prontos a beber da marca MIX, elaborados com \u00e1lcool puro e ingredientes de elevada qualidade.","og_url":"https:\/\/www.grandeportovinhos.com\/eng\/inicio\/loja\/loja\/representacoes\/ready-to-drink\/cocktail-mix-gin-maracuja\/","og_site_name":"Grande Porto - Vinhos e Bebidas","article_modified_time":"2025-08-08T15:16:00+00:00","og_image":[{"width":300,"height":700,"url":"https:\/\/www.grandeportovinhos.com\/wp-content\/uploads\/2025\/08\/MIX_Gin_Passion-Fruit_0.33_glass.jpg","type":"image\/jpeg"}],"twitter_card":"summary_large_image","twitter_misc":{"Est. reading time":"1 minute"},"schema":{"@context":"https:\/\/schema.org","@graph":[{"@type":"WebPage","@id":"https:\/\/www.grandeportovinhos.com\/inicio\/loja\/loja\/representacoes\/ready-to-drink\/cocktail-mix-gin-maracuja\/","url":"https:\/\/www.grandeportovinhos.com\/inicio\/loja\/loja\/representacoes\/ready-to-drink\/cocktail-mix-gin-maracuja\/","name":"Cocktail Mix Gin & Maracuj\u00e1 - Grande Porto - Vinhos e Bebidas","isPartOf":{"@id":"https:\/\/www.grandeportovinhos.com\/#website"},"primaryImageOfPage":{"@id":"https:\/\/www.grandeportovinhos.com\/inicio\/loja\/loja\/representacoes\/ready-to-drink\/cocktail-mix-gin-maracuja\/#primaryimage"},"image":{"@id":"https:\/\/www.grandeportovinhos.com\/inicio\/loja\/loja\/representacoes\/ready-to-drink\/cocktail-mix-gin-maracuja\/#primaryimage"},"thumbnailUrl":"https:\/\/www.grandeportovinhos.com\/wp-content\/uploads\/2025\/08\/MIX_Gin_Passion-Fruit_0.33_glass.jpg","datePublished":"2025-08-04T14:51:23+00:00","dateModified":"2025-08-08T15:16:00+00:00","description":"Cocktails prontos a beber da marca MIX, elaborados com \u00e1lcool puro e ingredientes de elevada qualidade.","breadcrumb":{"@id":"https:\/\/www.grandeportovinhos.com\/inicio\/loja\/loja\/representacoes\/ready-to-drink\/cocktail-mix-gin-maracuja\/#breadcrumb"},"inLanguage":"en-US","potentialAction":[{"@type":"ReadAction","target":["https:\/\/www.grandeportovinhos.com\/inicio\/loja\/loja\/representacoes\/ready-to-drink\/cocktail-mix-gin-maracuja\/"]}]},{"@type":"ImageObject","inLanguage":"en-US","@id":"https:\/\/www.grandeportovinhos.com\/inicio\/loja\/loja\/representacoes\/ready-to-drink\/cocktail-mix-gin-maracuja\/#primaryimage","url":"https:\/\/www.grandeportovinhos.com\/wp-content\/uploads\/2025\/08\/MIX_Gin_Passion-Fruit_0.33_glass.jpg","contentUrl":"https:\/\/www.grandeportovinhos.com\/wp-content\/uploads\/2025\/08\/MIX_Gin_Passion-Fruit_0.33_glass.jpg","width":300,"height":700},{"@type":"BreadcrumbList","@id":"https:\/\/www.grandeportovinhos.com\/inicio\/loja\/loja\/representacoes\/ready-to-drink\/cocktail-mix-gin-maracuja\/#breadcrumb","itemListElement":[{"@type":"ListItem","position":1,"name":"In\u00edcio","item":"https:\/\/www.grandeportovinhos.com\/"},{"@type":"ListItem","position":2,"name":"LOJA","item":"https:\/\/www.grandeportovinhos.com\/loja\/"},{"@type":"ListItem","position":3,"name":"LOJA","item":"https:\/\/www.grandeportovinhos.com\/product-category\/loja\/"},{"@type":"ListItem","position":4,"name":"REPRESENTA\u00c7\u00d5ES","item":"https:\/\/www.grandeportovinhos.com\/product-category\/loja\/representacoes\/"},{"@type":"ListItem","position":5,"name":"READY TO DRINK","item":"https:\/\/www.grandeportovinhos.com\/product-category\/loja\/representacoes\/ready-to-drink\/"},{"@type":"ListItem","position":6,"name":"Cocktail Mix Gin &#038; Maracuj\u00e1"}]},{"@type":"WebSite","@id":"https:\/\/www.grandeportovinhos.com\/#website","url":"https:\/\/www.grandeportovinhos.com\/","name":"Grande Porto - Vinhos e Bebidas","description":"","publisher":{"@id":"https:\/\/www.grandeportovinhos.com\/#organization"},"potentialAction":[{"@type":"SearchAction","target":{"@type":"EntryPoint","urlTemplate":"https:\/\/www.grandeportovinhos.com\/?s={search_term_string}"},"query-input":{"@type":"PropertyValueSpecification","valueRequired":true,"valueName":"search_term_string"}}],"inLanguage":"en-US"},{"@type":"Organization","@id":"https:\/\/www.grandeportovinhos.com\/#organization","name":"Grande Porto - Vinhos e Bebidas","url":"https:\/\/www.grandeportovinhos.com\/","logo":{"@type":"ImageObject","inLanguage":"en-US","@id":"https:\/\/www.grandeportovinhos.com\/#\/schema\/logo\/image\/","url":"https:\/\/www.grandeportovinhos.com\/wp-content\/uploads\/2020\/10\/cropped-logo-GP.jpg","contentUrl":"https:\/\/www.grandeportovinhos.com\/wp-content\/uploads\/2020\/10\/cropped-logo-GP.jpg","width":2559,"height":1626,"caption":"Grande Porto - Vinhos e Bebidas"},"image":{"@id":"https:\/\/www.grandeportovinhos.com\/#\/schema\/logo\/image\/"}}]}},"_links":{"self":[{"href":"https:\/\/www.grandeportovinhos.com\/eng\/wp-json\/wp\/v2\/product\/37854"}],"collection":[{"href":"https:\/\/www.grandeportovinhos.com\/eng\/wp-json\/wp\/v2\/product"}],"about":[{"href":"https:\/\/www.grandeportovinhos.com\/eng\/wp-json\/wp\/v2\/types\/product"}],"replies":[{"embeddable":true,"href":"https:\/\/www.grandeportovinhos.com\/eng\/wp-json\/wp\/v2\/comments?post=37854"}],"wp:featuredmedia":[{"embeddable":true,"href":"https:\/\/www.grandeportovinhos.com\/eng\/wp-json\/wp\/v2\/media\/37845"}],"wp:attachment":[{"href":"https:\/\/www.grandeportovinhos.com\/eng\/wp-json\/wp\/v2\/media?parent=37854"}],"wp:term":[{"taxonomy":"product_brand","embeddable":true,"href":"https:\/\/www.grandeportovinhos.com\/eng\/wp-json\/wp\/v2\/product_brand?post=37854"},{"taxonomy":"product_cat","embeddable":true,"href":"https:\/\/www.grandeportovinhos.com\/eng\/wp-json\/wp\/v2\/product_cat?post=37854"},{"taxonomy":"product_tag","embeddable":true,"href":"https:\/\/www.grandeportovinhos.com\/eng\/wp-json\/wp\/v2\/product_tag?post=37854"}],"curies":[{"name":"wp","href":"https:\/\/api.w.org\/{rel}","templated":true}]}}