{"id":37548,"date":"2024-07-18T08:30:58","date_gmt":"2024-07-18T08:30:58","guid":{"rendered":"https:\/\/www.grandeportovinhos.com\/?post_type=product&#038;p=37548"},"modified":"2026-03-17T14:40:59","modified_gmt":"2026-03-17T14:40:59","slug":"serras-de-la-reserva-encruzado-dao","status":"publish","type":"product","link":"https:\/\/www.grandeportovinhos.com\/eng\/inicio\/loja\/loja\/vinhos\/serras-de-la-reserva-encruzado-dao\/","title":{"rendered":"Serras de L\u00e1 Reserva Encruzado <br> D\u00c3O"},"content":{"rendered":"<p>The <strong>Serras de L\u00e1 Reserva Encruzado<\/strong> is a high-altitude wine that reveals a complex, fresh personality and an authentic expression of the D\u00e3o region. The Silgueiros region is surrounded by mountains, which protect the vineyards from both the Atlantic influence and the harsh climate characteristic of the region. It is where tradition and nature meet to create wines of excellence.<\/p>\n<p><strong>C\u00e9page:<\/strong> Encruzado<br \/>\n<strong>Production Method: <\/strong>Classic open top vinification, with fermentation in barrels at a controlled temperature of up to 16\u00ba C and maceration for 3 weeks. Aged for 7 months in French oak barrels with gentle battonage, followed by bottle ageing.<br \/>\n<strong>Tasting Note: <\/strong>With a bright, crystalline citrus colour, this wine has a delicate aroma, with notes of orange\nblossom, lime and citron, surrounded by nuances of fresh wood from the ageing. It reveals good\naromatic complexity. On the palate, it stands out for its fresh, mineral structure, providing harmony\nand a long, refined persistence.<br \/>\n<strong>Suggestion: <\/strong>Ideal with roast fish, seafood and white meats. Serve at 10-12\u00b0C.<\/p>\n<p><strong>Characteristics of Serras de L\u00e1 Reserva Encruzado:<\/strong><br \/>\nAlcohol Level: 14\u00ba vol.<br \/>\nAcidez Total: 5,55 g\/L<br \/>\nReducing Sugar: 1,2 g\/L<br \/>\nVolatile Acidity: 0,33 g\/L<br \/>\npH: 3,23<\/p>","protected":false},"excerpt":{"rendered":"<p><strong>Color\/Type<\/strong>: White Wine<br \/>\n<strong>Volume<\/strong>: 750 ml<br \/>\n<strong>Region:<\/strong>\u00a0Silgueiros<br \/>\n<strong>Enologist: <\/strong>Carlos Silva<\/p>","protected":false},"featured_media":37515,"comment_status":"open","ping_status":"closed","template":"","meta":{"ocean_post_layout":"","ocean_both_sidebars_style":"","ocean_both_sidebars_content_width":0,"ocean_both_sidebars_sidebars_width":0,"ocean_sidebar":"0","ocean_second_sidebar":"0","ocean_disable_margins":"enable","ocean_add_body_class":"","ocean_shortcode_before_top_bar":"","ocean_shortcode_after_top_bar":"","ocean_shortcode_before_header":"","ocean_shortcode_after_header":"","ocean_has_shortcode":"","ocean_shortcode_after_title":"","ocean_shortcode_before_footer_widgets":"","ocean_shortcode_after_footer_widgets":"","ocean_shortcode_before_footer_bottom":"","ocean_shortcode_after_footer_bottom":"","ocean_display_top_bar":"default","ocean_display_header":"default","ocean_header_style":"","ocean_center_header_left_menu":"0","ocean_custom_header_template":"0","ocean_custom_logo":0,"ocean_custom_retina_logo":0,"ocean_custom_logo_max_width":0,"ocean_custom_logo_tablet_max_width":0,"ocean_custom_logo_mobile_max_width":0,"ocean_custom_logo_max_height":0,"ocean_custom_logo_tablet_max_height":0,"ocean_custom_logo_mobile_max_height":0,"ocean_header_custom_menu":"0","ocean_menu_typo_font_family":"0","ocean_menu_typo_font_subset":"","ocean_menu_typo_font_size":0,"ocean_menu_typo_font_size_tablet":0,"ocean_menu_typo_font_size_mobile":0,"ocean_menu_typo_font_size_unit":"px","ocean_menu_typo_font_weight":"","ocean_menu_typo_font_weight_tablet":"","ocean_menu_typo_font_weight_mobile":"","ocean_menu_typo_transform":"","ocean_menu_typo_transform_tablet":"","ocean_menu_typo_transform_mobile":"","ocean_menu_typo_line_height":0,"ocean_menu_typo_line_height_tablet":0,"ocean_menu_typo_line_height_mobile":0,"ocean_menu_typo_line_height_unit":"","ocean_menu_typo_spacing":0,"ocean_menu_typo_spacing_tablet":0,"ocean_menu_typo_spacing_mobile":0,"ocean_menu_typo_spacing_unit":"","ocean_menu_link_color":"","ocean_menu_link_color_hover":"","ocean_menu_link_color_active":"","ocean_menu_link_background":"","ocean_menu_link_hover_background":"","ocean_menu_link_active_background":"","ocean_menu_social_links_bg":"","ocean_menu_social_hover_links_bg":"","ocean_menu_social_links_color":"","ocean_menu_social_hover_links_color":"","ocean_disable_title":"default","ocean_disable_heading":"default","ocean_post_title":" ","ocean_post_subheading":"","ocean_post_title_style":"","ocean_post_title_background_color":"","ocean_post_title_background":0,"ocean_post_title_bg_image_position":"","ocean_post_title_bg_image_attachment":"","ocean_post_title_bg_image_repeat":"","ocean_post_title_bg_image_size":"","ocean_post_title_height":0,"ocean_post_title_bg_overlay":0.5,"ocean_post_title_bg_overlay_color":"","ocean_disable_breadcrumbs":"default","ocean_breadcrumbs_color":"","ocean_breadcrumbs_separator_color":"","ocean_breadcrumbs_links_color":"","ocean_breadcrumbs_links_hover_color":"","ocean_display_footer_widgets":"default","ocean_display_footer_bottom":"default","ocean_custom_footer_template":"0"},"product_brand":[],"product_cat":[81,86],"product_tag":[101],"class_list":{"0":"post-37548","1":"product","2":"type-product","3":"status-publish","4":"has-post-thumbnail","6":"product_cat-vinhos","7":"product_cat-serras-de-la","8":"product_tag-branco","10":"entry","11":"has-media","13":"first","14":"outofstock","15":"featured","16":"taxable","17":"shipping-taxable","18":"purchasable","19":"product-type-simple","20":"has-product-nav","21":"col","22":"span_1_of_4","23":"owp-content-center","24":"owp-thumbs-layout-horizontal","25":"owp-btn-normal","26":"owp-tabs-layout-vertical","27":"has-no-thumbnails"},"yoast_head":"<!-- This site is optimized with the Yoast SEO plugin v24.4 - https:\/\/yoast.com\/wordpress\/plugins\/seo\/ -->\n<title>Serras de L\u00e1 Reserva Encruzado  D\u00c3O - Grande Porto - Vinhos e Bebidas<\/title>\n<meta name=\"description\" content=\"Serras de L\u00e1 Colheita Tinto \u00e9 um vinho\u00a0de cor carregada, que apresenta um estilo intenso e exuberante, , mas sempre atrativo e fresco.\" \/>\n<meta name=\"robots\" content=\"index, follow, max-snippet:-1, max-image-preview:large, max-video-preview:-1\" \/>\n<link rel=\"canonical\" href=\"https:\/\/www.grandeportovinhos.com\/eng\/inicio\/loja\/loja\/vinhos\/serras-de-la-reserva-encruzado-dao\/\" \/>\n<meta property=\"og:locale\" content=\"en_US\" \/>\n<meta property=\"og:type\" content=\"article\" \/>\n<meta property=\"og:title\" content=\"Serras de L\u00e1 Reserva Encruzado  D\u00c3O - Grande Porto - Vinhos e Bebidas\" \/>\n<meta property=\"og:description\" content=\"Serras de L\u00e1 Colheita Tinto \u00e9 um vinho\u00a0de cor carregada, que apresenta um estilo intenso e exuberante, , mas sempre atrativo e fresco.\" \/>\n<meta property=\"og:url\" content=\"https:\/\/www.grandeportovinhos.com\/eng\/inicio\/loja\/loja\/vinhos\/serras-de-la-reserva-encruzado-dao\/\" \/>\n<meta property=\"og:site_name\" content=\"Grande Porto - Vinhos e Bebidas\" \/>\n<meta property=\"article:modified_time\" content=\"2026-03-17T14:40:59+00:00\" \/>\n<meta property=\"og:image\" content=\"https:\/\/www.grandeportovinhos.com\/wp-content\/uploads\/2024\/07\/garrafa_serras-de-la-encruzado.png\" \/>\n\t<meta property=\"og:image:width\" content=\"300\" \/>\n\t<meta property=\"og:image:height\" content=\"700\" \/>\n\t<meta property=\"og:image:type\" content=\"image\/png\" \/>\n<meta name=\"twitter:card\" content=\"summary_large_image\" \/>\n<meta name=\"twitter:label1\" content=\"Est. reading time\" \/>\n\t<meta name=\"twitter:data1\" content=\"2 minutes\" \/>\n<script type=\"application\/ld+json\" class=\"yoast-schema-graph\">{\"@context\":\"https:\/\/schema.org\",\"@graph\":[{\"@type\":\"WebPage\",\"@id\":\"https:\/\/www.grandeportovinhos.com\/inicio\/loja\/loja\/vinhos\/serras-de-la-reserva-encruzado-dao\/\",\"url\":\"https:\/\/www.grandeportovinhos.com\/inicio\/loja\/loja\/vinhos\/serras-de-la-reserva-encruzado-dao\/\",\"name\":\"Serras de L\u00e1 Reserva Encruzado D\u00c3O - Grande Porto - Vinhos e Bebidas\",\"isPartOf\":{\"@id\":\"https:\/\/www.grandeportovinhos.com\/#website\"},\"primaryImageOfPage\":{\"@id\":\"https:\/\/www.grandeportovinhos.com\/inicio\/loja\/loja\/vinhos\/serras-de-la-reserva-encruzado-dao\/#primaryimage\"},\"image\":{\"@id\":\"https:\/\/www.grandeportovinhos.com\/inicio\/loja\/loja\/vinhos\/serras-de-la-reserva-encruzado-dao\/#primaryimage\"},\"thumbnailUrl\":\"https:\/\/www.grandeportovinhos.com\/wp-content\/uploads\/2024\/07\/garrafa_serras-de-la-encruzado.png\",\"datePublished\":\"2024-07-18T08:30:58+00:00\",\"dateModified\":\"2026-03-17T14:40:59+00:00\",\"description\":\"Serras de L\u00e1 Colheita Tinto \u00e9 um vinho\u00a0de cor carregada, que apresenta um estilo intenso e exuberante, , mas sempre atrativo e fresco.\",\"breadcrumb\":{\"@id\":\"https:\/\/www.grandeportovinhos.com\/inicio\/loja\/loja\/vinhos\/serras-de-la-reserva-encruzado-dao\/#breadcrumb\"},\"inLanguage\":\"en-US\",\"potentialAction\":[{\"@type\":\"ReadAction\",\"target\":[\"https:\/\/www.grandeportovinhos.com\/inicio\/loja\/loja\/vinhos\/serras-de-la-reserva-encruzado-dao\/\"]}]},{\"@type\":\"ImageObject\",\"inLanguage\":\"en-US\",\"@id\":\"https:\/\/www.grandeportovinhos.com\/inicio\/loja\/loja\/vinhos\/serras-de-la-reserva-encruzado-dao\/#primaryimage\",\"url\":\"https:\/\/www.grandeportovinhos.com\/wp-content\/uploads\/2024\/07\/garrafa_serras-de-la-encruzado.png\",\"contentUrl\":\"https:\/\/www.grandeportovinhos.com\/wp-content\/uploads\/2024\/07\/garrafa_serras-de-la-encruzado.png\",\"width\":300,\"height\":700,\"caption\":\"Serras de L\u00e1 Reserva Encruzado\"},{\"@type\":\"BreadcrumbList\",\"@id\":\"https:\/\/www.grandeportovinhos.com\/inicio\/loja\/loja\/vinhos\/serras-de-la-reserva-encruzado-dao\/#breadcrumb\",\"itemListElement\":[{\"@type\":\"ListItem\",\"position\":1,\"name\":\"In\u00edcio\",\"item\":\"https:\/\/www.grandeportovinhos.com\/\"},{\"@type\":\"ListItem\",\"position\":2,\"name\":\"LOJA\",\"item\":\"https:\/\/www.grandeportovinhos.com\/loja\/\"},{\"@type\":\"ListItem\",\"position\":3,\"name\":\"LOJA\",\"item\":\"https:\/\/www.grandeportovinhos.com\/product-category\/loja\/\"},{\"@type\":\"ListItem\",\"position\":4,\"name\":\"VINHOS\",\"item\":\"https:\/\/www.grandeportovinhos.com\/product-category\/loja\/vinhos\/\"},{\"@type\":\"ListItem\",\"position\":5,\"name\":\"Serras de L\u00e1 Reserva Encruzado D\u00c3O\"}]},{\"@type\":\"WebSite\",\"@id\":\"https:\/\/www.grandeportovinhos.com\/#website\",\"url\":\"https:\/\/www.grandeportovinhos.com\/\",\"name\":\"Grande Porto - Vinhos e Bebidas\",\"description\":\"\",\"publisher\":{\"@id\":\"https:\/\/www.grandeportovinhos.com\/#organization\"},\"potentialAction\":[{\"@type\":\"SearchAction\",\"target\":{\"@type\":\"EntryPoint\",\"urlTemplate\":\"https:\/\/www.grandeportovinhos.com\/?s={search_term_string}\"},\"query-input\":{\"@type\":\"PropertyValueSpecification\",\"valueRequired\":true,\"valueName\":\"search_term_string\"}}],\"inLanguage\":\"en-US\"},{\"@type\":\"Organization\",\"@id\":\"https:\/\/www.grandeportovinhos.com\/#organization\",\"name\":\"Grande Porto - Vinhos e Bebidas\",\"url\":\"https:\/\/www.grandeportovinhos.com\/\",\"logo\":{\"@type\":\"ImageObject\",\"inLanguage\":\"en-US\",\"@id\":\"https:\/\/www.grandeportovinhos.com\/#\/schema\/logo\/image\/\",\"url\":\"https:\/\/www.grandeportovinhos.com\/wp-content\/uploads\/2020\/10\/cropped-logo-GP.jpg\",\"contentUrl\":\"https:\/\/www.grandeportovinhos.com\/wp-content\/uploads\/2020\/10\/cropped-logo-GP.jpg\",\"width\":2559,\"height\":1626,\"caption\":\"Grande Porto - Vinhos e Bebidas\"},\"image\":{\"@id\":\"https:\/\/www.grandeportovinhos.com\/#\/schema\/logo\/image\/\"}}]}<\/script>\n<!-- \/ Yoast SEO plugin. -->","yoast_head_json":{"title":"Serras de L\u00e1 Reserva Encruzado  D\u00c3O - Grande Porto - Vinhos e Bebidas","description":"Serras de L\u00e1 Colheita Tinto \u00e9 um vinho\u00a0de cor carregada, que apresenta um estilo intenso e exuberante, , mas sempre atrativo e fresco.","robots":{"index":"index","follow":"follow","max-snippet":"max-snippet:-1","max-image-preview":"max-image-preview:large","max-video-preview":"max-video-preview:-1"},"canonical":"https:\/\/www.grandeportovinhos.com\/eng\/inicio\/loja\/loja\/vinhos\/serras-de-la-reserva-encruzado-dao\/","og_locale":"en_US","og_type":"article","og_title":"Serras de L\u00e1 Reserva Encruzado  D\u00c3O - Grande Porto - Vinhos e Bebidas","og_description":"Serras de L\u00e1 Colheita Tinto \u00e9 um vinho\u00a0de cor carregada, que apresenta um estilo intenso e exuberante, , mas sempre atrativo e fresco.","og_url":"https:\/\/www.grandeportovinhos.com\/eng\/inicio\/loja\/loja\/vinhos\/serras-de-la-reserva-encruzado-dao\/","og_site_name":"Grande Porto - Vinhos e Bebidas","article_modified_time":"2026-03-17T14:40:59+00:00","og_image":[{"width":300,"height":700,"url":"https:\/\/www.grandeportovinhos.com\/wp-content\/uploads\/2024\/07\/garrafa_serras-de-la-encruzado.png","type":"image\/png"}],"twitter_card":"summary_large_image","twitter_misc":{"Est. reading time":"2 minutes"},"schema":{"@context":"https:\/\/schema.org","@graph":[{"@type":"WebPage","@id":"https:\/\/www.grandeportovinhos.com\/inicio\/loja\/loja\/vinhos\/serras-de-la-reserva-encruzado-dao\/","url":"https:\/\/www.grandeportovinhos.com\/inicio\/loja\/loja\/vinhos\/serras-de-la-reserva-encruzado-dao\/","name":"Serras de L\u00e1 Reserva Encruzado D\u00c3O - Grande Porto - Vinhos e Bebidas","isPartOf":{"@id":"https:\/\/www.grandeportovinhos.com\/#website"},"primaryImageOfPage":{"@id":"https:\/\/www.grandeportovinhos.com\/inicio\/loja\/loja\/vinhos\/serras-de-la-reserva-encruzado-dao\/#primaryimage"},"image":{"@id":"https:\/\/www.grandeportovinhos.com\/inicio\/loja\/loja\/vinhos\/serras-de-la-reserva-encruzado-dao\/#primaryimage"},"thumbnailUrl":"https:\/\/www.grandeportovinhos.com\/wp-content\/uploads\/2024\/07\/garrafa_serras-de-la-encruzado.png","datePublished":"2024-07-18T08:30:58+00:00","dateModified":"2026-03-17T14:40:59+00:00","description":"Serras de L\u00e1 Colheita Tinto \u00e9 um vinho\u00a0de cor carregada, que apresenta um estilo intenso e exuberante, , mas sempre atrativo e fresco.","breadcrumb":{"@id":"https:\/\/www.grandeportovinhos.com\/inicio\/loja\/loja\/vinhos\/serras-de-la-reserva-encruzado-dao\/#breadcrumb"},"inLanguage":"en-US","potentialAction":[{"@type":"ReadAction","target":["https:\/\/www.grandeportovinhos.com\/inicio\/loja\/loja\/vinhos\/serras-de-la-reserva-encruzado-dao\/"]}]},{"@type":"ImageObject","inLanguage":"en-US","@id":"https:\/\/www.grandeportovinhos.com\/inicio\/loja\/loja\/vinhos\/serras-de-la-reserva-encruzado-dao\/#primaryimage","url":"https:\/\/www.grandeportovinhos.com\/wp-content\/uploads\/2024\/07\/garrafa_serras-de-la-encruzado.png","contentUrl":"https:\/\/www.grandeportovinhos.com\/wp-content\/uploads\/2024\/07\/garrafa_serras-de-la-encruzado.png","width":300,"height":700,"caption":"Serras de L\u00e1 Reserva Encruzado"},{"@type":"BreadcrumbList","@id":"https:\/\/www.grandeportovinhos.com\/inicio\/loja\/loja\/vinhos\/serras-de-la-reserva-encruzado-dao\/#breadcrumb","itemListElement":[{"@type":"ListItem","position":1,"name":"In\u00edcio","item":"https:\/\/www.grandeportovinhos.com\/"},{"@type":"ListItem","position":2,"name":"LOJA","item":"https:\/\/www.grandeportovinhos.com\/loja\/"},{"@type":"ListItem","position":3,"name":"LOJA","item":"https:\/\/www.grandeportovinhos.com\/product-category\/loja\/"},{"@type":"ListItem","position":4,"name":"VINHOS","item":"https:\/\/www.grandeportovinhos.com\/product-category\/loja\/vinhos\/"},{"@type":"ListItem","position":5,"name":"Serras de L\u00e1 Reserva Encruzado D\u00c3O"}]},{"@type":"WebSite","@id":"https:\/\/www.grandeportovinhos.com\/#website","url":"https:\/\/www.grandeportovinhos.com\/","name":"Grande Porto - Vinhos e Bebidas","description":"","publisher":{"@id":"https:\/\/www.grandeportovinhos.com\/#organization"},"potentialAction":[{"@type":"SearchAction","target":{"@type":"EntryPoint","urlTemplate":"https:\/\/www.grandeportovinhos.com\/?s={search_term_string}"},"query-input":{"@type":"PropertyValueSpecification","valueRequired":true,"valueName":"search_term_string"}}],"inLanguage":"en-US"},{"@type":"Organization","@id":"https:\/\/www.grandeportovinhos.com\/#organization","name":"Grande Porto - Vinhos e Bebidas","url":"https:\/\/www.grandeportovinhos.com\/","logo":{"@type":"ImageObject","inLanguage":"en-US","@id":"https:\/\/www.grandeportovinhos.com\/#\/schema\/logo\/image\/","url":"https:\/\/www.grandeportovinhos.com\/wp-content\/uploads\/2020\/10\/cropped-logo-GP.jpg","contentUrl":"https:\/\/www.grandeportovinhos.com\/wp-content\/uploads\/2020\/10\/cropped-logo-GP.jpg","width":2559,"height":1626,"caption":"Grande Porto - Vinhos e Bebidas"},"image":{"@id":"https:\/\/www.grandeportovinhos.com\/#\/schema\/logo\/image\/"}}]}},"_links":{"self":[{"href":"https:\/\/www.grandeportovinhos.com\/eng\/wp-json\/wp\/v2\/product\/37548"}],"collection":[{"href":"https:\/\/www.grandeportovinhos.com\/eng\/wp-json\/wp\/v2\/product"}],"about":[{"href":"https:\/\/www.grandeportovinhos.com\/eng\/wp-json\/wp\/v2\/types\/product"}],"replies":[{"embeddable":true,"href":"https:\/\/www.grandeportovinhos.com\/eng\/wp-json\/wp\/v2\/comments?post=37548"}],"wp:featuredmedia":[{"embeddable":true,"href":"https:\/\/www.grandeportovinhos.com\/eng\/wp-json\/wp\/v2\/media\/37515"}],"wp:attachment":[{"href":"https:\/\/www.grandeportovinhos.com\/eng\/wp-json\/wp\/v2\/media?parent=37548"}],"wp:term":[{"taxonomy":"product_brand","embeddable":true,"href":"https:\/\/www.grandeportovinhos.com\/eng\/wp-json\/wp\/v2\/product_brand?post=37548"},{"taxonomy":"product_cat","embeddable":true,"href":"https:\/\/www.grandeportovinhos.com\/eng\/wp-json\/wp\/v2\/product_cat?post=37548"},{"taxonomy":"product_tag","embeddable":true,"href":"https:\/\/www.grandeportovinhos.com\/eng\/wp-json\/wp\/v2\/product_tag?post=37548"}],"curies":[{"name":"wp","href":"https:\/\/api.w.org\/{rel}","templated":true}]}}