{"id":37018,"date":"2022-07-14T09:33:35","date_gmt":"2022-07-14T09:33:35","guid":{"rendered":"https:\/\/www.grandeportovinhos.com\/?post_type=product&#038;p=37018"},"modified":"2024-07-17T14:05:11","modified_gmt":"2024-07-17T14:05:11","slug":"ingin-pack-pink","status":"publish","type":"product","link":"https:\/\/www.grandeportovinhos.com\/eng\/inicio\/loja\/loja\/destilados-e-espirituosas\/ingin-pack-pink\/","title":{"rendered":"InGin Pack Pink &#8211; InGin Gin + Bot\u00e2nicos Pink"},"content":{"rendered":"<p class=\"translation-block\">The <strong>InGin Pack Pink<\/strong> consists of two products \u2013 accompanying the InGin gin you can find a package with 4 botanicals (Dried Blueberry, Rose Petals, Hibiscus Flower, Pink Pepper) specially selected to enhance the flavor of the gin.<\/p>\n<p class=\"translation-block\">The <strong> Ingin <\/strong>  is developed with 8 herbs carefully selected and artfully harmonized, capturing the Azorean essence with delicate notes of pineapple, one of the symbols of the region. It is a gin that immerses you in a range of incomparable flavors, unique characteristics and recognized quality, so that you enter into a differentiated, unique and profound experience, creating unforgettable memories. The unique richness of the Azorean essence celebrated in a unique gin, InGin.<\/p>\n<p>Currently a symbol of the Azores, the pineapple was introduced to the archipelago in the mid-19th\ncentury as a purely ornamental plant. Being an expensive, rare and exotic fruit, at that time it was\ngenerally associated with prestige and luxury.\nOver time, the pineapple has established itself as a high-yielding crop for the island. The cultivation\nmethod of the Azorean pineapple is unique in the world and its commercialization process goes\nthrough strict quality standards, being a differentiated fruit with a harmonious appearance.\nInGin was developed based on the essence of the Azorean pineapple and the way it was introduced in\nthe archipelago. The richness and refinement that define InGin's image are complemented by its\nsplendid taste, making it a unique gin of unbeatable quality. Thus was born the slogan \"Ornate in\nluxury, Splendid in flavor\".<\/p>\n<p>Herbs: Juniper, Coriander Seed, Angelica, Cassia, Grapefruit, Rosemary, Pineapple, Clove<br \/>\nAlcohol Content: 43%<\/p>\n<p>&nbsp;<\/p>\n<p class=\"translation-block\">The\u00a0<strong>Bot\u00e2nicos InGin<\/strong>\u00a0<strong>Pink<\/strong>\u00a0contain Dehydrated Blueberry (Portugal), Rose Petals (Spain), Hibiscus Flower (India), Pink Pepper (Brazil), and offers an amazing flavor experience when added to gin.<\/p>\n<ul>\n<li>Dried blueberries \u2013 they infuse a much more concentrated flavor than fresh blueberries, as they rehydrate and release a subtle, fruity sweetness into the gin.<\/li>\n<li>Rose Petals \u2013 offers a wide variety of nuances and becomes a classic. Its subtlety and depth make it a unique botanical whose aroma enriches all types of presentations.<\/li>\n<li>Hibiscus Flower \u2013 gives the gin a berry\/jam flavor that is less delicate and much more robust than other floral botanicals.<\/li>\n<li>Pink Pepper \u2013 with a slightly spicy and sweet taste, it provides a delicate touch to your gin.<\/li>\n<\/ul>\n<p>&nbsp;<\/p>\n<p class=\"translation-block\">The <strong>Ingin Pack Pink<\/strong> was designed for gin lovers who want a differentiated experience, splendorous in flavor, of recognized quality and that celebrates the Azorean essence. It's still a great gift giveaway.<\/p>","protected":false},"excerpt":{"rendered":"<p>ORNATED IN REFINEMENT, SPLENDID IN TASTE.<\/p>\n<p><strong>Color\/Type<\/strong>: Gin<br \/>\n<strong>Volume<\/strong>: 700 mL<\/p>\n<p><strong>Bot\u00e2nicos:<\/strong>\u00a045 g<\/p>","protected":false},"featured_media":37015,"comment_status":"open","ping_status":"closed","template":"","meta":{"ocean_post_layout":"full-width","ocean_both_sidebars_style":"","ocean_both_sidebars_content_width":0,"ocean_both_sidebars_sidebars_width":0,"ocean_sidebar":"0","ocean_second_sidebar":"0","ocean_disable_margins":"enable","ocean_add_body_class":"","ocean_shortcode_before_top_bar":"","ocean_shortcode_after_top_bar":"","ocean_shortcode_before_header":"","ocean_shortcode_after_header":"","ocean_has_shortcode":"","ocean_shortcode_after_title":"","ocean_shortcode_before_footer_widgets":"","ocean_shortcode_after_footer_widgets":"","ocean_shortcode_before_footer_bottom":"","ocean_shortcode_after_footer_bottom":"","ocean_display_top_bar":"default","ocean_display_header":"default","ocean_header_style":"","ocean_center_header_left_menu":"0","ocean_custom_header_template":"0","ocean_custom_logo":0,"ocean_custom_retina_logo":0,"ocean_custom_logo_max_width":0,"ocean_custom_logo_tablet_max_width":0,"ocean_custom_logo_mobile_max_width":0,"ocean_custom_logo_max_height":0,"ocean_custom_logo_tablet_max_height":0,"ocean_custom_logo_mobile_max_height":0,"ocean_header_custom_menu":"0","ocean_menu_typo_font_family":"0","ocean_menu_typo_font_subset":"","ocean_menu_typo_font_size":0,"ocean_menu_typo_font_size_tablet":0,"ocean_menu_typo_font_size_mobile":0,"ocean_menu_typo_font_size_unit":"px","ocean_menu_typo_font_weight":"","ocean_menu_typo_font_weight_tablet":"","ocean_menu_typo_font_weight_mobile":"","ocean_menu_typo_transform":"","ocean_menu_typo_transform_tablet":"","ocean_menu_typo_transform_mobile":"","ocean_menu_typo_line_height":0,"ocean_menu_typo_line_height_tablet":0,"ocean_menu_typo_line_height_mobile":0,"ocean_menu_typo_line_height_unit":"","ocean_menu_typo_spacing":0,"ocean_menu_typo_spacing_tablet":0,"ocean_menu_typo_spacing_mobile":0,"ocean_menu_typo_spacing_unit":"","ocean_menu_link_color":"","ocean_menu_link_color_hover":"","ocean_menu_link_color_active":"","ocean_menu_link_background":"","ocean_menu_link_hover_background":"","ocean_menu_link_active_background":"","ocean_menu_social_links_bg":"","ocean_menu_social_hover_links_bg":"","ocean_menu_social_links_color":"","ocean_menu_social_hover_links_color":"","ocean_disable_title":"default","ocean_disable_heading":"default","ocean_post_title":"","ocean_post_subheading":"","ocean_post_title_style":"","ocean_post_title_background_color":"","ocean_post_title_background":0,"ocean_post_title_bg_image_position":"","ocean_post_title_bg_image_attachment":"","ocean_post_title_bg_image_repeat":"","ocean_post_title_bg_image_size":"","ocean_post_title_height":0,"ocean_post_title_bg_overlay":0.5,"ocean_post_title_bg_overlay_color":"","ocean_disable_breadcrumbs":"default","ocean_breadcrumbs_color":"","ocean_breadcrumbs_separator_color":"","ocean_breadcrumbs_links_color":"","ocean_breadcrumbs_links_hover_color":"","ocean_display_footer_widgets":"default","ocean_display_footer_bottom":"default","ocean_custom_footer_template":"0"},"product_brand":[],"product_cat":[89,96],"product_tag":[2660,140],"class_list":{"0":"post-37018","1":"product","2":"type-product","3":"status-publish","4":"has-post-thumbnail","6":"product_cat-destilados-e-espirituosas","7":"product_cat-especiarias","8":"product_tag-botanicos-gin","9":"product_tag-gin","11":"entry","12":"has-media","14":"first","15":"instock","16":"taxable","17":"shipping-taxable","18":"purchasable","19":"product-type-simple","20":"has-product-nav","21":"col","22":"span_1_of_4","23":"owp-content-center","24":"owp-thumbs-layout-horizontal","25":"owp-btn-normal","26":"owp-tabs-layout-vertical","27":"has-no-thumbnails"},"yoast_head":"<!-- This site is optimized with the Yoast SEO plugin v24.4 - https:\/\/yoast.com\/wordpress\/plugins\/seo\/ -->\n<title>InGin Pack Pink - InGin Gin + Bot\u00e2nicos Pink - Grande Porto<\/title>\n<meta name=\"description\" content=\"O InGin Pack Pink \u00e9 composto por gin InGin e embalagem com 4 bot\u00e2nicos (Mirtilo desidratado, P\u00e9talas de Rosa, Flor de Hibisco, Pimenta Rosa).\" \/>\n<meta name=\"robots\" content=\"index, follow, max-snippet:-1, max-image-preview:large, max-video-preview:-1\" \/>\n<link rel=\"canonical\" href=\"https:\/\/www.grandeportovinhos.com\/eng\/inicio\/loja\/loja\/destilados-e-espirituosas\/ingin-pack-pink\/\" \/>\n<meta property=\"og:locale\" content=\"en_US\" \/>\n<meta property=\"og:type\" content=\"article\" \/>\n<meta property=\"og:title\" content=\"InGin Pack Pink - InGin Gin + Bot\u00e2nicos Pink - Grande Porto\" \/>\n<meta property=\"og:description\" content=\"O InGin Pack Pink \u00e9 composto por gin InGin e embalagem com 4 bot\u00e2nicos (Mirtilo desidratado, P\u00e9talas de Rosa, Flor de Hibisco, Pimenta Rosa).\" \/>\n<meta property=\"og:url\" content=\"https:\/\/www.grandeportovinhos.com\/eng\/inicio\/loja\/loja\/destilados-e-espirituosas\/ingin-pack-pink\/\" \/>\n<meta property=\"og:site_name\" content=\"Grande Porto - Vinhos e Bebidas\" \/>\n<meta property=\"article:modified_time\" content=\"2024-07-17T14:05:11+00:00\" \/>\n<meta property=\"og:image\" content=\"https:\/\/www.grandeportovinhos.com\/wp-content\/uploads\/2022\/07\/gp507842-ingin-pack-1.jpg\" \/>\n\t<meta property=\"og:image:width\" content=\"300\" \/>\n\t<meta property=\"og:image:height\" content=\"700\" \/>\n\t<meta property=\"og:image:type\" content=\"image\/jpeg\" \/>\n<meta name=\"twitter:card\" content=\"summary_large_image\" \/>\n<meta name=\"twitter:label1\" content=\"Est. reading time\" \/>\n\t<meta name=\"twitter:data1\" content=\"2 minutes\" \/>\n<script type=\"application\/ld+json\" class=\"yoast-schema-graph\">{\"@context\":\"https:\/\/schema.org\",\"@graph\":[{\"@type\":\"WebPage\",\"@id\":\"https:\/\/www.grandeportovinhos.com\/inicio\/loja\/loja\/destilados-e-espirituosas\/ingin-pack-pink\/\",\"url\":\"https:\/\/www.grandeportovinhos.com\/inicio\/loja\/loja\/destilados-e-espirituosas\/ingin-pack-pink\/\",\"name\":\"InGin Pack Pink - InGin Gin + Bot\u00e2nicos Pink - Grande Porto\",\"isPartOf\":{\"@id\":\"https:\/\/www.grandeportovinhos.com\/#website\"},\"primaryImageOfPage\":{\"@id\":\"https:\/\/www.grandeportovinhos.com\/inicio\/loja\/loja\/destilados-e-espirituosas\/ingin-pack-pink\/#primaryimage\"},\"image\":{\"@id\":\"https:\/\/www.grandeportovinhos.com\/inicio\/loja\/loja\/destilados-e-espirituosas\/ingin-pack-pink\/#primaryimage\"},\"thumbnailUrl\":\"https:\/\/www.grandeportovinhos.com\/wp-content\/uploads\/2022\/07\/gp507842-ingin-pack-1.jpg\",\"datePublished\":\"2022-07-14T09:33:35+00:00\",\"dateModified\":\"2024-07-17T14:05:11+00:00\",\"description\":\"O InGin Pack Pink \u00e9 composto por gin InGin e embalagem com 4 bot\u00e2nicos (Mirtilo desidratado, P\u00e9talas de Rosa, Flor de Hibisco, Pimenta Rosa).\",\"breadcrumb\":{\"@id\":\"https:\/\/www.grandeportovinhos.com\/inicio\/loja\/loja\/destilados-e-espirituosas\/ingin-pack-pink\/#breadcrumb\"},\"inLanguage\":\"en-US\",\"potentialAction\":[{\"@type\":\"ReadAction\",\"target\":[\"https:\/\/www.grandeportovinhos.com\/inicio\/loja\/loja\/destilados-e-espirituosas\/ingin-pack-pink\/\"]}]},{\"@type\":\"ImageObject\",\"inLanguage\":\"en-US\",\"@id\":\"https:\/\/www.grandeportovinhos.com\/inicio\/loja\/loja\/destilados-e-espirituosas\/ingin-pack-pink\/#primaryimage\",\"url\":\"https:\/\/www.grandeportovinhos.com\/wp-content\/uploads\/2022\/07\/gp507842-ingin-pack-1.jpg\",\"contentUrl\":\"https:\/\/www.grandeportovinhos.com\/wp-content\/uploads\/2022\/07\/gp507842-ingin-pack-1.jpg\",\"width\":300,\"height\":700,\"caption\":\"InGin Pack - InGin Gin + Bot\u00e2nicos pink\"},{\"@type\":\"BreadcrumbList\",\"@id\":\"https:\/\/www.grandeportovinhos.com\/inicio\/loja\/loja\/destilados-e-espirituosas\/ingin-pack-pink\/#breadcrumb\",\"itemListElement\":[{\"@type\":\"ListItem\",\"position\":1,\"name\":\"In\u00edcio\",\"item\":\"https:\/\/www.grandeportovinhos.com\/\"},{\"@type\":\"ListItem\",\"position\":2,\"name\":\"LOJA\",\"item\":\"https:\/\/www.grandeportovinhos.com\/loja\/\"},{\"@type\":\"ListItem\",\"position\":3,\"name\":\"LOJA\",\"item\":\"https:\/\/www.grandeportovinhos.com\/product-category\/loja\/\"},{\"@type\":\"ListItem\",\"position\":4,\"name\":\"DESTILADOS E ESPIRITUOSAS\",\"item\":\"https:\/\/www.grandeportovinhos.com\/product-category\/loja\/destilados-e-espirituosas\/\"},{\"@type\":\"ListItem\",\"position\":5,\"name\":\"InGin Pack Pink &#8211; InGin Gin + Bot\u00e2nicos Pink\"}]},{\"@type\":\"WebSite\",\"@id\":\"https:\/\/www.grandeportovinhos.com\/#website\",\"url\":\"https:\/\/www.grandeportovinhos.com\/\",\"name\":\"Grande Porto - Vinhos e Bebidas\",\"description\":\"\",\"publisher\":{\"@id\":\"https:\/\/www.grandeportovinhos.com\/#organization\"},\"potentialAction\":[{\"@type\":\"SearchAction\",\"target\":{\"@type\":\"EntryPoint\",\"urlTemplate\":\"https:\/\/www.grandeportovinhos.com\/?s={search_term_string}\"},\"query-input\":{\"@type\":\"PropertyValueSpecification\",\"valueRequired\":true,\"valueName\":\"search_term_string\"}}],\"inLanguage\":\"en-US\"},{\"@type\":\"Organization\",\"@id\":\"https:\/\/www.grandeportovinhos.com\/#organization\",\"name\":\"Grande Porto - Vinhos e Bebidas\",\"url\":\"https:\/\/www.grandeportovinhos.com\/\",\"logo\":{\"@type\":\"ImageObject\",\"inLanguage\":\"en-US\",\"@id\":\"https:\/\/www.grandeportovinhos.com\/#\/schema\/logo\/image\/\",\"url\":\"https:\/\/www.grandeportovinhos.com\/wp-content\/uploads\/2020\/10\/cropped-logo-GP.jpg\",\"contentUrl\":\"https:\/\/www.grandeportovinhos.com\/wp-content\/uploads\/2020\/10\/cropped-logo-GP.jpg\",\"width\":2559,\"height\":1626,\"caption\":\"Grande Porto - Vinhos e Bebidas\"},\"image\":{\"@id\":\"https:\/\/www.grandeportovinhos.com\/#\/schema\/logo\/image\/\"}}]}<\/script>\n<!-- \/ Yoast SEO plugin. -->","yoast_head_json":{"title":"InGin Pack Pink - InGin Gin + Bot\u00e2nicos Pink - Grande Porto","description":"O InGin Pack Pink \u00e9 composto por gin InGin e embalagem com 4 bot\u00e2nicos (Mirtilo desidratado, P\u00e9talas de Rosa, Flor de Hibisco, Pimenta Rosa).","robots":{"index":"index","follow":"follow","max-snippet":"max-snippet:-1","max-image-preview":"max-image-preview:large","max-video-preview":"max-video-preview:-1"},"canonical":"https:\/\/www.grandeportovinhos.com\/eng\/inicio\/loja\/loja\/destilados-e-espirituosas\/ingin-pack-pink\/","og_locale":"en_US","og_type":"article","og_title":"InGin Pack Pink - InGin Gin + Bot\u00e2nicos Pink - Grande Porto","og_description":"O InGin Pack Pink \u00e9 composto por gin InGin e embalagem com 4 bot\u00e2nicos (Mirtilo desidratado, P\u00e9talas de Rosa, Flor de Hibisco, Pimenta Rosa).","og_url":"https:\/\/www.grandeportovinhos.com\/eng\/inicio\/loja\/loja\/destilados-e-espirituosas\/ingin-pack-pink\/","og_site_name":"Grande Porto - Vinhos e Bebidas","article_modified_time":"2024-07-17T14:05:11+00:00","og_image":[{"width":300,"height":700,"url":"https:\/\/www.grandeportovinhos.com\/wp-content\/uploads\/2022\/07\/gp507842-ingin-pack-1.jpg","type":"image\/jpeg"}],"twitter_card":"summary_large_image","twitter_misc":{"Est. reading time":"2 minutes"},"schema":{"@context":"https:\/\/schema.org","@graph":[{"@type":"WebPage","@id":"https:\/\/www.grandeportovinhos.com\/inicio\/loja\/loja\/destilados-e-espirituosas\/ingin-pack-pink\/","url":"https:\/\/www.grandeportovinhos.com\/inicio\/loja\/loja\/destilados-e-espirituosas\/ingin-pack-pink\/","name":"InGin Pack Pink - InGin Gin + Bot\u00e2nicos Pink - Grande Porto","isPartOf":{"@id":"https:\/\/www.grandeportovinhos.com\/#website"},"primaryImageOfPage":{"@id":"https:\/\/www.grandeportovinhos.com\/inicio\/loja\/loja\/destilados-e-espirituosas\/ingin-pack-pink\/#primaryimage"},"image":{"@id":"https:\/\/www.grandeportovinhos.com\/inicio\/loja\/loja\/destilados-e-espirituosas\/ingin-pack-pink\/#primaryimage"},"thumbnailUrl":"https:\/\/www.grandeportovinhos.com\/wp-content\/uploads\/2022\/07\/gp507842-ingin-pack-1.jpg","datePublished":"2022-07-14T09:33:35+00:00","dateModified":"2024-07-17T14:05:11+00:00","description":"O InGin Pack Pink \u00e9 composto por gin InGin e embalagem com 4 bot\u00e2nicos (Mirtilo desidratado, P\u00e9talas de Rosa, Flor de Hibisco, Pimenta Rosa).","breadcrumb":{"@id":"https:\/\/www.grandeportovinhos.com\/inicio\/loja\/loja\/destilados-e-espirituosas\/ingin-pack-pink\/#breadcrumb"},"inLanguage":"en-US","potentialAction":[{"@type":"ReadAction","target":["https:\/\/www.grandeportovinhos.com\/inicio\/loja\/loja\/destilados-e-espirituosas\/ingin-pack-pink\/"]}]},{"@type":"ImageObject","inLanguage":"en-US","@id":"https:\/\/www.grandeportovinhos.com\/inicio\/loja\/loja\/destilados-e-espirituosas\/ingin-pack-pink\/#primaryimage","url":"https:\/\/www.grandeportovinhos.com\/wp-content\/uploads\/2022\/07\/gp507842-ingin-pack-1.jpg","contentUrl":"https:\/\/www.grandeportovinhos.com\/wp-content\/uploads\/2022\/07\/gp507842-ingin-pack-1.jpg","width":300,"height":700,"caption":"InGin Pack - InGin Gin + Bot\u00e2nicos pink"},{"@type":"BreadcrumbList","@id":"https:\/\/www.grandeportovinhos.com\/inicio\/loja\/loja\/destilados-e-espirituosas\/ingin-pack-pink\/#breadcrumb","itemListElement":[{"@type":"ListItem","position":1,"name":"In\u00edcio","item":"https:\/\/www.grandeportovinhos.com\/"},{"@type":"ListItem","position":2,"name":"LOJA","item":"https:\/\/www.grandeportovinhos.com\/loja\/"},{"@type":"ListItem","position":3,"name":"LOJA","item":"https:\/\/www.grandeportovinhos.com\/product-category\/loja\/"},{"@type":"ListItem","position":4,"name":"DESTILADOS E ESPIRITUOSAS","item":"https:\/\/www.grandeportovinhos.com\/product-category\/loja\/destilados-e-espirituosas\/"},{"@type":"ListItem","position":5,"name":"InGin Pack Pink &#8211; InGin Gin + Bot\u00e2nicos Pink"}]},{"@type":"WebSite","@id":"https:\/\/www.grandeportovinhos.com\/#website","url":"https:\/\/www.grandeportovinhos.com\/","name":"Grande Porto - Vinhos e Bebidas","description":"","publisher":{"@id":"https:\/\/www.grandeportovinhos.com\/#organization"},"potentialAction":[{"@type":"SearchAction","target":{"@type":"EntryPoint","urlTemplate":"https:\/\/www.grandeportovinhos.com\/?s={search_term_string}"},"query-input":{"@type":"PropertyValueSpecification","valueRequired":true,"valueName":"search_term_string"}}],"inLanguage":"en-US"},{"@type":"Organization","@id":"https:\/\/www.grandeportovinhos.com\/#organization","name":"Grande Porto - Vinhos e Bebidas","url":"https:\/\/www.grandeportovinhos.com\/","logo":{"@type":"ImageObject","inLanguage":"en-US","@id":"https:\/\/www.grandeportovinhos.com\/#\/schema\/logo\/image\/","url":"https:\/\/www.grandeportovinhos.com\/wp-content\/uploads\/2020\/10\/cropped-logo-GP.jpg","contentUrl":"https:\/\/www.grandeportovinhos.com\/wp-content\/uploads\/2020\/10\/cropped-logo-GP.jpg","width":2559,"height":1626,"caption":"Grande Porto - Vinhos e Bebidas"},"image":{"@id":"https:\/\/www.grandeportovinhos.com\/#\/schema\/logo\/image\/"}}]}},"_links":{"self":[{"href":"https:\/\/www.grandeportovinhos.com\/eng\/wp-json\/wp\/v2\/product\/37018"}],"collection":[{"href":"https:\/\/www.grandeportovinhos.com\/eng\/wp-json\/wp\/v2\/product"}],"about":[{"href":"https:\/\/www.grandeportovinhos.com\/eng\/wp-json\/wp\/v2\/types\/product"}],"replies":[{"embeddable":true,"href":"https:\/\/www.grandeportovinhos.com\/eng\/wp-json\/wp\/v2\/comments?post=37018"}],"wp:featuredmedia":[{"embeddable":true,"href":"https:\/\/www.grandeportovinhos.com\/eng\/wp-json\/wp\/v2\/media\/37015"}],"wp:attachment":[{"href":"https:\/\/www.grandeportovinhos.com\/eng\/wp-json\/wp\/v2\/media?parent=37018"}],"wp:term":[{"taxonomy":"product_brand","embeddable":true,"href":"https:\/\/www.grandeportovinhos.com\/eng\/wp-json\/wp\/v2\/product_brand?post=37018"},{"taxonomy":"product_cat","embeddable":true,"href":"https:\/\/www.grandeportovinhos.com\/eng\/wp-json\/wp\/v2\/product_cat?post=37018"},{"taxonomy":"product_tag","embeddable":true,"href":"https:\/\/www.grandeportovinhos.com\/eng\/wp-json\/wp\/v2\/product_tag?post=37018"}],"curies":[{"name":"wp","href":"https:\/\/api.w.org\/{rel}","templated":true}]}}