{"id":1568,"date":"2020-12-17T17:08:29","date_gmt":"2020-12-17T17:08:29","guid":{"rendered":"https:\/\/www.grandeportovinhos.com\/?post_type=product&#038;p=1568"},"modified":"2024-09-09T09:35:40","modified_gmt":"2024-09-09T09:35:40","slug":"montes-de-la-reserva-tinto","status":"publish","type":"product","link":"https:\/\/www.grandeportovinhos.com\/eng\/inicio\/loja\/loja\/vinhos\/montes-de-la-reserva-tinto\/","title":{"rendered":"Red Reserve Montes de L\u00e1 <br> ALENTEJO"},"content":{"rendered":"<p>The exquisite characteristics of <strong>Red Reserve Montes de L\u00e1<\/strong> turn it an exceptional wine. Its notes of elegance are only a sample of what Alto Alentejo region can offer.<\/p>\n<p><strong>C\u00e9page:<\/strong> Alicante Bouschet, Cabernet Sauvignon e Syrah<br \/>\n<strong>Production Method:\u00a0<\/strong>Bunches were manually harvested into 25 kg boxes. At the entrance to the cellar, they are completely destemmed and will ferment in conical vats. The batch was then placed in new French and American oak barrels where it aged for 8 months, followed by 6 months in the bottle.<br \/>\n<strong>Tasting Note:\u00a0<\/strong>Cor granada intensa, com notas de frutos do bosque complementado com sensa\u00e7\u00f5es de tosta e fumados. Na boca \u00e9 um alentejano estruturado de finos taninos e longa persist\u00eancia.<br \/>\n<strong>Suggestion:\u00a0<\/strong>Consumption at 16\u00b0C is recommended. Ideal to accompany roast meats, risotto and dishes based on ham and sausages.<\/p>\n<p><strong>Characteristics of Reserve Montes de L\u00e1 - Red:<\/strong><br \/>\nTeor Alco\u00f3lico:15,5% vol.<br \/>\nAcidez Total:5,4 g\/L<br \/>\nAcidez Vol\u00e1til:0,6 g\/L<br \/>\npH:3,6<br \/>\nA\u00e7\u00facar Total:0,8 g\/L<\/p>\n<figure id=\"attachment_541\" aria-describedby=\"caption-attachment-541\" style=\"width: 120px\" class=\"wp-caption alignnone\"><a href=\"https:\/\/www.grandeportovinhos.com\/eng\/inicio\/premios\/\"><img decoding=\"async\" class=\"wp-image-541 size-full\" src=\"https:\/\/www.grandeportovinhos.com\/wp-content\/uploads\/2019\/02\/medalha_generica_120X120.jpg\" alt=\"Medalha\" width=\"120\" height=\"120\" srcset=\"https:\/\/www.grandeportovinhos.com\/wp-content\/uploads\/2019\/02\/medalha_generica_120X120.jpg 120w, https:\/\/www.grandeportovinhos.com\/wp-content\/uploads\/2019\/02\/medalha_generica_120X120-100x100.jpg 100w, https:\/\/www.grandeportovinhos.com\/wp-content\/uploads\/2019\/02\/medalha_generica_120X120-45x45.jpg 45w\" sizes=\"(max-width: 120px) 100vw, 120px\" \/><\/a><figcaption id=\"caption-attachment-541\" class=\"wp-caption-text\">AWARD WINNING<\/figcaption><\/figure>","protected":false},"excerpt":{"rendered":"<p><strong>Color\/Type<\/strong>: Red Wine<br \/>\n<strong>Volume<\/strong>: 750 ml<br \/>\n<strong>Region:<\/strong>\u00a0Avis<br \/>\n<strong>Enologist:<\/strong>\u00a0David Patr\u00edcio<\/p>","protected":false},"featured_media":37555,"comment_status":"open","ping_status":"closed","template":"","meta":{"ocean_post_layout":"","ocean_both_sidebars_style":"","ocean_both_sidebars_content_width":0,"ocean_both_sidebars_sidebars_width":0,"ocean_sidebar":"0","ocean_second_sidebar":"0","ocean_disable_margins":"enable","ocean_add_body_class":"","ocean_shortcode_before_top_bar":"","ocean_shortcode_after_top_bar":"","ocean_shortcode_before_header":"","ocean_shortcode_after_header":"","ocean_has_shortcode":"","ocean_shortcode_after_title":"","ocean_shortcode_before_footer_widgets":"","ocean_shortcode_after_footer_widgets":"","ocean_shortcode_before_footer_bottom":"","ocean_shortcode_after_footer_bottom":"","ocean_display_top_bar":"default","ocean_display_header":"default","ocean_header_style":"","ocean_center_header_left_menu":"0","ocean_custom_header_template":"0","ocean_custom_logo":0,"ocean_custom_retina_logo":0,"ocean_custom_logo_max_width":0,"ocean_custom_logo_tablet_max_width":0,"ocean_custom_logo_mobile_max_width":0,"ocean_custom_logo_max_height":0,"ocean_custom_logo_tablet_max_height":0,"ocean_custom_logo_mobile_max_height":0,"ocean_header_custom_menu":"0","ocean_menu_typo_font_family":"0","ocean_menu_typo_font_subset":"","ocean_menu_typo_font_size":0,"ocean_menu_typo_font_size_tablet":0,"ocean_menu_typo_font_size_mobile":0,"ocean_menu_typo_font_size_unit":"px","ocean_menu_typo_font_weight":"","ocean_menu_typo_font_weight_tablet":"","ocean_menu_typo_font_weight_mobile":"","ocean_menu_typo_transform":"","ocean_menu_typo_transform_tablet":"","ocean_menu_typo_transform_mobile":"","ocean_menu_typo_line_height":0,"ocean_menu_typo_line_height_tablet":0,"ocean_menu_typo_line_height_mobile":0,"ocean_menu_typo_line_height_unit":"","ocean_menu_typo_spacing":0,"ocean_menu_typo_spacing_tablet":0,"ocean_menu_typo_spacing_mobile":0,"ocean_menu_typo_spacing_unit":"","ocean_menu_link_color":"","ocean_menu_link_color_hover":"","ocean_menu_link_color_active":"","ocean_menu_link_background":"","ocean_menu_link_hover_background":"","ocean_menu_link_active_background":"","ocean_menu_social_links_bg":"","ocean_menu_social_hover_links_bg":"","ocean_menu_social_links_color":"","ocean_menu_social_hover_links_color":"","ocean_disable_title":"default","ocean_disable_heading":"default","ocean_post_title":"","ocean_post_subheading":"","ocean_post_title_style":"","ocean_post_title_background_color":"","ocean_post_title_background":0,"ocean_post_title_bg_image_position":"","ocean_post_title_bg_image_attachment":"","ocean_post_title_bg_image_repeat":"","ocean_post_title_bg_image_size":"","ocean_post_title_height":0,"ocean_post_title_bg_overlay":0.5,"ocean_post_title_bg_overlay_color":"","ocean_disable_breadcrumbs":"default","ocean_breadcrumbs_color":"","ocean_breadcrumbs_separator_color":"","ocean_breadcrumbs_links_color":"","ocean_breadcrumbs_links_hover_color":"","ocean_display_footer_widgets":"default","ocean_display_footer_bottom":"default","ocean_custom_footer_template":"0"},"product_brand":[],"product_cat":[81,84],"product_tag":[98],"class_list":{"0":"post-1568","1":"product","2":"type-product","3":"status-publish","4":"has-post-thumbnail","6":"product_cat-vinhos","7":"product_cat-montes-de-la","8":"product_tag-tinto","10":"entry","11":"has-media","13":"first","14":"instock","15":"taxable","16":"shipping-taxable","17":"purchasable","18":"product-type-simple","19":"has-product-nav","20":"col","21":"span_1_of_4","22":"owp-content-center","23":"owp-thumbs-layout-horizontal","24":"owp-btn-normal","25":"owp-tabs-layout-vertical","26":"has-no-thumbnails"},"yoast_head":"<!-- This site is optimized with the Yoast SEO plugin v24.4 - https:\/\/yoast.com\/wordpress\/plugins\/seo\/ -->\n<title>Montes de L\u00e1 Reserva Tinto  ALENTEJO - Grande Porto - Vinhos e Bebidas<\/title>\n<meta name=\"description\" content=\"Montes de L\u00e1 Reserva Tinto\u00a0exprime, atrav\u00e9s das suas notas de eleg\u00e2ncia, uma frui\u00e7\u00e3o \u00fanica do que o Alto Alentejo\u00a0pode oferecer.\" \/>\n<meta name=\"robots\" content=\"index, follow, max-snippet:-1, max-image-preview:large, max-video-preview:-1\" \/>\n<link rel=\"canonical\" href=\"https:\/\/www.grandeportovinhos.com\/eng\/inicio\/loja\/loja\/vinhos\/montes-de-la-reserva-tinto\/\" \/>\n<meta property=\"og:locale\" content=\"en_US\" \/>\n<meta property=\"og:type\" content=\"article\" \/>\n<meta property=\"og:title\" content=\"Montes de L\u00e1 Reserva Tinto  ALENTEJO - Grande Porto - Vinhos e Bebidas\" \/>\n<meta property=\"og:description\" content=\"Montes de L\u00e1 Reserva Tinto\u00a0exprime, atrav\u00e9s das suas notas de eleg\u00e2ncia, uma frui\u00e7\u00e3o \u00fanica do que o Alto Alentejo\u00a0pode oferecer.\" \/>\n<meta property=\"og:url\" content=\"https:\/\/www.grandeportovinhos.com\/eng\/inicio\/loja\/loja\/vinhos\/montes-de-la-reserva-tinto\/\" \/>\n<meta property=\"og:site_name\" content=\"Grande Porto - Vinhos e Bebidas\" \/>\n<meta property=\"article:modified_time\" content=\"2024-09-09T09:35:40+00:00\" \/>\n<meta property=\"og:image\" content=\"https:\/\/www.grandeportovinhos.com\/wp-content\/uploads\/2024\/09\/montes-reserva-tinto.png\" \/>\n\t<meta property=\"og:image:width\" content=\"300\" \/>\n\t<meta property=\"og:image:height\" content=\"700\" \/>\n\t<meta property=\"og:image:type\" content=\"image\/png\" \/>\n<meta name=\"twitter:card\" content=\"summary_large_image\" \/>\n<meta name=\"twitter:label1\" content=\"Est. reading time\" \/>\n\t<meta name=\"twitter:data1\" content=\"2 minutes\" \/>\n<script type=\"application\/ld+json\" class=\"yoast-schema-graph\">{\"@context\":\"https:\/\/schema.org\",\"@graph\":[{\"@type\":\"WebPage\",\"@id\":\"https:\/\/www.grandeportovinhos.com\/inicio\/loja\/loja\/vinhos\/montes-de-la-reserva-tinto\/\",\"url\":\"https:\/\/www.grandeportovinhos.com\/inicio\/loja\/loja\/vinhos\/montes-de-la-reserva-tinto\/\",\"name\":\"Montes de L\u00e1 Reserva Tinto ALENTEJO - Grande Porto - Vinhos e Bebidas\",\"isPartOf\":{\"@id\":\"https:\/\/www.grandeportovinhos.com\/#website\"},\"primaryImageOfPage\":{\"@id\":\"https:\/\/www.grandeportovinhos.com\/inicio\/loja\/loja\/vinhos\/montes-de-la-reserva-tinto\/#primaryimage\"},\"image\":{\"@id\":\"https:\/\/www.grandeportovinhos.com\/inicio\/loja\/loja\/vinhos\/montes-de-la-reserva-tinto\/#primaryimage\"},\"thumbnailUrl\":\"https:\/\/www.grandeportovinhos.com\/wp-content\/uploads\/2024\/09\/montes-reserva-tinto.png\",\"datePublished\":\"2020-12-17T17:08:29+00:00\",\"dateModified\":\"2024-09-09T09:35:40+00:00\",\"description\":\"Montes de L\u00e1 Reserva Tinto\u00a0exprime, atrav\u00e9s das suas notas de eleg\u00e2ncia, uma frui\u00e7\u00e3o \u00fanica do que o Alto Alentejo\u00a0pode oferecer.\",\"breadcrumb\":{\"@id\":\"https:\/\/www.grandeportovinhos.com\/inicio\/loja\/loja\/vinhos\/montes-de-la-reserva-tinto\/#breadcrumb\"},\"inLanguage\":\"en-US\",\"potentialAction\":[{\"@type\":\"ReadAction\",\"target\":[\"https:\/\/www.grandeportovinhos.com\/inicio\/loja\/loja\/vinhos\/montes-de-la-reserva-tinto\/\"]}]},{\"@type\":\"ImageObject\",\"inLanguage\":\"en-US\",\"@id\":\"https:\/\/www.grandeportovinhos.com\/inicio\/loja\/loja\/vinhos\/montes-de-la-reserva-tinto\/#primaryimage\",\"url\":\"https:\/\/www.grandeportovinhos.com\/wp-content\/uploads\/2024\/09\/montes-reserva-tinto.png\",\"contentUrl\":\"https:\/\/www.grandeportovinhos.com\/wp-content\/uploads\/2024\/09\/montes-reserva-tinto.png\",\"width\":300,\"height\":700,\"caption\":\"Montes de L\u00e1 Reserva Tinto\"},{\"@type\":\"BreadcrumbList\",\"@id\":\"https:\/\/www.grandeportovinhos.com\/inicio\/loja\/loja\/vinhos\/montes-de-la-reserva-tinto\/#breadcrumb\",\"itemListElement\":[{\"@type\":\"ListItem\",\"position\":1,\"name\":\"In\u00edcio\",\"item\":\"https:\/\/www.grandeportovinhos.com\/\"},{\"@type\":\"ListItem\",\"position\":2,\"name\":\"LOJA\",\"item\":\"https:\/\/www.grandeportovinhos.com\/loja\/\"},{\"@type\":\"ListItem\",\"position\":3,\"name\":\"LOJA\",\"item\":\"https:\/\/www.grandeportovinhos.com\/product-category\/loja\/\"},{\"@type\":\"ListItem\",\"position\":4,\"name\":\"VINHOS\",\"item\":\"https:\/\/www.grandeportovinhos.com\/product-category\/loja\/vinhos\/\"},{\"@type\":\"ListItem\",\"position\":5,\"name\":\"Montes de L\u00e1 Reserva Tinto ALENTEJO\"}]},{\"@type\":\"WebSite\",\"@id\":\"https:\/\/www.grandeportovinhos.com\/#website\",\"url\":\"https:\/\/www.grandeportovinhos.com\/\",\"name\":\"Grande Porto - Vinhos e Bebidas\",\"description\":\"\",\"publisher\":{\"@id\":\"https:\/\/www.grandeportovinhos.com\/#organization\"},\"potentialAction\":[{\"@type\":\"SearchAction\",\"target\":{\"@type\":\"EntryPoint\",\"urlTemplate\":\"https:\/\/www.grandeportovinhos.com\/?s={search_term_string}\"},\"query-input\":{\"@type\":\"PropertyValueSpecification\",\"valueRequired\":true,\"valueName\":\"search_term_string\"}}],\"inLanguage\":\"en-US\"},{\"@type\":\"Organization\",\"@id\":\"https:\/\/www.grandeportovinhos.com\/#organization\",\"name\":\"Grande Porto - Vinhos e Bebidas\",\"url\":\"https:\/\/www.grandeportovinhos.com\/\",\"logo\":{\"@type\":\"ImageObject\",\"inLanguage\":\"en-US\",\"@id\":\"https:\/\/www.grandeportovinhos.com\/#\/schema\/logo\/image\/\",\"url\":\"https:\/\/www.grandeportovinhos.com\/wp-content\/uploads\/2020\/10\/cropped-logo-GP.jpg\",\"contentUrl\":\"https:\/\/www.grandeportovinhos.com\/wp-content\/uploads\/2020\/10\/cropped-logo-GP.jpg\",\"width\":2559,\"height\":1626,\"caption\":\"Grande Porto - Vinhos e Bebidas\"},\"image\":{\"@id\":\"https:\/\/www.grandeportovinhos.com\/#\/schema\/logo\/image\/\"}}]}<\/script>\n<!-- \/ Yoast SEO plugin. -->","yoast_head_json":{"title":"Montes de L\u00e1 Reserva Tinto  ALENTEJO - Grande Porto - Vinhos e Bebidas","description":"Montes de L\u00e1 Reserva Tinto\u00a0exprime, atrav\u00e9s das suas notas de eleg\u00e2ncia, uma frui\u00e7\u00e3o \u00fanica do que o Alto Alentejo\u00a0pode oferecer.","robots":{"index":"index","follow":"follow","max-snippet":"max-snippet:-1","max-image-preview":"max-image-preview:large","max-video-preview":"max-video-preview:-1"},"canonical":"https:\/\/www.grandeportovinhos.com\/eng\/inicio\/loja\/loja\/vinhos\/montes-de-la-reserva-tinto\/","og_locale":"en_US","og_type":"article","og_title":"Montes de L\u00e1 Reserva Tinto  ALENTEJO - Grande Porto - Vinhos e Bebidas","og_description":"Montes de L\u00e1 Reserva Tinto\u00a0exprime, atrav\u00e9s das suas notas de eleg\u00e2ncia, uma frui\u00e7\u00e3o \u00fanica do que o Alto Alentejo\u00a0pode oferecer.","og_url":"https:\/\/www.grandeportovinhos.com\/eng\/inicio\/loja\/loja\/vinhos\/montes-de-la-reserva-tinto\/","og_site_name":"Grande Porto - Vinhos e Bebidas","article_modified_time":"2024-09-09T09:35:40+00:00","og_image":[{"width":300,"height":700,"url":"https:\/\/www.grandeportovinhos.com\/wp-content\/uploads\/2024\/09\/montes-reserva-tinto.png","type":"image\/png"}],"twitter_card":"summary_large_image","twitter_misc":{"Est. reading time":"2 minutes"},"schema":{"@context":"https:\/\/schema.org","@graph":[{"@type":"WebPage","@id":"https:\/\/www.grandeportovinhos.com\/inicio\/loja\/loja\/vinhos\/montes-de-la-reserva-tinto\/","url":"https:\/\/www.grandeportovinhos.com\/inicio\/loja\/loja\/vinhos\/montes-de-la-reserva-tinto\/","name":"Montes de L\u00e1 Reserva Tinto ALENTEJO - Grande Porto - Vinhos e Bebidas","isPartOf":{"@id":"https:\/\/www.grandeportovinhos.com\/#website"},"primaryImageOfPage":{"@id":"https:\/\/www.grandeportovinhos.com\/inicio\/loja\/loja\/vinhos\/montes-de-la-reserva-tinto\/#primaryimage"},"image":{"@id":"https:\/\/www.grandeportovinhos.com\/inicio\/loja\/loja\/vinhos\/montes-de-la-reserva-tinto\/#primaryimage"},"thumbnailUrl":"https:\/\/www.grandeportovinhos.com\/wp-content\/uploads\/2024\/09\/montes-reserva-tinto.png","datePublished":"2020-12-17T17:08:29+00:00","dateModified":"2024-09-09T09:35:40+00:00","description":"Montes de L\u00e1 Reserva Tinto\u00a0exprime, atrav\u00e9s das suas notas de eleg\u00e2ncia, uma frui\u00e7\u00e3o \u00fanica do que o Alto Alentejo\u00a0pode oferecer.","breadcrumb":{"@id":"https:\/\/www.grandeportovinhos.com\/inicio\/loja\/loja\/vinhos\/montes-de-la-reserva-tinto\/#breadcrumb"},"inLanguage":"en-US","potentialAction":[{"@type":"ReadAction","target":["https:\/\/www.grandeportovinhos.com\/inicio\/loja\/loja\/vinhos\/montes-de-la-reserva-tinto\/"]}]},{"@type":"ImageObject","inLanguage":"en-US","@id":"https:\/\/www.grandeportovinhos.com\/inicio\/loja\/loja\/vinhos\/montes-de-la-reserva-tinto\/#primaryimage","url":"https:\/\/www.grandeportovinhos.com\/wp-content\/uploads\/2024\/09\/montes-reserva-tinto.png","contentUrl":"https:\/\/www.grandeportovinhos.com\/wp-content\/uploads\/2024\/09\/montes-reserva-tinto.png","width":300,"height":700,"caption":"Montes de L\u00e1 Reserva Tinto"},{"@type":"BreadcrumbList","@id":"https:\/\/www.grandeportovinhos.com\/inicio\/loja\/loja\/vinhos\/montes-de-la-reserva-tinto\/#breadcrumb","itemListElement":[{"@type":"ListItem","position":1,"name":"In\u00edcio","item":"https:\/\/www.grandeportovinhos.com\/"},{"@type":"ListItem","position":2,"name":"LOJA","item":"https:\/\/www.grandeportovinhos.com\/loja\/"},{"@type":"ListItem","position":3,"name":"LOJA","item":"https:\/\/www.grandeportovinhos.com\/product-category\/loja\/"},{"@type":"ListItem","position":4,"name":"VINHOS","item":"https:\/\/www.grandeportovinhos.com\/product-category\/loja\/vinhos\/"},{"@type":"ListItem","position":5,"name":"Montes de L\u00e1 Reserva Tinto ALENTEJO"}]},{"@type":"WebSite","@id":"https:\/\/www.grandeportovinhos.com\/#website","url":"https:\/\/www.grandeportovinhos.com\/","name":"Grande Porto - Vinhos e Bebidas","description":"","publisher":{"@id":"https:\/\/www.grandeportovinhos.com\/#organization"},"potentialAction":[{"@type":"SearchAction","target":{"@type":"EntryPoint","urlTemplate":"https:\/\/www.grandeportovinhos.com\/?s={search_term_string}"},"query-input":{"@type":"PropertyValueSpecification","valueRequired":true,"valueName":"search_term_string"}}],"inLanguage":"en-US"},{"@type":"Organization","@id":"https:\/\/www.grandeportovinhos.com\/#organization","name":"Grande Porto - Vinhos e Bebidas","url":"https:\/\/www.grandeportovinhos.com\/","logo":{"@type":"ImageObject","inLanguage":"en-US","@id":"https:\/\/www.grandeportovinhos.com\/#\/schema\/logo\/image\/","url":"https:\/\/www.grandeportovinhos.com\/wp-content\/uploads\/2020\/10\/cropped-logo-GP.jpg","contentUrl":"https:\/\/www.grandeportovinhos.com\/wp-content\/uploads\/2020\/10\/cropped-logo-GP.jpg","width":2559,"height":1626,"caption":"Grande Porto - Vinhos e Bebidas"},"image":{"@id":"https:\/\/www.grandeportovinhos.com\/#\/schema\/logo\/image\/"}}]}},"_links":{"self":[{"href":"https:\/\/www.grandeportovinhos.com\/eng\/wp-json\/wp\/v2\/product\/1568"}],"collection":[{"href":"https:\/\/www.grandeportovinhos.com\/eng\/wp-json\/wp\/v2\/product"}],"about":[{"href":"https:\/\/www.grandeportovinhos.com\/eng\/wp-json\/wp\/v2\/types\/product"}],"replies":[{"embeddable":true,"href":"https:\/\/www.grandeportovinhos.com\/eng\/wp-json\/wp\/v2\/comments?post=1568"}],"wp:featuredmedia":[{"embeddable":true,"href":"https:\/\/www.grandeportovinhos.com\/eng\/wp-json\/wp\/v2\/media\/37555"}],"wp:attachment":[{"href":"https:\/\/www.grandeportovinhos.com\/eng\/wp-json\/wp\/v2\/media?parent=1568"}],"wp:term":[{"taxonomy":"product_brand","embeddable":true,"href":"https:\/\/www.grandeportovinhos.com\/eng\/wp-json\/wp\/v2\/product_brand?post=1568"},{"taxonomy":"product_cat","embeddable":true,"href":"https:\/\/www.grandeportovinhos.com\/eng\/wp-json\/wp\/v2\/product_cat?post=1568"},{"taxonomy":"product_tag","embeddable":true,"href":"https:\/\/www.grandeportovinhos.com\/eng\/wp-json\/wp\/v2\/product_tag?post=1568"}],"curies":[{"name":"wp","href":"https:\/\/api.w.org\/{rel}","templated":true}]}}