{"id":1566,"date":"2020-12-17T16:59:43","date_gmt":"2020-12-17T16:59:43","guid":{"rendered":"https:\/\/www.grandeportovinhos.com\/?post_type=product&#038;p=1566"},"modified":"2025-06-05T17:00:50","modified_gmt":"2025-06-05T17:00:50","slug":"montes-de-la-rose","status":"publish","type":"product","link":"https:\/\/www.grandeportovinhos.com\/eng\/inicio\/loja\/loja\/vinhos\/montes-de-la-rose\/","title":{"rendered":"Ros\u00e9 Montes de L\u00e1 <br> ALENTEJO"},"content":{"rendered":"<p><strong>Ros\u00e9 Montes de L\u00e1<\/strong>\u00a0is an Alentejo wine with good acidity and a fresh taste.<\/p>\n<p><strong>C\u00e9page:<\/strong> Petit Verdot<br \/>\n<strong>Production Method:\u00a0<\/strong>The grapes are harvested manually into 15 kg boxes. In the cellar, they are completely destemmed and pressed in a pneumatic press at low pressure. Afterwards, the must goes to a stainless steel vat at low temperatures to decant and after 48 hours it is transferred and fermentation begins at about 14\u00baC temperature for a period ranging from 10 to 15 days.<br \/>\n<strong>Tasting Note:\u00a0<\/strong>Revela aromas a rebu\u00e7ado de framboesa, apresentando notas minerais e toques florais. \u00c9 um vinho de boa acidez com um sabor fresco.<br \/>\n<strong>Suggestion:\u00a0<\/strong>Consumption at 8-10\u00b0C is recommended. Ideal to accompany light white meat meals, oven-roasted fish, salads and seafood.<\/p>\n<p><strong>Characteristics of Montes de L\u00e1 Ros\u00e9:<\/strong><br \/>\nAlcohol Content: 13% vol.<br \/>\nTotal Acidity: 6.1 g\/L<br \/>\npH:3,26<br \/>\nTotal Sugar: 0.4 g\/L<\/p>","protected":false},"excerpt":{"rendered":"<p><strong>Color\/Type<\/strong>: Ros\u00e9<br \/>\n<strong>Volume<\/strong>: 750 ml<br \/>\n<strong>Region:<\/strong> Avis<br \/>\n<strong>Enologist:<\/strong>\u00a0David Patr\u00edcio<\/p>","protected":false},"featured_media":37178,"comment_status":"open","ping_status":"closed","template":"","meta":{"ocean_post_layout":"","ocean_both_sidebars_style":"","ocean_both_sidebars_content_width":0,"ocean_both_sidebars_sidebars_width":0,"ocean_sidebar":"0","ocean_second_sidebar":"0","ocean_disable_margins":"enable","ocean_add_body_class":"","ocean_shortcode_before_top_bar":"","ocean_shortcode_after_top_bar":"","ocean_shortcode_before_header":"","ocean_shortcode_after_header":"","ocean_has_shortcode":"","ocean_shortcode_after_title":"","ocean_shortcode_before_footer_widgets":"","ocean_shortcode_after_footer_widgets":"","ocean_shortcode_before_footer_bottom":"","ocean_shortcode_after_footer_bottom":"","ocean_display_top_bar":"default","ocean_display_header":"default","ocean_header_style":"","ocean_center_header_left_menu":"0","ocean_custom_header_template":"0","ocean_custom_logo":0,"ocean_custom_retina_logo":0,"ocean_custom_logo_max_width":0,"ocean_custom_logo_tablet_max_width":0,"ocean_custom_logo_mobile_max_width":0,"ocean_custom_logo_max_height":0,"ocean_custom_logo_tablet_max_height":0,"ocean_custom_logo_mobile_max_height":0,"ocean_header_custom_menu":"0","ocean_menu_typo_font_family":"0","ocean_menu_typo_font_subset":"","ocean_menu_typo_font_size":0,"ocean_menu_typo_font_size_tablet":0,"ocean_menu_typo_font_size_mobile":0,"ocean_menu_typo_font_size_unit":"px","ocean_menu_typo_font_weight":"","ocean_menu_typo_font_weight_tablet":"","ocean_menu_typo_font_weight_mobile":"","ocean_menu_typo_transform":"","ocean_menu_typo_transform_tablet":"","ocean_menu_typo_transform_mobile":"","ocean_menu_typo_line_height":0,"ocean_menu_typo_line_height_tablet":0,"ocean_menu_typo_line_height_mobile":0,"ocean_menu_typo_line_height_unit":"","ocean_menu_typo_spacing":0,"ocean_menu_typo_spacing_tablet":0,"ocean_menu_typo_spacing_mobile":0,"ocean_menu_typo_spacing_unit":"","ocean_menu_link_color":"","ocean_menu_link_color_hover":"","ocean_menu_link_color_active":"","ocean_menu_link_background":"","ocean_menu_link_hover_background":"","ocean_menu_link_active_background":"","ocean_menu_social_links_bg":"","ocean_menu_social_hover_links_bg":"","ocean_menu_social_links_color":"","ocean_menu_social_hover_links_color":"","ocean_disable_title":"on","ocean_disable_heading":"default","ocean_post_title":" ","ocean_post_subheading":"","ocean_post_title_style":"default","ocean_post_title_background_color":"","ocean_post_title_background":0,"ocean_post_title_bg_image_position":"","ocean_post_title_bg_image_attachment":"","ocean_post_title_bg_image_repeat":"","ocean_post_title_bg_image_size":"","ocean_post_title_height":0,"ocean_post_title_bg_overlay":0.5,"ocean_post_title_bg_overlay_color":"","ocean_disable_breadcrumbs":"on","ocean_breadcrumbs_color":"","ocean_breadcrumbs_separator_color":"","ocean_breadcrumbs_links_color":"","ocean_breadcrumbs_links_hover_color":"","ocean_display_footer_widgets":"default","ocean_display_footer_bottom":"default","ocean_custom_footer_template":"0"},"product_brand":[],"product_cat":[81,84],"product_tag":[102],"class_list":{"0":"post-1566","1":"product","2":"type-product","3":"status-publish","4":"has-post-thumbnail","6":"product_cat-vinhos","7":"product_cat-montes-de-la","8":"product_tag-rose","10":"entry","11":"has-media","13":"first","14":"instock","15":"taxable","16":"shipping-taxable","17":"purchasable","18":"product-type-simple","19":"has-product-nav","20":"col","21":"span_1_of_4","22":"owp-content-center","23":"owp-thumbs-layout-horizontal","24":"owp-btn-normal","25":"owp-tabs-layout-vertical","26":"has-no-thumbnails"},"yoast_head":"<!-- This site is optimized with the Yoast SEO plugin v24.4 - https:\/\/yoast.com\/wordpress\/plugins\/seo\/ -->\n<title>Montes de L\u00e1 Ros\u00e9  ALENTEJO - Grande Porto - Vinhos e Bebidas<\/title>\n<meta name=\"description\" content=\"Montes de L\u00e1 Ros\u00e9\u00a0\u00e9 um vinho alentejano, feito a partir da casta Petit Verdot, de boa acidez e com um sabor fresco. Aconselha-se o consumo a 8-10\u00b0C.\" \/>\n<meta name=\"robots\" content=\"index, follow, max-snippet:-1, max-image-preview:large, max-video-preview:-1\" \/>\n<link rel=\"canonical\" href=\"https:\/\/www.grandeportovinhos.com\/eng\/inicio\/loja\/loja\/vinhos\/montes-de-la-rose\/\" \/>\n<meta property=\"og:locale\" content=\"en_US\" \/>\n<meta property=\"og:type\" content=\"article\" \/>\n<meta property=\"og:title\" content=\"Montes de L\u00e1 Ros\u00e9  ALENTEJO - Grande Porto - Vinhos e Bebidas\" \/>\n<meta property=\"og:description\" content=\"Montes de L\u00e1 Ros\u00e9\u00a0\u00e9 um vinho alentejano, feito a partir da casta Petit Verdot, de boa acidez e com um sabor fresco. Aconselha-se o consumo a 8-10\u00b0C.\" \/>\n<meta property=\"og:url\" content=\"https:\/\/www.grandeportovinhos.com\/eng\/inicio\/loja\/loja\/vinhos\/montes-de-la-rose\/\" \/>\n<meta property=\"og:site_name\" content=\"Grande Porto - Vinhos e Bebidas\" \/>\n<meta property=\"article:modified_time\" content=\"2025-06-05T17:00:50+00:00\" \/>\n<meta property=\"og:image\" content=\"https:\/\/www.grandeportovinhos.com\/wp-content\/uploads\/2020\/12\/Montes-de-La-Rose_Petit-Verdot_300x700.jpg\" \/>\n\t<meta property=\"og:image:width\" content=\"300\" \/>\n\t<meta property=\"og:image:height\" content=\"700\" \/>\n\t<meta property=\"og:image:type\" content=\"image\/jpeg\" \/>\n<meta name=\"twitter:card\" content=\"summary_large_image\" \/>\n<meta name=\"twitter:label1\" content=\"Est. reading time\" \/>\n\t<meta name=\"twitter:data1\" content=\"2 minutes\" \/>\n<script type=\"application\/ld+json\" class=\"yoast-schema-graph\">{\"@context\":\"https:\/\/schema.org\",\"@graph\":[{\"@type\":\"WebPage\",\"@id\":\"https:\/\/www.grandeportovinhos.com\/inicio\/loja\/loja\/vinhos\/montes-de-la-rose\/\",\"url\":\"https:\/\/www.grandeportovinhos.com\/inicio\/loja\/loja\/vinhos\/montes-de-la-rose\/\",\"name\":\"Montes de L\u00e1 Ros\u00e9 ALENTEJO - Grande Porto - Vinhos e Bebidas\",\"isPartOf\":{\"@id\":\"https:\/\/www.grandeportovinhos.com\/#website\"},\"primaryImageOfPage\":{\"@id\":\"https:\/\/www.grandeportovinhos.com\/inicio\/loja\/loja\/vinhos\/montes-de-la-rose\/#primaryimage\"},\"image\":{\"@id\":\"https:\/\/www.grandeportovinhos.com\/inicio\/loja\/loja\/vinhos\/montes-de-la-rose\/#primaryimage\"},\"thumbnailUrl\":\"https:\/\/www.grandeportovinhos.com\/wp-content\/uploads\/2020\/12\/Montes-de-La-Rose_Petit-Verdot_300x700.jpg\",\"datePublished\":\"2020-12-17T16:59:43+00:00\",\"dateModified\":\"2025-06-05T17:00:50+00:00\",\"description\":\"Montes de L\u00e1 Ros\u00e9\u00a0\u00e9 um vinho alentejano, feito a partir da casta Petit Verdot, de boa acidez e com um sabor fresco. Aconselha-se o consumo a 8-10\u00b0C.\",\"breadcrumb\":{\"@id\":\"https:\/\/www.grandeportovinhos.com\/inicio\/loja\/loja\/vinhos\/montes-de-la-rose\/#breadcrumb\"},\"inLanguage\":\"en-US\",\"potentialAction\":[{\"@type\":\"ReadAction\",\"target\":[\"https:\/\/www.grandeportovinhos.com\/inicio\/loja\/loja\/vinhos\/montes-de-la-rose\/\"]}]},{\"@type\":\"ImageObject\",\"inLanguage\":\"en-US\",\"@id\":\"https:\/\/www.grandeportovinhos.com\/inicio\/loja\/loja\/vinhos\/montes-de-la-rose\/#primaryimage\",\"url\":\"https:\/\/www.grandeportovinhos.com\/wp-content\/uploads\/2020\/12\/Montes-de-La-Rose_Petit-Verdot_300x700.jpg\",\"contentUrl\":\"https:\/\/www.grandeportovinhos.com\/wp-content\/uploads\/2020\/12\/Montes-de-La-Rose_Petit-Verdot_300x700.jpg\",\"width\":300,\"height\":700,\"caption\":\"Montes de L\u00e1 Ros\u00e9\"},{\"@type\":\"BreadcrumbList\",\"@id\":\"https:\/\/www.grandeportovinhos.com\/inicio\/loja\/loja\/vinhos\/montes-de-la-rose\/#breadcrumb\",\"itemListElement\":[{\"@type\":\"ListItem\",\"position\":1,\"name\":\"In\u00edcio\",\"item\":\"https:\/\/www.grandeportovinhos.com\/\"},{\"@type\":\"ListItem\",\"position\":2,\"name\":\"LOJA\",\"item\":\"https:\/\/www.grandeportovinhos.com\/loja\/\"},{\"@type\":\"ListItem\",\"position\":3,\"name\":\"LOJA\",\"item\":\"https:\/\/www.grandeportovinhos.com\/product-category\/loja\/\"},{\"@type\":\"ListItem\",\"position\":4,\"name\":\"VINHOS\",\"item\":\"https:\/\/www.grandeportovinhos.com\/product-category\/loja\/vinhos\/\"},{\"@type\":\"ListItem\",\"position\":5,\"name\":\"Montes de L\u00e1 Ros\u00e9 ALENTEJO\"}]},{\"@type\":\"WebSite\",\"@id\":\"https:\/\/www.grandeportovinhos.com\/#website\",\"url\":\"https:\/\/www.grandeportovinhos.com\/\",\"name\":\"Grande Porto - Vinhos e Bebidas\",\"description\":\"\",\"publisher\":{\"@id\":\"https:\/\/www.grandeportovinhos.com\/#organization\"},\"potentialAction\":[{\"@type\":\"SearchAction\",\"target\":{\"@type\":\"EntryPoint\",\"urlTemplate\":\"https:\/\/www.grandeportovinhos.com\/?s={search_term_string}\"},\"query-input\":{\"@type\":\"PropertyValueSpecification\",\"valueRequired\":true,\"valueName\":\"search_term_string\"}}],\"inLanguage\":\"en-US\"},{\"@type\":\"Organization\",\"@id\":\"https:\/\/www.grandeportovinhos.com\/#organization\",\"name\":\"Grande Porto - Vinhos e Bebidas\",\"url\":\"https:\/\/www.grandeportovinhos.com\/\",\"logo\":{\"@type\":\"ImageObject\",\"inLanguage\":\"en-US\",\"@id\":\"https:\/\/www.grandeportovinhos.com\/#\/schema\/logo\/image\/\",\"url\":\"https:\/\/www.grandeportovinhos.com\/wp-content\/uploads\/2020\/10\/cropped-logo-GP.jpg\",\"contentUrl\":\"https:\/\/www.grandeportovinhos.com\/wp-content\/uploads\/2020\/10\/cropped-logo-GP.jpg\",\"width\":2559,\"height\":1626,\"caption\":\"Grande Porto - Vinhos e Bebidas\"},\"image\":{\"@id\":\"https:\/\/www.grandeportovinhos.com\/#\/schema\/logo\/image\/\"}}]}<\/script>\n<!-- \/ Yoast SEO plugin. -->","yoast_head_json":{"title":"Montes de L\u00e1 Ros\u00e9  ALENTEJO - Grande Porto - Vinhos e Bebidas","description":"Montes de L\u00e1 Ros\u00e9\u00a0\u00e9 um vinho alentejano, feito a partir da casta Petit Verdot, de boa acidez e com um sabor fresco. Aconselha-se o consumo a 8-10\u00b0C.","robots":{"index":"index","follow":"follow","max-snippet":"max-snippet:-1","max-image-preview":"max-image-preview:large","max-video-preview":"max-video-preview:-1"},"canonical":"https:\/\/www.grandeportovinhos.com\/eng\/inicio\/loja\/loja\/vinhos\/montes-de-la-rose\/","og_locale":"en_US","og_type":"article","og_title":"Montes de L\u00e1 Ros\u00e9  ALENTEJO - Grande Porto - Vinhos e Bebidas","og_description":"Montes de L\u00e1 Ros\u00e9\u00a0\u00e9 um vinho alentejano, feito a partir da casta Petit Verdot, de boa acidez e com um sabor fresco. Aconselha-se o consumo a 8-10\u00b0C.","og_url":"https:\/\/www.grandeportovinhos.com\/eng\/inicio\/loja\/loja\/vinhos\/montes-de-la-rose\/","og_site_name":"Grande Porto - Vinhos e Bebidas","article_modified_time":"2025-06-05T17:00:50+00:00","og_image":[{"width":300,"height":700,"url":"https:\/\/www.grandeportovinhos.com\/wp-content\/uploads\/2020\/12\/Montes-de-La-Rose_Petit-Verdot_300x700.jpg","type":"image\/jpeg"}],"twitter_card":"summary_large_image","twitter_misc":{"Est. reading time":"2 minutes"},"schema":{"@context":"https:\/\/schema.org","@graph":[{"@type":"WebPage","@id":"https:\/\/www.grandeportovinhos.com\/inicio\/loja\/loja\/vinhos\/montes-de-la-rose\/","url":"https:\/\/www.grandeportovinhos.com\/inicio\/loja\/loja\/vinhos\/montes-de-la-rose\/","name":"Montes de L\u00e1 Ros\u00e9 ALENTEJO - Grande Porto - Vinhos e Bebidas","isPartOf":{"@id":"https:\/\/www.grandeportovinhos.com\/#website"},"primaryImageOfPage":{"@id":"https:\/\/www.grandeportovinhos.com\/inicio\/loja\/loja\/vinhos\/montes-de-la-rose\/#primaryimage"},"image":{"@id":"https:\/\/www.grandeportovinhos.com\/inicio\/loja\/loja\/vinhos\/montes-de-la-rose\/#primaryimage"},"thumbnailUrl":"https:\/\/www.grandeportovinhos.com\/wp-content\/uploads\/2020\/12\/Montes-de-La-Rose_Petit-Verdot_300x700.jpg","datePublished":"2020-12-17T16:59:43+00:00","dateModified":"2025-06-05T17:00:50+00:00","description":"Montes de L\u00e1 Ros\u00e9\u00a0\u00e9 um vinho alentejano, feito a partir da casta Petit Verdot, de boa acidez e com um sabor fresco. Aconselha-se o consumo a 8-10\u00b0C.","breadcrumb":{"@id":"https:\/\/www.grandeportovinhos.com\/inicio\/loja\/loja\/vinhos\/montes-de-la-rose\/#breadcrumb"},"inLanguage":"en-US","potentialAction":[{"@type":"ReadAction","target":["https:\/\/www.grandeportovinhos.com\/inicio\/loja\/loja\/vinhos\/montes-de-la-rose\/"]}]},{"@type":"ImageObject","inLanguage":"en-US","@id":"https:\/\/www.grandeportovinhos.com\/inicio\/loja\/loja\/vinhos\/montes-de-la-rose\/#primaryimage","url":"https:\/\/www.grandeportovinhos.com\/wp-content\/uploads\/2020\/12\/Montes-de-La-Rose_Petit-Verdot_300x700.jpg","contentUrl":"https:\/\/www.grandeportovinhos.com\/wp-content\/uploads\/2020\/12\/Montes-de-La-Rose_Petit-Verdot_300x700.jpg","width":300,"height":700,"caption":"Montes de L\u00e1 Ros\u00e9"},{"@type":"BreadcrumbList","@id":"https:\/\/www.grandeportovinhos.com\/inicio\/loja\/loja\/vinhos\/montes-de-la-rose\/#breadcrumb","itemListElement":[{"@type":"ListItem","position":1,"name":"In\u00edcio","item":"https:\/\/www.grandeportovinhos.com\/"},{"@type":"ListItem","position":2,"name":"LOJA","item":"https:\/\/www.grandeportovinhos.com\/loja\/"},{"@type":"ListItem","position":3,"name":"LOJA","item":"https:\/\/www.grandeportovinhos.com\/product-category\/loja\/"},{"@type":"ListItem","position":4,"name":"VINHOS","item":"https:\/\/www.grandeportovinhos.com\/product-category\/loja\/vinhos\/"},{"@type":"ListItem","position":5,"name":"Montes de L\u00e1 Ros\u00e9 ALENTEJO"}]},{"@type":"WebSite","@id":"https:\/\/www.grandeportovinhos.com\/#website","url":"https:\/\/www.grandeportovinhos.com\/","name":"Grande Porto - Vinhos e Bebidas","description":"","publisher":{"@id":"https:\/\/www.grandeportovinhos.com\/#organization"},"potentialAction":[{"@type":"SearchAction","target":{"@type":"EntryPoint","urlTemplate":"https:\/\/www.grandeportovinhos.com\/?s={search_term_string}"},"query-input":{"@type":"PropertyValueSpecification","valueRequired":true,"valueName":"search_term_string"}}],"inLanguage":"en-US"},{"@type":"Organization","@id":"https:\/\/www.grandeportovinhos.com\/#organization","name":"Grande Porto - Vinhos e Bebidas","url":"https:\/\/www.grandeportovinhos.com\/","logo":{"@type":"ImageObject","inLanguage":"en-US","@id":"https:\/\/www.grandeportovinhos.com\/#\/schema\/logo\/image\/","url":"https:\/\/www.grandeportovinhos.com\/wp-content\/uploads\/2020\/10\/cropped-logo-GP.jpg","contentUrl":"https:\/\/www.grandeportovinhos.com\/wp-content\/uploads\/2020\/10\/cropped-logo-GP.jpg","width":2559,"height":1626,"caption":"Grande Porto - Vinhos e Bebidas"},"image":{"@id":"https:\/\/www.grandeportovinhos.com\/#\/schema\/logo\/image\/"}}]}},"_links":{"self":[{"href":"https:\/\/www.grandeportovinhos.com\/eng\/wp-json\/wp\/v2\/product\/1566"}],"collection":[{"href":"https:\/\/www.grandeportovinhos.com\/eng\/wp-json\/wp\/v2\/product"}],"about":[{"href":"https:\/\/www.grandeportovinhos.com\/eng\/wp-json\/wp\/v2\/types\/product"}],"replies":[{"embeddable":true,"href":"https:\/\/www.grandeportovinhos.com\/eng\/wp-json\/wp\/v2\/comments?post=1566"}],"wp:featuredmedia":[{"embeddable":true,"href":"https:\/\/www.grandeportovinhos.com\/eng\/wp-json\/wp\/v2\/media\/37178"}],"wp:attachment":[{"href":"https:\/\/www.grandeportovinhos.com\/eng\/wp-json\/wp\/v2\/media?parent=1566"}],"wp:term":[{"taxonomy":"product_brand","embeddable":true,"href":"https:\/\/www.grandeportovinhos.com\/eng\/wp-json\/wp\/v2\/product_brand?post=1566"},{"taxonomy":"product_cat","embeddable":true,"href":"https:\/\/www.grandeportovinhos.com\/eng\/wp-json\/wp\/v2\/product_cat?post=1566"},{"taxonomy":"product_tag","embeddable":true,"href":"https:\/\/www.grandeportovinhos.com\/eng\/wp-json\/wp\/v2\/product_tag?post=1566"}],"curies":[{"name":"wp","href":"https:\/\/api.w.org\/{rel}","templated":true}]}}