{"id":1336,"date":"2020-12-14T16:06:24","date_gmt":"2020-12-14T16:06:24","guid":{"rendered":"https:\/\/www.grandeportovinhos.com\/?post_type=product&#038;p=1336"},"modified":"2024-09-09T09:03:43","modified_gmt":"2024-09-09T09:03:43","slug":"messala-alvarinho-trajadura","status":"publish","type":"product","link":"https:\/\/www.grandeportovinhos.com\/eng\/inicio\/loja\/loja\/vinhos\/messala-alvarinho-trajadura\/","title":{"rendered":"Messala Alvarinho Trajadura <br> MON\u00c7\u00c3O E MELGA\u00c7O"},"content":{"rendered":"<p><strong>Messala Alvarinho<\/strong>\u00a0<strong>Trajadura<\/strong> is produced in the Mon\u00e7\u00e3o wine sub-region from the Alvarinho (80%) and Trajadura (20%) grape varieties. The exceptional location of the vineyards, with an average age of over 15 years, the combination of natural factors, soil and climate, and the knowledge of a generation of winegrowers, are the reasons that allow the production of this white wine of remarkable and distinguished quality.<\/p>\n<p><strong>C\u00e9page: <\/strong>Alvarinho (80%) e Trajadura (20%)<br \/>\n<strong>Production Method:<\/strong> The harvest is carried out in manual boxes with a capacity of 15 kg, which are quickly transported to the cellar. After total stripping and pneumatic pressing, fermentation takes place at a controlled temperature of 16\u00baC.<br \/>\n<strong>Tasting Note:<\/strong> Clear citrine color. Very fruity and smooth with good structure and a long finish.<br \/>\n<strong>Suggestion:<\/strong> It should be consumed fresh, between 10-12\u00baC. Excellent option to combine fish and seafood dishes.<\/p>\n<p><strong>Characteristics of Messala Alvarinho Trajadura:<\/strong><br \/>\nAlcohol Content: 12.5% \u200b\u200bvol.<br \/>\nAcidez Total: 6,1 g\/L<br \/>\nAcidez Vol\u00e1til: 0,37 g\/L<br \/>\npH: 3,33<br \/>\nExtracto Seco: 22,7 g\/L<br \/>\nA\u00e7\u00facares Totais: 2,6 g\/L<\/p>\n<figure id=\"attachment_541\" aria-describedby=\"caption-attachment-541\" style=\"width: 120px\" class=\"wp-caption alignnone\"><a href=\"https:\/\/www.grandeportovinhos.com\/eng\/inicio\/premios\/\"><img decoding=\"async\" class=\"wp-image-541 size-full\" src=\"https:\/\/www.grandeportovinhos.com\/wp-content\/uploads\/2019\/02\/medalha_generica_120X120.jpg\" alt=\"Medalha\" width=\"120\" height=\"120\" srcset=\"https:\/\/www.grandeportovinhos.com\/wp-content\/uploads\/2019\/02\/medalha_generica_120X120.jpg 120w, https:\/\/www.grandeportovinhos.com\/wp-content\/uploads\/2019\/02\/medalha_generica_120X120-100x100.jpg 100w, https:\/\/www.grandeportovinhos.com\/wp-content\/uploads\/2019\/02\/medalha_generica_120X120-45x45.jpg 45w\" sizes=\"(max-width: 120px) 100vw, 120px\" \/><\/a><figcaption id=\"caption-attachment-541\" class=\"wp-caption-text\">AWARD WINNING<\/figcaption><\/figure>","protected":false},"excerpt":{"rendered":"<p><strong>Color\/Type<\/strong>: White Wine<br \/>\n<strong>Volume<\/strong>: 750 ml<br \/>\n<strong>Region:<\/strong> Mon\u00e7\u00e3o e Melga\u00e7o<br \/>\n<strong>Enologist:<\/strong> Jo\u00e3o Garrido<\/p>","protected":false},"featured_media":2903,"comment_status":"open","ping_status":"closed","template":"","meta":{"ocean_post_layout":"full-width","ocean_both_sidebars_style":"","ocean_both_sidebars_content_width":0,"ocean_both_sidebars_sidebars_width":0,"ocean_sidebar":"0","ocean_second_sidebar":"0","ocean_disable_margins":"enable","ocean_add_body_class":"","ocean_shortcode_before_top_bar":"","ocean_shortcode_after_top_bar":"","ocean_shortcode_before_header":"","ocean_shortcode_after_header":"","ocean_has_shortcode":"","ocean_shortcode_after_title":"","ocean_shortcode_before_footer_widgets":"","ocean_shortcode_after_footer_widgets":"","ocean_shortcode_before_footer_bottom":"","ocean_shortcode_after_footer_bottom":"","ocean_display_top_bar":"default","ocean_display_header":"default","ocean_header_style":"","ocean_center_header_left_menu":"0","ocean_custom_header_template":"0","ocean_custom_logo":0,"ocean_custom_retina_logo":0,"ocean_custom_logo_max_width":0,"ocean_custom_logo_tablet_max_width":0,"ocean_custom_logo_mobile_max_width":0,"ocean_custom_logo_max_height":0,"ocean_custom_logo_tablet_max_height":0,"ocean_custom_logo_mobile_max_height":0,"ocean_header_custom_menu":"0","ocean_menu_typo_font_family":"0","ocean_menu_typo_font_subset":"","ocean_menu_typo_font_size":0,"ocean_menu_typo_font_size_tablet":0,"ocean_menu_typo_font_size_mobile":0,"ocean_menu_typo_font_size_unit":"px","ocean_menu_typo_font_weight":"","ocean_menu_typo_font_weight_tablet":"","ocean_menu_typo_font_weight_mobile":"","ocean_menu_typo_transform":"","ocean_menu_typo_transform_tablet":"","ocean_menu_typo_transform_mobile":"","ocean_menu_typo_line_height":0,"ocean_menu_typo_line_height_tablet":0,"ocean_menu_typo_line_height_mobile":0,"ocean_menu_typo_line_height_unit":"","ocean_menu_typo_spacing":0,"ocean_menu_typo_spacing_tablet":0,"ocean_menu_typo_spacing_mobile":0,"ocean_menu_typo_spacing_unit":"","ocean_menu_link_color":"","ocean_menu_link_color_hover":"","ocean_menu_link_color_active":"","ocean_menu_link_background":"","ocean_menu_link_hover_background":"","ocean_menu_link_active_background":"","ocean_menu_social_links_bg":"","ocean_menu_social_hover_links_bg":"","ocean_menu_social_links_color":"","ocean_menu_social_hover_links_color":"","ocean_disable_title":"default","ocean_disable_heading":"default","ocean_post_title":"","ocean_post_subheading":"","ocean_post_title_style":"","ocean_post_title_background_color":"","ocean_post_title_background":0,"ocean_post_title_bg_image_position":"","ocean_post_title_bg_image_attachment":"","ocean_post_title_bg_image_repeat":"","ocean_post_title_bg_image_size":"","ocean_post_title_height":0,"ocean_post_title_bg_overlay":0.5,"ocean_post_title_bg_overlay_color":"","ocean_disable_breadcrumbs":"default","ocean_breadcrumbs_color":"","ocean_breadcrumbs_separator_color":"","ocean_breadcrumbs_links_color":"","ocean_breadcrumbs_links_hover_color":"","ocean_display_footer_widgets":"default","ocean_display_footer_bottom":"default","ocean_custom_footer_template":"0"},"product_brand":[],"product_cat":[81,82],"product_tag":[144],"class_list":{"0":"post-1336","1":"product","2":"type-product","3":"status-publish","4":"has-post-thumbnail","6":"product_cat-vinhos","7":"product_cat-messala-alvarinho","8":"product_tag-verde","10":"entry","11":"has-media","13":"first","14":"instock","15":"taxable","16":"shipping-taxable","17":"purchasable","18":"product-type-simple","19":"has-product-nav","20":"col","21":"span_1_of_4","22":"owp-content-center","23":"owp-thumbs-layout-horizontal","24":"owp-btn-normal","25":"owp-tabs-layout-vertical","26":"has-no-thumbnails"},"yoast_head":"<!-- This site is optimized with the Yoast SEO plugin v24.4 - https:\/\/yoast.com\/wordpress\/plugins\/seo\/ -->\n<title>Messala Alvarinho Trajadura  MON\u00c7\u00c3O E MELGA\u00c7O - Grande Porto - Vinhos e Bebidas<\/title>\n<meta name=\"description\" content=\"Messala Alvarinho\u00a0Trajadura \u00e9 produzido na sub-regi\u00e3o vitivin\u00edcola de Mon\u00e7\u00e3o a partir\u00a0das castas Alvarinho (80%) e Trajadura (20%)\" \/>\n<meta name=\"robots\" content=\"index, follow, max-snippet:-1, max-image-preview:large, max-video-preview:-1\" \/>\n<link rel=\"canonical\" href=\"https:\/\/www.grandeportovinhos.com\/eng\/inicio\/loja\/loja\/vinhos\/messala-alvarinho-trajadura\/\" \/>\n<meta property=\"og:locale\" content=\"en_US\" \/>\n<meta property=\"og:type\" content=\"article\" \/>\n<meta property=\"og:title\" content=\"Messala Alvarinho Trajadura  MON\u00c7\u00c3O E MELGA\u00c7O - Grande Porto - Vinhos e Bebidas\" \/>\n<meta property=\"og:description\" content=\"Messala Alvarinho\u00a0Trajadura \u00e9 produzido na sub-regi\u00e3o vitivin\u00edcola de Mon\u00e7\u00e3o a partir\u00a0das castas Alvarinho (80%) e Trajadura (20%)\" \/>\n<meta property=\"og:url\" content=\"https:\/\/www.grandeportovinhos.com\/eng\/inicio\/loja\/loja\/vinhos\/messala-alvarinho-trajadura\/\" \/>\n<meta property=\"og:site_name\" content=\"Grande Porto - Vinhos e Bebidas\" \/>\n<meta property=\"article:modified_time\" content=\"2024-09-09T09:03:43+00:00\" \/>\n<meta property=\"og:image\" content=\"https:\/\/www.grandeportovinhos.com\/wp-content\/uploads\/2021\/11\/gp1758-300x700-1.jpg\" \/>\n\t<meta property=\"og:image:width\" content=\"300\" \/>\n\t<meta property=\"og:image:height\" content=\"700\" \/>\n\t<meta property=\"og:image:type\" content=\"image\/jpeg\" \/>\n<meta name=\"twitter:card\" content=\"summary_large_image\" \/>\n<meta name=\"twitter:label1\" content=\"Est. reading time\" \/>\n\t<meta name=\"twitter:data1\" content=\"2 minutes\" \/>\n<script type=\"application\/ld+json\" class=\"yoast-schema-graph\">{\"@context\":\"https:\/\/schema.org\",\"@graph\":[{\"@type\":\"WebPage\",\"@id\":\"https:\/\/www.grandeportovinhos.com\/inicio\/loja\/loja\/vinhos\/messala-alvarinho-trajadura\/\",\"url\":\"https:\/\/www.grandeportovinhos.com\/inicio\/loja\/loja\/vinhos\/messala-alvarinho-trajadura\/\",\"name\":\"Messala Alvarinho Trajadura MON\u00c7\u00c3O E MELGA\u00c7O - Grande Porto - Vinhos e Bebidas\",\"isPartOf\":{\"@id\":\"https:\/\/www.grandeportovinhos.com\/#website\"},\"primaryImageOfPage\":{\"@id\":\"https:\/\/www.grandeportovinhos.com\/inicio\/loja\/loja\/vinhos\/messala-alvarinho-trajadura\/#primaryimage\"},\"image\":{\"@id\":\"https:\/\/www.grandeportovinhos.com\/inicio\/loja\/loja\/vinhos\/messala-alvarinho-trajadura\/#primaryimage\"},\"thumbnailUrl\":\"https:\/\/www.grandeportovinhos.com\/wp-content\/uploads\/2021\/11\/gp1758-300x700-1.jpg\",\"datePublished\":\"2020-12-14T16:06:24+00:00\",\"dateModified\":\"2024-09-09T09:03:43+00:00\",\"description\":\"Messala Alvarinho\u00a0Trajadura \u00e9 produzido na sub-regi\u00e3o vitivin\u00edcola de Mon\u00e7\u00e3o a partir\u00a0das castas Alvarinho (80%) e Trajadura (20%)\",\"breadcrumb\":{\"@id\":\"https:\/\/www.grandeportovinhos.com\/inicio\/loja\/loja\/vinhos\/messala-alvarinho-trajadura\/#breadcrumb\"},\"inLanguage\":\"en-US\",\"potentialAction\":[{\"@type\":\"ReadAction\",\"target\":[\"https:\/\/www.grandeportovinhos.com\/inicio\/loja\/loja\/vinhos\/messala-alvarinho-trajadura\/\"]}]},{\"@type\":\"ImageObject\",\"inLanguage\":\"en-US\",\"@id\":\"https:\/\/www.grandeportovinhos.com\/inicio\/loja\/loja\/vinhos\/messala-alvarinho-trajadura\/#primaryimage\",\"url\":\"https:\/\/www.grandeportovinhos.com\/wp-content\/uploads\/2021\/11\/gp1758-300x700-1.jpg\",\"contentUrl\":\"https:\/\/www.grandeportovinhos.com\/wp-content\/uploads\/2021\/11\/gp1758-300x700-1.jpg\",\"width\":300,\"height\":700,\"caption\":\"Messala Alvarinho Trajadura\"},{\"@type\":\"BreadcrumbList\",\"@id\":\"https:\/\/www.grandeportovinhos.com\/inicio\/loja\/loja\/vinhos\/messala-alvarinho-trajadura\/#breadcrumb\",\"itemListElement\":[{\"@type\":\"ListItem\",\"position\":1,\"name\":\"In\u00edcio\",\"item\":\"https:\/\/www.grandeportovinhos.com\/\"},{\"@type\":\"ListItem\",\"position\":2,\"name\":\"LOJA\",\"item\":\"https:\/\/www.grandeportovinhos.com\/loja\/\"},{\"@type\":\"ListItem\",\"position\":3,\"name\":\"LOJA\",\"item\":\"https:\/\/www.grandeportovinhos.com\/product-category\/loja\/\"},{\"@type\":\"ListItem\",\"position\":4,\"name\":\"VINHOS\",\"item\":\"https:\/\/www.grandeportovinhos.com\/product-category\/loja\/vinhos\/\"},{\"@type\":\"ListItem\",\"position\":5,\"name\":\"Messala Alvarinho Trajadura MON\u00c7\u00c3O E MELGA\u00c7O\"}]},{\"@type\":\"WebSite\",\"@id\":\"https:\/\/www.grandeportovinhos.com\/#website\",\"url\":\"https:\/\/www.grandeportovinhos.com\/\",\"name\":\"Grande Porto - Vinhos e Bebidas\",\"description\":\"\",\"publisher\":{\"@id\":\"https:\/\/www.grandeportovinhos.com\/#organization\"},\"potentialAction\":[{\"@type\":\"SearchAction\",\"target\":{\"@type\":\"EntryPoint\",\"urlTemplate\":\"https:\/\/www.grandeportovinhos.com\/?s={search_term_string}\"},\"query-input\":{\"@type\":\"PropertyValueSpecification\",\"valueRequired\":true,\"valueName\":\"search_term_string\"}}],\"inLanguage\":\"en-US\"},{\"@type\":\"Organization\",\"@id\":\"https:\/\/www.grandeportovinhos.com\/#organization\",\"name\":\"Grande Porto - Vinhos e Bebidas\",\"url\":\"https:\/\/www.grandeportovinhos.com\/\",\"logo\":{\"@type\":\"ImageObject\",\"inLanguage\":\"en-US\",\"@id\":\"https:\/\/www.grandeportovinhos.com\/#\/schema\/logo\/image\/\",\"url\":\"https:\/\/www.grandeportovinhos.com\/wp-content\/uploads\/2020\/10\/cropped-logo-GP.jpg\",\"contentUrl\":\"https:\/\/www.grandeportovinhos.com\/wp-content\/uploads\/2020\/10\/cropped-logo-GP.jpg\",\"width\":2559,\"height\":1626,\"caption\":\"Grande Porto - Vinhos e Bebidas\"},\"image\":{\"@id\":\"https:\/\/www.grandeportovinhos.com\/#\/schema\/logo\/image\/\"}}]}<\/script>\n<!-- \/ Yoast SEO plugin. -->","yoast_head_json":{"title":"Messala Alvarinho Trajadura  MON\u00c7\u00c3O E MELGA\u00c7O - Grande Porto - Vinhos e Bebidas","description":"Messala Alvarinho\u00a0Trajadura \u00e9 produzido na sub-regi\u00e3o vitivin\u00edcola de Mon\u00e7\u00e3o a partir\u00a0das castas Alvarinho (80%) e Trajadura (20%)","robots":{"index":"index","follow":"follow","max-snippet":"max-snippet:-1","max-image-preview":"max-image-preview:large","max-video-preview":"max-video-preview:-1"},"canonical":"https:\/\/www.grandeportovinhos.com\/eng\/inicio\/loja\/loja\/vinhos\/messala-alvarinho-trajadura\/","og_locale":"en_US","og_type":"article","og_title":"Messala Alvarinho Trajadura  MON\u00c7\u00c3O E MELGA\u00c7O - Grande Porto - Vinhos e Bebidas","og_description":"Messala Alvarinho\u00a0Trajadura \u00e9 produzido na sub-regi\u00e3o vitivin\u00edcola de Mon\u00e7\u00e3o a partir\u00a0das castas Alvarinho (80%) e Trajadura (20%)","og_url":"https:\/\/www.grandeportovinhos.com\/eng\/inicio\/loja\/loja\/vinhos\/messala-alvarinho-trajadura\/","og_site_name":"Grande Porto - Vinhos e Bebidas","article_modified_time":"2024-09-09T09:03:43+00:00","og_image":[{"width":300,"height":700,"url":"https:\/\/www.grandeportovinhos.com\/wp-content\/uploads\/2021\/11\/gp1758-300x700-1.jpg","type":"image\/jpeg"}],"twitter_card":"summary_large_image","twitter_misc":{"Est. reading time":"2 minutes"},"schema":{"@context":"https:\/\/schema.org","@graph":[{"@type":"WebPage","@id":"https:\/\/www.grandeportovinhos.com\/inicio\/loja\/loja\/vinhos\/messala-alvarinho-trajadura\/","url":"https:\/\/www.grandeportovinhos.com\/inicio\/loja\/loja\/vinhos\/messala-alvarinho-trajadura\/","name":"Messala Alvarinho Trajadura MON\u00c7\u00c3O E MELGA\u00c7O - Grande Porto - Vinhos e Bebidas","isPartOf":{"@id":"https:\/\/www.grandeportovinhos.com\/#website"},"primaryImageOfPage":{"@id":"https:\/\/www.grandeportovinhos.com\/inicio\/loja\/loja\/vinhos\/messala-alvarinho-trajadura\/#primaryimage"},"image":{"@id":"https:\/\/www.grandeportovinhos.com\/inicio\/loja\/loja\/vinhos\/messala-alvarinho-trajadura\/#primaryimage"},"thumbnailUrl":"https:\/\/www.grandeportovinhos.com\/wp-content\/uploads\/2021\/11\/gp1758-300x700-1.jpg","datePublished":"2020-12-14T16:06:24+00:00","dateModified":"2024-09-09T09:03:43+00:00","description":"Messala Alvarinho\u00a0Trajadura \u00e9 produzido na sub-regi\u00e3o vitivin\u00edcola de Mon\u00e7\u00e3o a partir\u00a0das castas Alvarinho (80%) e Trajadura (20%)","breadcrumb":{"@id":"https:\/\/www.grandeportovinhos.com\/inicio\/loja\/loja\/vinhos\/messala-alvarinho-trajadura\/#breadcrumb"},"inLanguage":"en-US","potentialAction":[{"@type":"ReadAction","target":["https:\/\/www.grandeportovinhos.com\/inicio\/loja\/loja\/vinhos\/messala-alvarinho-trajadura\/"]}]},{"@type":"ImageObject","inLanguage":"en-US","@id":"https:\/\/www.grandeportovinhos.com\/inicio\/loja\/loja\/vinhos\/messala-alvarinho-trajadura\/#primaryimage","url":"https:\/\/www.grandeportovinhos.com\/wp-content\/uploads\/2021\/11\/gp1758-300x700-1.jpg","contentUrl":"https:\/\/www.grandeportovinhos.com\/wp-content\/uploads\/2021\/11\/gp1758-300x700-1.jpg","width":300,"height":700,"caption":"Messala Alvarinho Trajadura"},{"@type":"BreadcrumbList","@id":"https:\/\/www.grandeportovinhos.com\/inicio\/loja\/loja\/vinhos\/messala-alvarinho-trajadura\/#breadcrumb","itemListElement":[{"@type":"ListItem","position":1,"name":"In\u00edcio","item":"https:\/\/www.grandeportovinhos.com\/"},{"@type":"ListItem","position":2,"name":"LOJA","item":"https:\/\/www.grandeportovinhos.com\/loja\/"},{"@type":"ListItem","position":3,"name":"LOJA","item":"https:\/\/www.grandeportovinhos.com\/product-category\/loja\/"},{"@type":"ListItem","position":4,"name":"VINHOS","item":"https:\/\/www.grandeportovinhos.com\/product-category\/loja\/vinhos\/"},{"@type":"ListItem","position":5,"name":"Messala Alvarinho Trajadura MON\u00c7\u00c3O E MELGA\u00c7O"}]},{"@type":"WebSite","@id":"https:\/\/www.grandeportovinhos.com\/#website","url":"https:\/\/www.grandeportovinhos.com\/","name":"Grande Porto - Vinhos e Bebidas","description":"","publisher":{"@id":"https:\/\/www.grandeportovinhos.com\/#organization"},"potentialAction":[{"@type":"SearchAction","target":{"@type":"EntryPoint","urlTemplate":"https:\/\/www.grandeportovinhos.com\/?s={search_term_string}"},"query-input":{"@type":"PropertyValueSpecification","valueRequired":true,"valueName":"search_term_string"}}],"inLanguage":"en-US"},{"@type":"Organization","@id":"https:\/\/www.grandeportovinhos.com\/#organization","name":"Grande Porto - Vinhos e Bebidas","url":"https:\/\/www.grandeportovinhos.com\/","logo":{"@type":"ImageObject","inLanguage":"en-US","@id":"https:\/\/www.grandeportovinhos.com\/#\/schema\/logo\/image\/","url":"https:\/\/www.grandeportovinhos.com\/wp-content\/uploads\/2020\/10\/cropped-logo-GP.jpg","contentUrl":"https:\/\/www.grandeportovinhos.com\/wp-content\/uploads\/2020\/10\/cropped-logo-GP.jpg","width":2559,"height":1626,"caption":"Grande Porto - Vinhos e Bebidas"},"image":{"@id":"https:\/\/www.grandeportovinhos.com\/#\/schema\/logo\/image\/"}}]}},"_links":{"self":[{"href":"https:\/\/www.grandeportovinhos.com\/eng\/wp-json\/wp\/v2\/product\/1336"}],"collection":[{"href":"https:\/\/www.grandeportovinhos.com\/eng\/wp-json\/wp\/v2\/product"}],"about":[{"href":"https:\/\/www.grandeportovinhos.com\/eng\/wp-json\/wp\/v2\/types\/product"}],"replies":[{"embeddable":true,"href":"https:\/\/www.grandeportovinhos.com\/eng\/wp-json\/wp\/v2\/comments?post=1336"}],"wp:featuredmedia":[{"embeddable":true,"href":"https:\/\/www.grandeportovinhos.com\/eng\/wp-json\/wp\/v2\/media\/2903"}],"wp:attachment":[{"href":"https:\/\/www.grandeportovinhos.com\/eng\/wp-json\/wp\/v2\/media?parent=1336"}],"wp:term":[{"taxonomy":"product_brand","embeddable":true,"href":"https:\/\/www.grandeportovinhos.com\/eng\/wp-json\/wp\/v2\/product_brand?post=1336"},{"taxonomy":"product_cat","embeddable":true,"href":"https:\/\/www.grandeportovinhos.com\/eng\/wp-json\/wp\/v2\/product_cat?post=1336"},{"taxonomy":"product_tag","embeddable":true,"href":"https:\/\/www.grandeportovinhos.com\/eng\/wp-json\/wp\/v2\/product_tag?post=1336"}],"curies":[{"name":"wp","href":"https:\/\/api.w.org\/{rel}","templated":true}]}}