{"id":610,"date":"2019-02-08T18:19:54","date_gmt":"2019-02-08T18:19:54","guid":{"rendered":"https:\/\/www.grandeportovinhos.com\/?page_id=610"},"modified":"2019-02-08T18:37:54","modified_gmt":"2019-02-08T18:37:54","slug":"vinho-verde-alvarinho","status":"publish","type":"page","link":"https:\/\/www.grandeportovinhos.com\/eng\/loja\/espumantes\/vinho-verde-alvarinho\/","title":{"rendered":"VINHO VERDE &#8211; ALVARINHO"},"content":{"rendered":"<div data-elementor-type=\"wp-post\" data-elementor-id=\"610\" class=\"elementor elementor-610 elementor-bc-flex-widget\">\n\t\t\t\t\t\t<section class=\"elementor-section elementor-top-section elementor-element elementor-element-f1d5881 elementor-section-boxed elementor-section-height-default elementor-section-height-default\" data-id=\"f1d5881\" data-element_type=\"section\">\n\t\t\t\t\t\t<div class=\"elementor-container elementor-column-gap-default\">\n\t\t\t\t\t<div class=\"elementor-column elementor-col-33 elementor-top-column elementor-element elementor-element-9579c87\" data-id=\"9579c87\" data-element_type=\"column\">\n\t\t\t<div class=\"elementor-widget-wrap elementor-element-populated\">\n\t\t\t\t\t\t<div class=\"elementor-element elementor-element-7a0d82e elementor-widget elementor-widget-image\" data-id=\"7a0d82e\" data-element_type=\"widget\" data-widget_type=\"image.default\">\n\t\t\t\t<div class=\"elementor-widget-container\">\n\t\t\t\t\t\t\t\t\t\t\t\t\t<img decoding=\"async\" src=\"https:\/\/www.grandeportovinhos.com\/wp-content\/plugins\/elementor\/assets\/images\/placeholder.png\" title=\"\" alt=\"\" loading=\"lazy\" \/>\t\t\t\t\t\t\t\t\t\t\t\t\t<\/div>\n\t\t\t\t<\/div>\n\t\t\t\t\t<\/div>\n\t\t<\/div>\n\t\t\t\t<div class=\"elementor-column elementor-col-66 elementor-top-column elementor-element elementor-element-411b4df\" data-id=\"411b4df\" data-element_type=\"column\">\n\t\t\t<div class=\"elementor-widget-wrap elementor-element-populated\">\n\t\t\t\t\t\t<div class=\"elementor-element elementor-element-1ba0ba1 elementor-widget elementor-widget-spacer\" data-id=\"1ba0ba1\" data-element_type=\"widget\" data-widget_type=\"spacer.default\">\n\t\t\t\t<div class=\"elementor-widget-container\">\n\t\t\t\t\t<div class=\"elementor-spacer\">\n\t\t\t<div class=\"elementor-spacer-inner\"><\/div>\n\t\t<\/div>\n\t\t\t\t<\/div>\n\t\t\t\t<\/div>\n\t\t\t\t<div class=\"elementor-element elementor-element-94cd20e elementor-widget elementor-widget-text-editor\" data-id=\"94cd20e\" data-element_type=\"widget\" data-widget_type=\"text-editor.default\">\n\t\t\t\t<div class=\"elementor-widget-container\">\n\t\t\t\t\t\t\t<p class=\"MsoNormal\" style=\"margin: 0cm 0cm 0.0001pt; font-size: medium; font-family: Calibri, sans-serif; caret-color: #000000; color: #000000; font-style: normal; font-variant-caps: normal;\"><b><span style=\"font-size: 15pt; line-height: 30px; font-family: 'Trebuchet MS', sans-serif; color: #8d8e90; text-transform: uppercase;\">ESPUMANTE BRUTO ALVARINHO MESSALA<\/span><\/b><\/p><p class=\"MsoNormal\" style=\"margin: 0cm 0cm 0.0001pt; font-size: medium; font-family: Calibri, sans-serif; caret-color: #000000; color: #000000; font-style: normal; font-variant-caps: normal;\"><b><span style=\"font-size: 15pt; line-height: 30px; font-family: 'Trebuchet MS', sans-serif; color: #8d8e90; text-transform: uppercase;\">\u00a0<\/span><\/b><\/p><p class=\"MsoNormal\" style=\"margin: 0cm 0cm 0.0001pt; font-size: medium; font-family: Calibri, sans-serif; caret-color: #000000; color: #000000; font-style: normal; font-variant-caps: normal;\"><span style=\"font-size: 10.5pt; line-height: 21px; font-family: 'Trebuchet MS', sans-serif; color: #8d8e90;\">Este espumante bruto Messala \u00e9 produzido com 100% da casta Alvarinho segundo o m\u00e9todo cl\u00e1ssico de fermenta\u00e7\u00e3o em garrafa, em cave, com temperatura a 14\u00baC e est\u00e1gio de 9 meses sobre as leveduras.<\/span><\/p><p class=\"MsoNormal\" style=\"margin: 0cm 0cm 0.0001pt; font-size: medium; font-family: Calibri, sans-serif; caret-color: #000000; color: #000000; font-style: normal; font-variant-caps: normal;\"><span style=\"font-size: 10.5pt; line-height: 21px; font-family: 'Trebuchet MS', sans-serif; color: #8d8e90;\">\u00a0<\/span><\/p><p class=\"MsoNormal\" style=\"margin: 0cm 0cm 0.0001pt; font-size: medium; font-family: Calibri, sans-serif; caret-color: #000000; color: #000000; font-style: normal; font-variant-caps: normal;\"><b><span style=\"font-size: 10.5pt; line-height: 21px; font-family: 'Trebuchet MS', sans-serif; color: #515151;\">Tasting Note:<\/span><\/b><span style=\"font-size: 10.5pt; line-height: 21px; font-family: 'Trebuchet MS', sans-serif; color: #8d8e90;\">\u00a0Apresenta uma cor citrina, com bolha fina e persistente. O aroma revela a fruta da casta, fresco e elegante, denotando um bom equil\u00edbrio entre a acidez e o \u00e1lcool. Na boca mostra persist\u00eancia e complexidade.<\/span><\/p><p class=\"MsoNormal\" style=\"margin: 0cm 0cm 0.0001pt; font-size: medium; font-family: Calibri, sans-serif; caret-color: #000000; color: #000000; font-style: normal; font-variant-caps: normal;\"><b><span style=\"font-size: 10.5pt; line-height: 21px; font-family: 'Trebuchet MS', sans-serif; color: #515151;\">Enologist:\u00a0<\/span><\/b><span style=\"font-size: 10.5pt; line-height: 21px; font-family: 'Trebuchet MS', sans-serif; color: #8d8e90;\">Jo\u00e3o Garrido<\/span><\/p><p class=\"MsoNormal\" style=\"margin: 0cm 0cm 0.0001pt; font-size: medium; font-family: Calibri, sans-serif; caret-color: #000000; color: #000000; font-style: normal; font-variant-caps: normal;\"><b><span style=\"font-size: 10.5pt; line-height: 21px; font-family: 'Trebuchet MS', sans-serif; color: #515151;\">Suggestion:<\/span><\/b><span style=\"font-size: 10.5pt; line-height: 21px; font-family: 'Trebuchet MS', sans-serif; color: #8d8e90;\">\u00a0Deve ser consumido fresco, entre 6-8\u00baC. Perfeito para acompanhar entradas, pratos de peixe e carne, de marisco e comida oriental.<\/span><\/p><p class=\"MsoNormal\" style=\"margin: 0cm 0cm 0.0001pt; font-size: medium; font-family: Calibri, sans-serif; caret-color: #000000; color: #000000; font-style: normal; font-variant-caps: normal;\"><span style=\"font-size: 10.5pt; line-height: 21px; font-family: 'Trebuchet MS', sans-serif; color: #8d8e90;\">\u00a0<\/span><\/p><p class=\"MsoNormal\" style=\"margin: 0cm 0cm 0.0001pt; font-size: medium; font-family: Calibri, sans-serif; caret-color: #000000; color: #000000; font-style: normal; font-variant-caps: normal;\"><b><span style=\"font-size: 10.5pt; line-height: 21px; font-family: 'Trebuchet MS', sans-serif; color: #515151;\">Teor Alco\u00f3lico:<\/span><\/b><span style=\"font-size: 10.5pt; line-height: 21px; font-family: 'Trebuchet MS', sans-serif; color: #8d8e90;\">\u00a012% vol.\u00a0<\/span><\/p><p class=\"MsoNormal\" style=\"margin: 0cm 0cm 0.0001pt; font-size: medium; font-family: Calibri, sans-serif; caret-color: #000000; color: #000000; font-style: normal; font-variant-caps: normal;\"><b><span style=\"font-size: 10.5pt; line-height: 21px; font-family: 'Trebuchet MS', sans-serif; color: #515151;\">Acidez Total:<\/span><\/b><span style=\"font-size: 10.5pt; line-height: 21px; font-family: 'Trebuchet MS', sans-serif; color: #8d8e90;\">\u00a07,3 g\/L\u00a0<\/span><\/p><p class=\"MsoNormal\" style=\"margin: 0cm 0cm 0.0001pt; font-size: medium; font-family: Calibri, sans-serif; caret-color: #000000; color: #000000; font-style: normal; font-variant-caps: normal;\"><b><span style=\"font-size: 10.5pt; line-height: 21px; font-family: 'Trebuchet MS', sans-serif; color: #515151;\">Acidez Vol\u00e1til:<\/span><\/b><span style=\"font-size: 10.5pt; line-height: 21px; font-family: 'Trebuchet MS', sans-serif; color: #8d8e90;\">\u00a00,28 g\/L\u00a0<\/span><\/p><p class=\"MsoNormal\" style=\"margin: 0cm 0cm 0.0001pt; font-size: medium; font-family: Calibri, sans-serif; caret-color: #000000; color: #000000; font-style: normal; font-variant-caps: normal;\"><b><span style=\"font-size: 10.5pt; line-height: 21px; font-family: 'Trebuchet MS', sans-serif; color: #515151;\">pH:\u00a0<\/span><\/b><span style=\"font-size: 10.5pt; line-height: 21px; font-family: 'Trebuchet MS', sans-serif; color: #8d8e90;\">3,15\u00a0<\/span><\/p><p class=\"MsoNormal\" style=\"margin: 0cm 0cm 0.0001pt; font-size: medium; font-family: Calibri, sans-serif; caret-color: #000000; color: #000000; font-style: normal; font-variant-caps: normal;\"><b><span style=\"font-size: 10.5pt; line-height: 21px; font-family: 'Trebuchet MS', sans-serif; color: #515151;\">A\u00e7\u00facar Total:<\/span><\/b><span style=\"font-size: 10.5pt; line-height: 21px; font-family: 'Trebuchet MS', sans-serif; color: #8d8e90;\">\u00a01,2 g\/L<\/span><\/p>\t\t\t\t\t\t<\/div>\n\t\t\t\t<\/div>\n\t\t\t\t<div class=\"elementor-element elementor-element-7d2f570 elementor-widget elementor-widget-image\" data-id=\"7d2f570\" data-element_type=\"widget\" data-widget_type=\"image.default\">\n\t\t\t\t<div class=\"elementor-widget-container\">\n\t\t\t\t\t\t\t\t\t\t\t\t\t\t<a href=\"https:\/\/www.grandeportovinhos.com\/eng\/inicio\/premios\/\">\n\t\t\t\t\t\t\t<img decoding=\"async\" src=\"https:\/\/www.grandeportovinhos.com\/wp-content\/uploads\/elementor\/thumbs\/medalha_generica_120X120-rgjgaygdlsu41ijnzzvdq8z4o6t2v37essr65xglbc.jpg\" title=\"medalha_generica_120X120\" alt=\"Medalha\" loading=\"lazy\" \/>\t\t\t\t\t\t\t\t<\/a>\n\t\t\t\t\t\t\t\t\t\t\t\t\t<\/div>\n\t\t\t\t<\/div>\n\t\t\t\t<div class=\"elementor-element elementor-element-dbd1545 elementor-widget elementor-widget-text-editor\" data-id=\"dbd1545\" data-element_type=\"widget\" data-widget_type=\"text-editor.default\">\n\t\t\t\t<div class=\"elementor-widget-container\">\n\t\t\t\t\t\t\t<p style=\"text-align: right;\"><span style=\"font-style: normal; font-variant-caps: normal; caret-color: #515151; color: #515151; font-family: 'Trebuchet MS', Arial, Helvetica, sans-serif; font-size: 9px; font-weight: bold; text-align: center; text-transform: uppercase;\">AWARD WINNING<\/span><\/p>\t\t\t\t\t\t<\/div>\n\t\t\t\t<\/div>\n\t\t\t\t\t<\/div>\n\t\t<\/div>\n\t\t\t\t\t<\/div>\n\t\t<\/section>\n\t\t\t\t<\/div>","protected":false},"excerpt":{"rendered":"<p>ESPUMANTE BRUTO ALVARINHO MESSALA &nbsp; Este espumante bruto Messala \u00e9 produzido com 100% da casta Alvarinho segundo o m\u00e9todo cl\u00e1ssico de fermenta\u00e7\u00e3o em garrafa, em cave, com temperatura a 14\u00baC e est\u00e1gio de 9 meses sobre as leveduras. &nbsp; Prova:&nbsp;Apresenta uma cor citrina, com bolha fina e persistente. O aroma revela a fruta da casta, [&hellip;]<\/p>","protected":false},"author":1,"featured_media":0,"parent":127,"menu_order":0,"comment_status":"closed","ping_status":"closed","template":"elementor_header_footer","meta":{"ocean_post_layout":"","ocean_both_sidebars_style":"","ocean_both_sidebars_content_width":0,"ocean_both_sidebars_sidebars_width":0,"ocean_sidebar":"","ocean_second_sidebar":"","ocean_disable_margins":"enable","ocean_add_body_class":"","ocean_shortcode_before_top_bar":"","ocean_shortcode_after_top_bar":"","ocean_shortcode_before_header":"","ocean_shortcode_after_header":"","ocean_has_shortcode":"","ocean_shortcode_after_title":"","ocean_shortcode_before_footer_widgets":"","ocean_shortcode_after_footer_widgets":"","ocean_shortcode_before_footer_bottom":"","ocean_shortcode_after_footer_bottom":"","ocean_display_top_bar":"default","ocean_display_header":"default","ocean_header_style":"","ocean_center_header_left_menu":"","ocean_custom_header_template":"","ocean_custom_logo":0,"ocean_custom_retina_logo":0,"ocean_custom_logo_max_width":0,"ocean_custom_logo_tablet_max_width":0,"ocean_custom_logo_mobile_max_width":0,"ocean_custom_logo_max_height":0,"ocean_custom_logo_tablet_max_height":0,"ocean_custom_logo_mobile_max_height":0,"ocean_header_custom_menu":"","ocean_menu_typo_font_family":"","ocean_menu_typo_font_subset":"","ocean_menu_typo_font_size":0,"ocean_menu_typo_font_size_tablet":0,"ocean_menu_typo_font_size_mobile":0,"ocean_menu_typo_font_size_unit":"px","ocean_menu_typo_font_weight":"","ocean_menu_typo_font_weight_tablet":"","ocean_menu_typo_font_weight_mobile":"","ocean_menu_typo_transform":"","ocean_menu_typo_transform_tablet":"","ocean_menu_typo_transform_mobile":"","ocean_menu_typo_line_height":0,"ocean_menu_typo_line_height_tablet":0,"ocean_menu_typo_line_height_mobile":0,"ocean_menu_typo_line_height_unit":"","ocean_menu_typo_spacing":0,"ocean_menu_typo_spacing_tablet":0,"ocean_menu_typo_spacing_mobile":0,"ocean_menu_typo_spacing_unit":"","ocean_menu_link_color":"","ocean_menu_link_color_hover":"","ocean_menu_link_color_active":"","ocean_menu_link_background":"","ocean_menu_link_hover_background":"","ocean_menu_link_active_background":"","ocean_menu_social_links_bg":"","ocean_menu_social_hover_links_bg":"","ocean_menu_social_links_color":"","ocean_menu_social_hover_links_color":"","ocean_disable_title":"default","ocean_disable_heading":"default","ocean_post_title":"","ocean_post_subheading":"","ocean_post_title_style":"","ocean_post_title_background_color":"","ocean_post_title_background":0,"ocean_post_title_bg_image_position":"","ocean_post_title_bg_image_attachment":"","ocean_post_title_bg_image_repeat":"","ocean_post_title_bg_image_size":"","ocean_post_title_height":0,"ocean_post_title_bg_overlay":0.5,"ocean_post_title_bg_overlay_color":"","ocean_disable_breadcrumbs":"default","ocean_breadcrumbs_color":"","ocean_breadcrumbs_separator_color":"","ocean_breadcrumbs_links_color":"","ocean_breadcrumbs_links_hover_color":"","ocean_display_footer_widgets":"default","ocean_display_footer_bottom":"default","ocean_custom_footer_template":"","footnotes":""},"class_list":["post-610","page","type-page","status-publish","hentry","entry","owp-thumbs-layout-horizontal","owp-btn-normal","owp-tabs-layout-vertical","has-no-thumbnails","has-product-nav"],"yoast_head":"<!-- This site is optimized with the Yoast SEO plugin v24.4 - https:\/\/yoast.com\/wordpress\/plugins\/seo\/ -->\n<title>VINHO VERDE - ALVARINHO - Grande Porto - Vinhos e Bebidas<\/title>\n<meta name=\"robots\" content=\"index, follow, max-snippet:-1, max-image-preview:large, max-video-preview:-1\" \/>\n<link rel=\"canonical\" href=\"https:\/\/www.grandeportovinhos.com\/eng\/loja\/espumantes\/vinho-verde-alvarinho\/\" \/>\n<meta property=\"og:locale\" content=\"en_US\" \/>\n<meta property=\"og:type\" content=\"article\" \/>\n<meta property=\"og:title\" content=\"VINHO VERDE - ALVARINHO - Grande Porto - Vinhos e Bebidas\" \/>\n<meta property=\"og:description\" content=\"ESPUMANTE BRUTO ALVARINHO MESSALA &nbsp; Este espumante bruto Messala \u00e9 produzido com 100% da casta Alvarinho segundo o m\u00e9todo cl\u00e1ssico de fermenta\u00e7\u00e3o em garrafa, em cave, com temperatura a 14\u00baC e est\u00e1gio de 9 meses sobre as leveduras. &nbsp; Prova:&nbsp;Apresenta uma cor citrina, com bolha fina e persistente. O aroma revela a fruta da casta, [&hellip;]\" \/>\n<meta property=\"og:url\" content=\"https:\/\/www.grandeportovinhos.com\/eng\/loja\/espumantes\/vinho-verde-alvarinho\/\" \/>\n<meta property=\"og:site_name\" content=\"Grande Porto - Vinhos e Bebidas\" \/>\n<meta property=\"article:modified_time\" content=\"2019-02-08T18:37:54+00:00\" \/>\n<meta property=\"og:image\" content=\"https:\/\/www.grandeportovinhos.com\/wp-content\/plugins\/elementor\/assets\/images\/placeholder.png\" \/>\n<meta name=\"twitter:card\" content=\"summary_large_image\" \/>\n<meta name=\"twitter:label1\" content=\"Est. reading time\" \/>\n\t<meta name=\"twitter:data1\" content=\"1 minute\" \/>\n<script type=\"application\/ld+json\" class=\"yoast-schema-graph\">{\"@context\":\"https:\/\/schema.org\",\"@graph\":[{\"@type\":\"WebPage\",\"@id\":\"https:\/\/www.grandeportovinhos.com\/loja\/espumantes\/vinho-verde-alvarinho\/\",\"url\":\"https:\/\/www.grandeportovinhos.com\/loja\/espumantes\/vinho-verde-alvarinho\/\",\"name\":\"VINHO VERDE - ALVARINHO - Grande Porto - Vinhos e Bebidas\",\"isPartOf\":{\"@id\":\"https:\/\/www.grandeportovinhos.com\/#website\"},\"primaryImageOfPage\":{\"@id\":\"https:\/\/www.grandeportovinhos.com\/loja\/espumantes\/vinho-verde-alvarinho\/#primaryimage\"},\"image\":{\"@id\":\"https:\/\/www.grandeportovinhos.com\/loja\/espumantes\/vinho-verde-alvarinho\/#primaryimage\"},\"thumbnailUrl\":\"https:\/\/www.grandeportovinhos.com\/wp-content\/plugins\/elementor\/assets\/images\/placeholder.png\",\"datePublished\":\"2019-02-08T18:19:54+00:00\",\"dateModified\":\"2019-02-08T18:37:54+00:00\",\"breadcrumb\":{\"@id\":\"https:\/\/www.grandeportovinhos.com\/loja\/espumantes\/vinho-verde-alvarinho\/#breadcrumb\"},\"inLanguage\":\"en-US\",\"potentialAction\":[{\"@type\":\"ReadAction\",\"target\":[\"https:\/\/www.grandeportovinhos.com\/loja\/espumantes\/vinho-verde-alvarinho\/\"]}]},{\"@type\":\"ImageObject\",\"inLanguage\":\"en-US\",\"@id\":\"https:\/\/www.grandeportovinhos.com\/loja\/espumantes\/vinho-verde-alvarinho\/#primaryimage\",\"url\":\"https:\/\/www.grandeportovinhos.com\/wp-content\/plugins\/elementor\/assets\/images\/placeholder.png\",\"contentUrl\":\"https:\/\/www.grandeportovinhos.com\/wp-content\/plugins\/elementor\/assets\/images\/placeholder.png\"},{\"@type\":\"BreadcrumbList\",\"@id\":\"https:\/\/www.grandeportovinhos.com\/loja\/espumantes\/vinho-verde-alvarinho\/#breadcrumb\",\"itemListElement\":[{\"@type\":\"ListItem\",\"position\":1,\"name\":\"In\u00edcio\",\"item\":\"https:\/\/www.grandeportovinhos.com\/\"},{\"@type\":\"ListItem\",\"position\":2,\"name\":\"LOJA\",\"item\":\"https:\/\/www.grandeportovinhos.com\/loja\/\"},{\"@type\":\"ListItem\",\"position\":3,\"name\":\"ESPUMANTES\",\"item\":\"https:\/\/www.grandeportovinhos.com\/loja\/espumantes\/\"},{\"@type\":\"ListItem\",\"position\":4,\"name\":\"VINHO VERDE &#8211; ALVARINHO\"}]},{\"@type\":\"WebSite\",\"@id\":\"https:\/\/www.grandeportovinhos.com\/#website\",\"url\":\"https:\/\/www.grandeportovinhos.com\/\",\"name\":\"Grande Porto - Vinhos e Bebidas\",\"description\":\"\",\"publisher\":{\"@id\":\"https:\/\/www.grandeportovinhos.com\/#organization\"},\"potentialAction\":[{\"@type\":\"SearchAction\",\"target\":{\"@type\":\"EntryPoint\",\"urlTemplate\":\"https:\/\/www.grandeportovinhos.com\/?s={search_term_string}\"},\"query-input\":{\"@type\":\"PropertyValueSpecification\",\"valueRequired\":true,\"valueName\":\"search_term_string\"}}],\"inLanguage\":\"en-US\"},{\"@type\":\"Organization\",\"@id\":\"https:\/\/www.grandeportovinhos.com\/#organization\",\"name\":\"Grande Porto - Vinhos e Bebidas\",\"url\":\"https:\/\/www.grandeportovinhos.com\/\",\"logo\":{\"@type\":\"ImageObject\",\"inLanguage\":\"en-US\",\"@id\":\"https:\/\/www.grandeportovinhos.com\/#\/schema\/logo\/image\/\",\"url\":\"https:\/\/www.grandeportovinhos.com\/wp-content\/uploads\/2020\/10\/cropped-logo-GP.jpg\",\"contentUrl\":\"https:\/\/www.grandeportovinhos.com\/wp-content\/uploads\/2020\/10\/cropped-logo-GP.jpg\",\"width\":2559,\"height\":1626,\"caption\":\"Grande Porto - Vinhos e Bebidas\"},\"image\":{\"@id\":\"https:\/\/www.grandeportovinhos.com\/#\/schema\/logo\/image\/\"}}]}<\/script>\n<!-- \/ Yoast SEO plugin. -->","yoast_head_json":{"title":"VINHO VERDE - ALVARINHO - Grande Porto - Vinhos e Bebidas","robots":{"index":"index","follow":"follow","max-snippet":"max-snippet:-1","max-image-preview":"max-image-preview:large","max-video-preview":"max-video-preview:-1"},"canonical":"https:\/\/www.grandeportovinhos.com\/eng\/loja\/espumantes\/vinho-verde-alvarinho\/","og_locale":"en_US","og_type":"article","og_title":"VINHO VERDE - ALVARINHO - Grande Porto - Vinhos e Bebidas","og_description":"ESPUMANTE BRUTO ALVARINHO MESSALA &nbsp; Este espumante bruto Messala \u00e9 produzido com 100% da casta Alvarinho segundo o m\u00e9todo cl\u00e1ssico de fermenta\u00e7\u00e3o em garrafa, em cave, com temperatura a 14\u00baC e est\u00e1gio de 9 meses sobre as leveduras. &nbsp; Prova:&nbsp;Apresenta uma cor citrina, com bolha fina e persistente. O aroma revela a fruta da casta, [&hellip;]","og_url":"https:\/\/www.grandeportovinhos.com\/eng\/loja\/espumantes\/vinho-verde-alvarinho\/","og_site_name":"Grande Porto - Vinhos e Bebidas","article_modified_time":"2019-02-08T18:37:54+00:00","og_image":[{"url":"https:\/\/www.grandeportovinhos.com\/wp-content\/plugins\/elementor\/assets\/images\/placeholder.png","type":"","width":"","height":""}],"twitter_card":"summary_large_image","twitter_misc":{"Est. reading time":"1 minute"},"schema":{"@context":"https:\/\/schema.org","@graph":[{"@type":"WebPage","@id":"https:\/\/www.grandeportovinhos.com\/loja\/espumantes\/vinho-verde-alvarinho\/","url":"https:\/\/www.grandeportovinhos.com\/loja\/espumantes\/vinho-verde-alvarinho\/","name":"VINHO VERDE - ALVARINHO - Grande Porto - Vinhos e Bebidas","isPartOf":{"@id":"https:\/\/www.grandeportovinhos.com\/#website"},"primaryImageOfPage":{"@id":"https:\/\/www.grandeportovinhos.com\/loja\/espumantes\/vinho-verde-alvarinho\/#primaryimage"},"image":{"@id":"https:\/\/www.grandeportovinhos.com\/loja\/espumantes\/vinho-verde-alvarinho\/#primaryimage"},"thumbnailUrl":"https:\/\/www.grandeportovinhos.com\/wp-content\/plugins\/elementor\/assets\/images\/placeholder.png","datePublished":"2019-02-08T18:19:54+00:00","dateModified":"2019-02-08T18:37:54+00:00","breadcrumb":{"@id":"https:\/\/www.grandeportovinhos.com\/loja\/espumantes\/vinho-verde-alvarinho\/#breadcrumb"},"inLanguage":"en-US","potentialAction":[{"@type":"ReadAction","target":["https:\/\/www.grandeportovinhos.com\/loja\/espumantes\/vinho-verde-alvarinho\/"]}]},{"@type":"ImageObject","inLanguage":"en-US","@id":"https:\/\/www.grandeportovinhos.com\/loja\/espumantes\/vinho-verde-alvarinho\/#primaryimage","url":"https:\/\/www.grandeportovinhos.com\/wp-content\/plugins\/elementor\/assets\/images\/placeholder.png","contentUrl":"https:\/\/www.grandeportovinhos.com\/wp-content\/plugins\/elementor\/assets\/images\/placeholder.png"},{"@type":"BreadcrumbList","@id":"https:\/\/www.grandeportovinhos.com\/loja\/espumantes\/vinho-verde-alvarinho\/#breadcrumb","itemListElement":[{"@type":"ListItem","position":1,"name":"In\u00edcio","item":"https:\/\/www.grandeportovinhos.com\/"},{"@type":"ListItem","position":2,"name":"LOJA","item":"https:\/\/www.grandeportovinhos.com\/loja\/"},{"@type":"ListItem","position":3,"name":"ESPUMANTES","item":"https:\/\/www.grandeportovinhos.com\/loja\/espumantes\/"},{"@type":"ListItem","position":4,"name":"VINHO VERDE &#8211; ALVARINHO"}]},{"@type":"WebSite","@id":"https:\/\/www.grandeportovinhos.com\/#website","url":"https:\/\/www.grandeportovinhos.com\/","name":"Grande Porto - Vinhos e Bebidas","description":"","publisher":{"@id":"https:\/\/www.grandeportovinhos.com\/#organization"},"potentialAction":[{"@type":"SearchAction","target":{"@type":"EntryPoint","urlTemplate":"https:\/\/www.grandeportovinhos.com\/?s={search_term_string}"},"query-input":{"@type":"PropertyValueSpecification","valueRequired":true,"valueName":"search_term_string"}}],"inLanguage":"en-US"},{"@type":"Organization","@id":"https:\/\/www.grandeportovinhos.com\/#organization","name":"Grande Porto - Vinhos e Bebidas","url":"https:\/\/www.grandeportovinhos.com\/","logo":{"@type":"ImageObject","inLanguage":"en-US","@id":"https:\/\/www.grandeportovinhos.com\/#\/schema\/logo\/image\/","url":"https:\/\/www.grandeportovinhos.com\/wp-content\/uploads\/2020\/10\/cropped-logo-GP.jpg","contentUrl":"https:\/\/www.grandeportovinhos.com\/wp-content\/uploads\/2020\/10\/cropped-logo-GP.jpg","width":2559,"height":1626,"caption":"Grande Porto - Vinhos e Bebidas"},"image":{"@id":"https:\/\/www.grandeportovinhos.com\/#\/schema\/logo\/image\/"}}]}},"_links":{"self":[{"href":"https:\/\/www.grandeportovinhos.com\/eng\/wp-json\/wp\/v2\/pages\/610"}],"collection":[{"href":"https:\/\/www.grandeportovinhos.com\/eng\/wp-json\/wp\/v2\/pages"}],"about":[{"href":"https:\/\/www.grandeportovinhos.com\/eng\/wp-json\/wp\/v2\/types\/page"}],"author":[{"embeddable":true,"href":"https:\/\/www.grandeportovinhos.com\/eng\/wp-json\/wp\/v2\/users\/1"}],"replies":[{"embeddable":true,"href":"https:\/\/www.grandeportovinhos.com\/eng\/wp-json\/wp\/v2\/comments?post=610"}],"version-history":[{"count":5,"href":"https:\/\/www.grandeportovinhos.com\/eng\/wp-json\/wp\/v2\/pages\/610\/revisions"}],"predecessor-version":[{"id":616,"href":"https:\/\/www.grandeportovinhos.com\/eng\/wp-json\/wp\/v2\/pages\/610\/revisions\/616"}],"up":[{"embeddable":true,"href":"https:\/\/www.grandeportovinhos.com\/eng\/wp-json\/wp\/v2\/pages\/127"}],"wp:attachment":[{"href":"https:\/\/www.grandeportovinhos.com\/eng\/wp-json\/wp\/v2\/media?parent=610"}],"curies":[{"name":"wp","href":"https:\/\/api.w.org\/{rel}","templated":true}]}}