{"id":594,"date":"2019-02-07T19:18:05","date_gmt":"2019-02-07T19:18:05","guid":{"rendered":"https:\/\/www.grandeportovinhos.com\/?page_id=594"},"modified":"2024-12-23T10:57:55","modified_gmt":"2024-12-23T10:57:55","slug":"distribuidores-e-parceiros","status":"publish","type":"page","link":"https:\/\/www.grandeportovinhos.com\/eng\/inicio\/distribuidores-e-parceiros\/","title":{"rendered":"DISTRIBUTORS AND PARTNERS"},"content":{"rendered":"<div data-elementor-type=\"wp-post\" data-elementor-id=\"594\" class=\"elementor elementor-594\">\n\t\t\t\t\t\t<section class=\"elementor-section elementor-top-section elementor-element elementor-element-52fbd7b elementor-section-boxed elementor-section-height-default elementor-section-height-default\" data-id=\"52fbd7b\" data-element_type=\"section\">\n\t\t\t\t\t\t<div class=\"elementor-container elementor-column-gap-default\">\n\t\t\t\t\t<div class=\"elementor-column elementor-col-100 elementor-top-column elementor-element elementor-element-884acd7\" data-id=\"884acd7\" data-element_type=\"column\">\n\t\t\t<div class=\"elementor-widget-wrap elementor-element-populated\">\n\t\t\t\t\t\t<div class=\"elementor-element elementor-element-31887b9 elementor-widget elementor-widget-text-editor\" data-id=\"31887b9\" data-element_type=\"widget\" data-widget_type=\"text-editor.default\">\n\t\t\t\t<div class=\"elementor-widget-container\">\n\t\t\t\t\t\t\t<p>Below you will find a list of distributors and partners who have Grande Porto wines at their disposal.<\/p>\t\t\t\t\t\t<\/div>\n\t\t\t\t<\/div>\n\t\t\t\t\t<\/div>\n\t\t<\/div>\n\t\t\t\t\t<\/div>\n\t\t<\/section>\n\t\t\t\t<section class=\"elementor-section elementor-top-section elementor-element elementor-element-105aa50 elementor-section-boxed elementor-section-height-default elementor-section-height-default\" data-id=\"105aa50\" data-element_type=\"section\">\n\t\t\t\t\t\t<div class=\"elementor-container elementor-column-gap-default\">\n\t\t\t\t\t<div class=\"elementor-column elementor-col-50 elementor-top-column elementor-element elementor-element-5fc57fb\" data-id=\"5fc57fb\" data-element_type=\"column\">\n\t\t\t<div class=\"elementor-widget-wrap elementor-element-populated\">\n\t\t\t\t\t\t<div class=\"elementor-element elementor-element-e9eb914 elementor-widget elementor-widget-heading\" data-id=\"e9eb914\" data-element_type=\"widget\" data-widget_type=\"heading.default\">\n\t\t\t\t<div class=\"elementor-widget-container\">\n\t\t\t<h2 class=\"elementor-heading-title elementor-size-default\">MAINLAND PORTUGAL<\/h2>\t\t<\/div>\n\t\t\t\t<\/div>\n\t\t\t\t<div class=\"elementor-element elementor-element-d78246c elementor-widget elementor-widget-text-editor\" data-id=\"d78246c\" data-element_type=\"widget\" data-widget_type=\"text-editor.default\">\n\t\t\t\t<div class=\"elementor-widget-container\">\n\t\t\t\t\t\t\t<h3><b>NORTH <\/b><\/h3>\nSUPERGAIA <br>\n\nRUA DA g\u00e2ndara 108-118,<br>\n\n4430-421, Vila nova de gaia<br>\n<br>\nBer\u00e7o do Papel<br>\n\nRua da Pe\u00e7a, n\u00ba388<br>\n4805-427 Ronfe<br>\n<br>\nAgarraprogresso<br>\nEstrada Nacional N\u00ba 102, Km 2, Arrifana<br>\n\n5340-481 Vale de Prados<br>\n<br>\nFlavicer<br>\n\nZona Industrial, Lote 5<br>\n\n5400-570 Santa Cruz, Trindade<br>\n<br>\n<h3><b>CENTRE<\/b><\/h3>\nBeira Sumos Lda<br>\n\nZona Industrial &#8211; Rua H-Lt 5<br> A-Apartado 1002<br>\n6000-145 Castelo Branco<br>\n<br>\nFit &amp; Drinks Lda<br>\n\nEstrada Da Guia, N\u00ba 2390<br>\n\n2415-004 &#8211; BIDOEIRA DE CIMA<br>\n<br>\nA. Ezequiel<br>\n\nParque Industrial de Tortosendo,<br>\n\nRua A Lote 5,\n\n6200-823 Tortosendo<br>\n\n&nbsp;\n<h3><b>SOUTH<\/b><\/h3>\nJUSTDRINKS, LDA.<br>\n\nQUATRO ESTRADAS, EN 125\n\nARMAZ\u00c9M 3,<br>\nS\u00cdTIO DOS SEL\u00d5ES,\n\n8100-287 LOUL\u00c9<br>\t\t\t\t\t\t<\/div>\n\t\t\t\t<\/div>\n\t\t\t\t\t<\/div>\n\t\t<\/div>\n\t\t\t\t<div class=\"elementor-column elementor-col-50 elementor-top-column elementor-element elementor-element-5ed6fcc\" data-id=\"5ed6fcc\" data-element_type=\"column\">\n\t\t\t<div class=\"elementor-widget-wrap elementor-element-populated\">\n\t\t\t\t\t\t<div class=\"elementor-element elementor-element-4df7c98 elementor-widget elementor-widget-heading\" data-id=\"4df7c98\" data-element_type=\"widget\" data-widget_type=\"heading.default\">\n\t\t\t\t<div class=\"elementor-widget-container\">\n\t\t\t<h2 class=\"elementor-heading-title elementor-size-default\">ISLANDS<\/h2>\t\t<\/div>\n\t\t\t\t<\/div>\n\t\t\t\t<div class=\"elementor-element elementor-element-299af47 elementor-widget elementor-widget-text-editor\" data-id=\"299af47\" data-element_type=\"widget\" data-widget_type=\"text-editor.default\">\n\t\t\t\t<div class=\"elementor-widget-container\">\n\t\t\t\t\t\t\t<p><span style=\"color: #515151; font-family: 'Trebuchet MS', sans-serif; font-size: 18px; text-transform: uppercase;\">MADEIRA<\/span><\/p>\n<p style=\"margin: 0cm 0cm 0.0001pt; font-size: medium; font-family: Calibri, sans-serif; font-style: normal; font-variant-caps: normal;\"><span style=\"font-size: 9pt; font-family: 'Trebuchet MS', sans-serif; color: #8d8e90; text-transform: uppercase; border: 1pt none windowtext; padding: 0cm;\">TRIBUTIGUARIA, LDA.<\/span><\/p>\n<p style=\"margin: 0cm 0cm 0.0001pt; font-size: medium; font-family: Calibri, sans-serif; font-style: normal; font-variant-caps: normal;\"><span style=\"font-size: 9pt; font-family: 'Trebuchet MS', sans-serif; color: #8d8e90; text-transform: uppercase; border: 1pt none windowtext; padding: 0cm;\">CAMINHO DA TERRA CHA N\u00ba 24<\/span><\/p>\n<p style=\"margin: 0cm 0cm 0.0001pt; font-size: medium; font-family: Calibri, sans-serif; font-style: normal; font-variant-caps: normal;\"><span style=\"font-size: 9pt; font-family: 'Trebuchet MS', sans-serif; color: #8d8e90; text-transform: uppercase; border: 1pt none windowtext; padding: 0cm;\">9020-124 FUNCHAL<\/span><\/p>\n<p style=\"margin: 0cm 0cm 0.0001pt; font-size: medium; font-family: Calibri, sans-serif; font-style: normal; font-variant-caps: normal;\"><span style=\"font-size: 8pt;\">&nbsp;<\/span><\/p>\n<h3 style=\"margin: 0cm 0cm 0.0001pt; font-size: 13.5pt; font-family: 'Times New Roman', serif; caret-color: #000000; color: #000000; font-style: normal; font-variant-caps: normal;\"><span style=\"font-family: 'Trebuchet MS', sans-serif; color: #515151; text-transform: uppercase; border: 1pt none windowtext; padding: 0cm;\">AZORES<\/span><\/h3>\n<p style=\"margin: 0cm 0cm 0.0001pt; font-size: medium; font-family: Calibri, sans-serif; font-style: normal; font-variant-caps: normal;\"><span style=\"font-size: 9pt; font-family: 'Trebuchet MS', sans-serif; color: #8d8e90; text-transform: uppercase; border: 1pt none windowtext; padding: 0cm;\">GRANDE PORTO &#8211; IND\u00daSTRIA E COM\u00c9RCIO ALIMENTAR, S.A.&nbsp;<\/span><\/p>\n<p style=\"margin: 0cm 0cm 0.0001pt; font-size: medium; font-family: Calibri, sans-serif; font-style: normal; font-variant-caps: normal;\"><span style=\"font-size: 9pt; font-family: 'Trebuchet MS', sans-serif; color: #8d8e90; text-transform: uppercase; border: 1pt none windowtext; padding: 0cm;\">RUA CH\u00c1 REGO D\u2019\u00c1GUA, LOTE 78<\/span><\/p>\n<p style=\"margin: 0cm 0cm 0.0001pt; font-size: medium; font-family: Calibri, sans-serif; font-style: normal; font-variant-caps: normal;\"><span style=\"font-size: 9pt; font-family: 'Trebuchet MS', sans-serif; color: #8d8e90; text-transform: uppercase; border: 1pt none windowtext; padding: 0cm;\">9560-301 CABOU\u00c7O, LAGOA, S.MIGUEL<\/span><\/p>\n<p style=\"margin: 0cm 0cm 0.0001pt; font-size: medium; font-family: Calibri, sans-serif; font-style: normal; font-variant-caps: normal;\"><span style=\"font-size: 9pt; font-family: 'Trebuchet MS', sans-serif; color: #8d8e90; text-transform: uppercase; border: 1pt none windowtext; padding: 0cm;\">&nbsp;<\/span><\/p>\n<p style=\"margin: 0cm 0cm 0.0001pt; font-size: medium; font-family: Calibri, sans-serif; font-style: normal; font-variant-caps: normal;\"><span style=\"font-size: 9pt; font-family: 'Trebuchet MS', sans-serif; color: #8d8e90; text-transform: uppercase; border: 1pt none windowtext; padding: 0cm;\">&nbsp;<\/span><\/p>\n<p style=\"margin: 0cm 0cm 0.0001pt; font-size: medium; font-family: Calibri, sans-serif; font-style: normal; font-variant-caps: normal;\"><span style=\"font-size: 13.5pt; font-family: 'Trebuchet MS', sans-serif; color: gray; text-transform: uppercase; border: 1pt none windowtext; padding: 0cm;\">REST OF THE WORLD<\/span><\/p>\n<p style=\"margin: 0cm 0cm 0.0001pt; font-size: medium; font-family: Calibri, sans-serif; font-style: normal; font-variant-caps: normal;\"><span style=\"font-size: 13.5pt; font-family: 'Trebuchet MS', sans-serif; color: gray; text-transform: uppercase; border: 1pt none windowtext; padding: 0cm;\">&nbsp;<\/span><\/p>\n<h3 style=\"margin: 0cm 0cm 0.0001pt; font-size: 13.5pt; font-family: 'Times New Roman', serif; caret-color: #000000; color: #000000; font-style: normal; font-variant-caps: normal;\"><span style=\"font-family: 'Trebuchet MS', sans-serif; color: #515151; text-transform: uppercase; border: 1pt none windowtext; padding: 0cm;\">MOZAMBIQUE<\/span><\/h3>\n<p style=\"margin: 0cm 0cm 0.0001pt; font-size: medium; font-family: Calibri, sans-serif; font-style: normal; font-variant-caps: normal;\"><span style=\"font-size: 9pt; font-family: 'Trebuchet MS', sans-serif; color: #8d8e90; text-transform: uppercase; border: 1pt none windowtext; padding: 0cm;\">GOSTO REAL &#8211; IND\u00daSTRIA E COM\u00c9RCIO, LDA&nbsp;<\/span><\/p>\n<p style=\"margin: 0cm 0cm 0.0001pt; font-size: medium; font-family: Calibri, sans-serif; font-style: normal; font-variant-caps: normal;\"><span style=\"font-size: 9pt; font-family: 'Trebuchet MS', sans-serif; color: #8d8e90; text-transform: uppercase; border: 1pt none windowtext; padding: 0cm;\">AV. DE NAMAACHA, PARCELA N\u00ba 730<\/span><\/p>\n<p style=\"margin: 0cm 0cm 0.0001pt; font-size: medium; font-family: Calibri, sans-serif; font-style: normal; font-variant-caps: normal;\"><span style=\"font-size: 9pt; font-family: 'Trebuchet MS', sans-serif; color: #8d8e90; text-transform: uppercase; border: 1pt none windowtext; padding: 0cm;\">TALH\u00c3O NR.3\/4 &#8211; MATOLA (MO\u00c7AMBIQUE)<\/span><\/p>\t\t\t\t\t\t<\/div>\n\t\t\t\t<\/div>\n\t\t\t\t\t<\/div>\n\t\t<\/div>\n\t\t\t\t\t<\/div>\n\t\t<\/section>\n\t\t\t\t<section class=\"elementor-section elementor-top-section elementor-element elementor-element-5199b1f elementor-section-boxed elementor-section-height-default elementor-section-height-default\" data-id=\"5199b1f\" data-element_type=\"section\">\n\t\t\t\t\t\t<div class=\"elementor-container elementor-column-gap-default\">\n\t\t\t\t\t<div class=\"elementor-column elementor-col-100 elementor-top-column elementor-element elementor-element-139979b\" data-id=\"139979b\" data-element_type=\"column\">\n\t\t\t<div class=\"elementor-widget-wrap elementor-element-populated\">\n\t\t\t\t\t\t<div class=\"elementor-element elementor-element-6147244 elementor-widget elementor-widget-spacer\" data-id=\"6147244\" data-element_type=\"widget\" data-widget_type=\"spacer.default\">\n\t\t\t\t<div class=\"elementor-widget-container\">\n\t\t\t\t\t<div class=\"elementor-spacer\">\n\t\t\t<div class=\"elementor-spacer-inner\"><\/div>\n\t\t<\/div>\n\t\t\t\t<\/div>\n\t\t\t\t<\/div>\n\t\t\t\t<div class=\"elementor-element elementor-element-d3d2a14 elementor-widget elementor-widget-text-editor\" data-id=\"d3d2a14\" data-element_type=\"widget\" data-widget_type=\"text-editor.default\">\n\t\t\t\t<div class=\"elementor-widget-container\">\n\t\t\t\t\t\t\t<p><span style=\"color: #8d8e90; font-family: 'Trebuchet MS', sans-serif; font-size: 10.5pt;\">You can also find our wines at El Corte Ingl\u00e9s Gaia and at 1000 Wine - Milsuper, Vila Nova de Milfontes.<\/span><\/p>\n<p class=\"MsoNormal\" style=\"margin: 0cm 52.45pt 0.0001pt 0cm; font-size: medium; font-family: Calibri, sans-serif; caret-color: #000000; color: #000000; font-style: normal; font-variant-caps: normal;\"><span style=\"color: #8d8e90; font-family: 'Trebuchet MS', sans-serif; font-size: 10.5pt;\">For more information, <\/span><a style=\"font-family: 'Trebuchet MS', sans-serif; font-size: 10.5pt; background-color: #ffffff;\" href=\"https:\/\/www.grandeportovinhos.com\/eng\/contacto\/\">contact us!<\/a><span style=\"color: #8d8e90; font-family: 'Trebuchet MS', sans-serif; font-size: 10.5pt;\">!<\/span><\/p>\t\t\t\t\t\t<\/div>\n\t\t\t\t<\/div>\n\t\t\t\t<div class=\"elementor-element elementor-element-ab105e3 elementor-widget elementor-widget-spacer\" data-id=\"ab105e3\" data-element_type=\"widget\" data-widget_type=\"spacer.default\">\n\t\t\t\t<div class=\"elementor-widget-container\">\n\t\t\t\t\t<div class=\"elementor-spacer\">\n\t\t\t<div class=\"elementor-spacer-inner\"><\/div>\n\t\t<\/div>\n\t\t\t\t<\/div>\n\t\t\t\t<\/div>\n\t\t\t\t\t<\/div>\n\t\t<\/div>\n\t\t\t\t\t<\/div>\n\t\t<\/section>\n\t\t\t\t<\/div>","protected":false},"excerpt":{"rendered":"<p>Abaixo encontra uma lista de distribuidores e parceiros, que t\u00eam \u00e0 sua disposi\u00e7\u00e3o os vinhos da Grande Porto. PORTUGAL CONTINENTAL NORTE SUPERGAIA RUA DA g\u00e2ndara 108-118, 4430-421, Vila nova de gaia Ber\u00e7o do Papel Rua da Pe\u00e7a, n\u00ba388 4805-427 Ronfe Agarraprogresso Estrada Nacional N\u00ba 102, Km 2, Arrifana 5340-481 Vale de Prados Flavicer Zona Industrial, [&hellip;]<\/p>","protected":false},"author":1,"featured_media":0,"parent":21,"menu_order":0,"comment_status":"closed","ping_status":"closed","template":"elementor_header_footer","meta":{"ocean_post_layout":"","ocean_both_sidebars_style":"","ocean_both_sidebars_content_width":0,"ocean_both_sidebars_sidebars_width":0,"ocean_sidebar":"","ocean_second_sidebar":"","ocean_disable_margins":"enable","ocean_add_body_class":"","ocean_shortcode_before_top_bar":"","ocean_shortcode_after_top_bar":"","ocean_shortcode_before_header":"","ocean_shortcode_after_header":"","ocean_has_shortcode":"","ocean_shortcode_after_title":"","ocean_shortcode_before_footer_widgets":"","ocean_shortcode_after_footer_widgets":"","ocean_shortcode_before_footer_bottom":"","ocean_shortcode_after_footer_bottom":"","ocean_display_top_bar":"default","ocean_display_header":"default","ocean_header_style":"","ocean_center_header_left_menu":"","ocean_custom_header_template":"","ocean_custom_logo":0,"ocean_custom_retina_logo":0,"ocean_custom_logo_max_width":0,"ocean_custom_logo_tablet_max_width":0,"ocean_custom_logo_mobile_max_width":0,"ocean_custom_logo_max_height":0,"ocean_custom_logo_tablet_max_height":0,"ocean_custom_logo_mobile_max_height":0,"ocean_header_custom_menu":"","ocean_menu_typo_font_family":"","ocean_menu_typo_font_subset":"","ocean_menu_typo_font_size":0,"ocean_menu_typo_font_size_tablet":0,"ocean_menu_typo_font_size_mobile":0,"ocean_menu_typo_font_size_unit":"px","ocean_menu_typo_font_weight":"","ocean_menu_typo_font_weight_tablet":"","ocean_menu_typo_font_weight_mobile":"","ocean_menu_typo_transform":"","ocean_menu_typo_transform_tablet":"","ocean_menu_typo_transform_mobile":"","ocean_menu_typo_line_height":0,"ocean_menu_typo_line_height_tablet":0,"ocean_menu_typo_line_height_mobile":0,"ocean_menu_typo_line_height_unit":"","ocean_menu_typo_spacing":0,"ocean_menu_typo_spacing_tablet":0,"ocean_menu_typo_spacing_mobile":0,"ocean_menu_typo_spacing_unit":"","ocean_menu_link_color":"","ocean_menu_link_color_hover":"","ocean_menu_link_color_active":"","ocean_menu_link_background":"","ocean_menu_link_hover_background":"","ocean_menu_link_active_background":"","ocean_menu_social_links_bg":"","ocean_menu_social_hover_links_bg":"","ocean_menu_social_links_color":"","ocean_menu_social_hover_links_color":"","ocean_disable_title":"default","ocean_disable_heading":"default","ocean_post_title":"","ocean_post_subheading":"","ocean_post_title_style":"","ocean_post_title_background_color":"","ocean_post_title_background":0,"ocean_post_title_bg_image_position":"","ocean_post_title_bg_image_attachment":"","ocean_post_title_bg_image_repeat":"","ocean_post_title_bg_image_size":"","ocean_post_title_height":0,"ocean_post_title_bg_overlay":0.5,"ocean_post_title_bg_overlay_color":"","ocean_disable_breadcrumbs":"default","ocean_breadcrumbs_color":"","ocean_breadcrumbs_separator_color":"","ocean_breadcrumbs_links_color":"","ocean_breadcrumbs_links_hover_color":"","ocean_display_footer_widgets":"default","ocean_display_footer_bottom":"default","ocean_custom_footer_template":"","footnotes":""},"class_list":["post-594","page","type-page","status-publish","hentry","entry","owp-thumbs-layout-horizontal","owp-btn-normal","owp-tabs-layout-vertical","has-no-thumbnails","has-product-nav"],"yoast_head":"<!-- This site is optimized with the Yoast SEO plugin v24.4 - https:\/\/yoast.com\/wordpress\/plugins\/seo\/ -->\n<title>DISTRIBUIDORES E PARCEIROS - Grande Porto - Vinhos e Bebidas<\/title>\n<meta name=\"description\" content=\"Nesta p\u00e1gina pode encontrar uma lista de distribuidores e parceiros, que t\u00eam \u00e0 sua disposi\u00e7\u00e3o os vinhos da Grande Porto.\" \/>\n<meta name=\"robots\" content=\"index, follow, max-snippet:-1, max-image-preview:large, max-video-preview:-1\" \/>\n<link rel=\"canonical\" href=\"https:\/\/www.grandeportovinhos.com\/eng\/inicio\/distribuidores-e-parceiros\/\" \/>\n<meta property=\"og:locale\" content=\"en_US\" \/>\n<meta property=\"og:type\" content=\"article\" \/>\n<meta property=\"og:title\" content=\"DISTRIBUIDORES E PARCEIROS - Grande Porto - Vinhos e Bebidas\" \/>\n<meta property=\"og:description\" content=\"Nesta p\u00e1gina pode encontrar uma lista de distribuidores e parceiros, que t\u00eam \u00e0 sua disposi\u00e7\u00e3o os vinhos da Grande Porto.\" \/>\n<meta property=\"og:url\" content=\"https:\/\/www.grandeportovinhos.com\/eng\/inicio\/distribuidores-e-parceiros\/\" \/>\n<meta property=\"og:site_name\" content=\"Grande Porto - Vinhos e Bebidas\" \/>\n<meta property=\"article:modified_time\" content=\"2024-12-23T10:57:55+00:00\" \/>\n<meta name=\"twitter:card\" content=\"summary_large_image\" \/>\n<meta name=\"twitter:label1\" content=\"Est. reading time\" \/>\n\t<meta name=\"twitter:data1\" content=\"2 minutes\" \/>\n<script type=\"application\/ld+json\" class=\"yoast-schema-graph\">{\"@context\":\"https:\/\/schema.org\",\"@graph\":[{\"@type\":\"WebPage\",\"@id\":\"https:\/\/www.grandeportovinhos.com\/inicio\/distribuidores-e-parceiros\/\",\"url\":\"https:\/\/www.grandeportovinhos.com\/inicio\/distribuidores-e-parceiros\/\",\"name\":\"DISTRIBUIDORES E PARCEIROS - Grande Porto - Vinhos e Bebidas\",\"isPartOf\":{\"@id\":\"https:\/\/www.grandeportovinhos.com\/#website\"},\"datePublished\":\"2019-02-07T19:18:05+00:00\",\"dateModified\":\"2024-12-23T10:57:55+00:00\",\"description\":\"Nesta p\u00e1gina pode encontrar uma lista de distribuidores e parceiros, que t\u00eam \u00e0 sua disposi\u00e7\u00e3o os vinhos da Grande Porto.\",\"breadcrumb\":{\"@id\":\"https:\/\/www.grandeportovinhos.com\/inicio\/distribuidores-e-parceiros\/#breadcrumb\"},\"inLanguage\":\"en-US\",\"potentialAction\":[{\"@type\":\"ReadAction\",\"target\":[\"https:\/\/www.grandeportovinhos.com\/inicio\/distribuidores-e-parceiros\/\"]}]},{\"@type\":\"BreadcrumbList\",\"@id\":\"https:\/\/www.grandeportovinhos.com\/inicio\/distribuidores-e-parceiros\/#breadcrumb\",\"itemListElement\":[{\"@type\":\"ListItem\",\"position\":1,\"name\":\"In\u00edcio\",\"item\":\"https:\/\/www.grandeportovinhos.com\/\"},{\"@type\":\"ListItem\",\"position\":2,\"name\":\"In\u00edcio\",\"item\":\"https:\/\/www.grandeportovinhos.com\/\"},{\"@type\":\"ListItem\",\"position\":3,\"name\":\"DISTRIBUIDORES E PARCEIROS\"}]},{\"@type\":\"WebSite\",\"@id\":\"https:\/\/www.grandeportovinhos.com\/#website\",\"url\":\"https:\/\/www.grandeportovinhos.com\/\",\"name\":\"Grande Porto - Vinhos e Bebidas\",\"description\":\"\",\"publisher\":{\"@id\":\"https:\/\/www.grandeportovinhos.com\/#organization\"},\"potentialAction\":[{\"@type\":\"SearchAction\",\"target\":{\"@type\":\"EntryPoint\",\"urlTemplate\":\"https:\/\/www.grandeportovinhos.com\/?s={search_term_string}\"},\"query-input\":{\"@type\":\"PropertyValueSpecification\",\"valueRequired\":true,\"valueName\":\"search_term_string\"}}],\"inLanguage\":\"en-US\"},{\"@type\":\"Organization\",\"@id\":\"https:\/\/www.grandeportovinhos.com\/#organization\",\"name\":\"Grande Porto - Vinhos e Bebidas\",\"url\":\"https:\/\/www.grandeportovinhos.com\/\",\"logo\":{\"@type\":\"ImageObject\",\"inLanguage\":\"en-US\",\"@id\":\"https:\/\/www.grandeportovinhos.com\/#\/schema\/logo\/image\/\",\"url\":\"https:\/\/www.grandeportovinhos.com\/wp-content\/uploads\/2020\/10\/cropped-logo-GP.jpg\",\"contentUrl\":\"https:\/\/www.grandeportovinhos.com\/wp-content\/uploads\/2020\/10\/cropped-logo-GP.jpg\",\"width\":2559,\"height\":1626,\"caption\":\"Grande Porto - Vinhos e Bebidas\"},\"image\":{\"@id\":\"https:\/\/www.grandeportovinhos.com\/#\/schema\/logo\/image\/\"}}]}<\/script>\n<!-- \/ Yoast SEO plugin. -->","yoast_head_json":{"title":"DISTRIBUIDORES E PARCEIROS - Grande Porto - Vinhos e Bebidas","description":"Nesta p\u00e1gina pode encontrar uma lista de distribuidores e parceiros, que t\u00eam \u00e0 sua disposi\u00e7\u00e3o os vinhos da Grande Porto.","robots":{"index":"index","follow":"follow","max-snippet":"max-snippet:-1","max-image-preview":"max-image-preview:large","max-video-preview":"max-video-preview:-1"},"canonical":"https:\/\/www.grandeportovinhos.com\/eng\/inicio\/distribuidores-e-parceiros\/","og_locale":"en_US","og_type":"article","og_title":"DISTRIBUIDORES E PARCEIROS - Grande Porto - Vinhos e Bebidas","og_description":"Nesta p\u00e1gina pode encontrar uma lista de distribuidores e parceiros, que t\u00eam \u00e0 sua disposi\u00e7\u00e3o os vinhos da Grande Porto.","og_url":"https:\/\/www.grandeportovinhos.com\/eng\/inicio\/distribuidores-e-parceiros\/","og_site_name":"Grande Porto - Vinhos e Bebidas","article_modified_time":"2024-12-23T10:57:55+00:00","twitter_card":"summary_large_image","twitter_misc":{"Est. reading time":"2 minutes"},"schema":{"@context":"https:\/\/schema.org","@graph":[{"@type":"WebPage","@id":"https:\/\/www.grandeportovinhos.com\/inicio\/distribuidores-e-parceiros\/","url":"https:\/\/www.grandeportovinhos.com\/inicio\/distribuidores-e-parceiros\/","name":"DISTRIBUIDORES E PARCEIROS - Grande Porto - Vinhos e Bebidas","isPartOf":{"@id":"https:\/\/www.grandeportovinhos.com\/#website"},"datePublished":"2019-02-07T19:18:05+00:00","dateModified":"2024-12-23T10:57:55+00:00","description":"Nesta p\u00e1gina pode encontrar uma lista de distribuidores e parceiros, que t\u00eam \u00e0 sua disposi\u00e7\u00e3o os vinhos da Grande Porto.","breadcrumb":{"@id":"https:\/\/www.grandeportovinhos.com\/inicio\/distribuidores-e-parceiros\/#breadcrumb"},"inLanguage":"en-US","potentialAction":[{"@type":"ReadAction","target":["https:\/\/www.grandeportovinhos.com\/inicio\/distribuidores-e-parceiros\/"]}]},{"@type":"BreadcrumbList","@id":"https:\/\/www.grandeportovinhos.com\/inicio\/distribuidores-e-parceiros\/#breadcrumb","itemListElement":[{"@type":"ListItem","position":1,"name":"In\u00edcio","item":"https:\/\/www.grandeportovinhos.com\/"},{"@type":"ListItem","position":2,"name":"In\u00edcio","item":"https:\/\/www.grandeportovinhos.com\/"},{"@type":"ListItem","position":3,"name":"DISTRIBUIDORES E PARCEIROS"}]},{"@type":"WebSite","@id":"https:\/\/www.grandeportovinhos.com\/#website","url":"https:\/\/www.grandeportovinhos.com\/","name":"Grande Porto - Vinhos e Bebidas","description":"","publisher":{"@id":"https:\/\/www.grandeportovinhos.com\/#organization"},"potentialAction":[{"@type":"SearchAction","target":{"@type":"EntryPoint","urlTemplate":"https:\/\/www.grandeportovinhos.com\/?s={search_term_string}"},"query-input":{"@type":"PropertyValueSpecification","valueRequired":true,"valueName":"search_term_string"}}],"inLanguage":"en-US"},{"@type":"Organization","@id":"https:\/\/www.grandeportovinhos.com\/#organization","name":"Grande Porto - Vinhos e Bebidas","url":"https:\/\/www.grandeportovinhos.com\/","logo":{"@type":"ImageObject","inLanguage":"en-US","@id":"https:\/\/www.grandeportovinhos.com\/#\/schema\/logo\/image\/","url":"https:\/\/www.grandeportovinhos.com\/wp-content\/uploads\/2020\/10\/cropped-logo-GP.jpg","contentUrl":"https:\/\/www.grandeportovinhos.com\/wp-content\/uploads\/2020\/10\/cropped-logo-GP.jpg","width":2559,"height":1626,"caption":"Grande Porto - Vinhos e Bebidas"},"image":{"@id":"https:\/\/www.grandeportovinhos.com\/#\/schema\/logo\/image\/"}}]}},"_links":{"self":[{"href":"https:\/\/www.grandeportovinhos.com\/eng\/wp-json\/wp\/v2\/pages\/594"}],"collection":[{"href":"https:\/\/www.grandeportovinhos.com\/eng\/wp-json\/wp\/v2\/pages"}],"about":[{"href":"https:\/\/www.grandeportovinhos.com\/eng\/wp-json\/wp\/v2\/types\/page"}],"author":[{"embeddable":true,"href":"https:\/\/www.grandeportovinhos.com\/eng\/wp-json\/wp\/v2\/users\/1"}],"replies":[{"embeddable":true,"href":"https:\/\/www.grandeportovinhos.com\/eng\/wp-json\/wp\/v2\/comments?post=594"}],"version-history":[{"count":37,"href":"https:\/\/www.grandeportovinhos.com\/eng\/wp-json\/wp\/v2\/pages\/594\/revisions"}],"predecessor-version":[{"id":37693,"href":"https:\/\/www.grandeportovinhos.com\/eng\/wp-json\/wp\/v2\/pages\/594\/revisions\/37693"}],"up":[{"embeddable":true,"href":"https:\/\/www.grandeportovinhos.com\/eng\/wp-json\/wp\/v2\/pages\/21"}],"wp:attachment":[{"href":"https:\/\/www.grandeportovinhos.com\/eng\/wp-json\/wp\/v2\/media?parent=594"}],"curies":[{"name":"wp","href":"https:\/\/api.w.org\/{rel}","templated":true}]}}