{"id":3,"date":"2019-02-06T11:25:02","date_gmt":"2019-02-06T11:25:02","guid":{"rendered":"https:\/\/www.grandeportovinhos.com\/?page_id=3"},"modified":"2023-01-17T12:19:10","modified_gmt":"2023-01-17T12:19:10","slug":"politica-privacidade-e-protecao-de-dados-pessoais","status":"publish","type":"page","link":"https:\/\/www.grandeportovinhos.com\/eng\/politica-privacidade-e-protecao-de-dados-pessoais\/","title":{"rendered":"Privacy and Personal Data Protection Policy"},"content":{"rendered":"<p>Saiba tudo o que precisa sobre a nossa Pol\u00edtica de Privacidade e Prote\u00e7\u00e3o de Dados Pessoais.<\/p><h2 class=\"wp-block-heading\">Quem somos<\/h2><p>Na Grande Porto, S.A. respeitamos a privacidade dos nossos clientes e agradecemos a confian\u00e7a que deposita em n\u00f3s. Todas as informa\u00e7\u00f5es pessoais relativas a clientes ou visitantes que usam a loja online ser\u00e3o tratadas em concord\u00e2ncia com a Lei da Prote\u00e7\u00e3o de Dados Pessoais de 26 de outubro de 1998 (Lei n.\u00ba 67\/98). Nomeadamente, a informa\u00e7\u00e3o pessoal recolhida pode incluir o seu nome, e-mail, n\u00famero de telefone e\/ou telem\u00f3vel, morada, e\/ou outros.<\/p><p>No cumprimento do Regulamento Geral de Prote\u00e7\u00e3o de Dados (RGPD) sobre a Prote\u00e7\u00e3o de Dados Pessoais,&nbsp;os seus dados ser\u00e3o tratados pela Grande Porto, S.A., sociedade an\u00f3nima com n\u00famero de identifica\u00e7\u00e3o fiscal 501152415, com sede na Rua Jos\u00e9 Martins de Castro, n\u00ba 160, S\u00e3o Pedro da Cova \u2013 Gondomar. A Grande Porto \u00e9 a respons\u00e1vel pelo tratamento de dados pessoais no \u00e2mbito do Regulamento Geral sobre a Prote\u00e7\u00e3o de Dados.<\/p><p>Para as quest\u00f5es relacionadas com o tratamento dos seus dados pessoais referentes a esta Pol\u00edtica de Privacidade e Prote\u00e7\u00e3o de Dados Pessoais dever\u00e1 contactar-nos atrav\u00e9s dos seguintes meios:<\/p><p>Telefone: 224 663 220 (custo chamada local)<br>Morada: Rua Jos\u00e9 Martins de Castro, n\u00ba 160, 4510-291, Gondomar \u2013 Portugal<br>Email: loja@grandeportovinhos.com<\/p><h2 class=\"wp-block-heading\">Que dados pessoais s\u00e3o recolhidos?<\/h2><p>Nome, morada, contacto telef\u00f3nico, e-mail e NIF, quer estes sejam facultados pelo seu titular, quer estes sejam facultados pelo seu representante legal, com as seguintes finalidades:<\/p><ul class=\"wp-block-list\"><li>oferecer e personalizar produtos;<\/li>\n\n<li>melhorar os nossos servi\u00e7os atrav\u00e9s de comunica\u00e7\u00e3o mais direcionada;<\/li>\n\n<li>enviar informa\u00e7\u00e3o relativa a passatempos, promo\u00e7\u00f5es ou atividades comerciais atuais ou futuras;<\/li>\n\n<li>cumprimento do contrato de compra e venda ou de presta\u00e7\u00e3o de servi\u00e7os ou para a realiza\u00e7\u00e3o de dilig\u00eancias pr\u00e9-contratuais a seu pedido.<\/li>\n\n<li>fazer entregas ao domic\u00edlio;<\/li>\n\n<li>prestar servi\u00e7o de apoio ao cliente.<\/li><\/ul><h3 class=\"wp-block-heading\">Dados anal\u00edticos<\/h3><p>A Grande Porto poder\u00e1 recolher dados estat\u00edsticos de acesso, que n\u00e3o ser\u00e3o divulgadas por n\u00f3s a terceiros.<\/p><h2 class=\"wp-block-heading\">Com quem s\u00e3o partilhados os dados?<\/h2><p>A sua informa\u00e7\u00e3o pessoal pode ser divulgada:<\/p><ul class=\"wp-block-list\"><li>Apenas nas marcas trabalhadas pela Grande Porto;<\/li>\n\n<li>Terceiros prestadores de servi\u00e7os da Grande Porto, nomeadamente as empresas de log\u00edstica encarregues da entrega das encomendas.<\/li><\/ul><h2 class=\"wp-block-heading\"><strong>Durante quanto tempo conservamos os dados?<\/strong><\/h2><p>Segundo a nossa Pol\u00edtica de Privacidade e Prote\u00e7\u00e3o de Dados Pessoais, a Grande Porto ret\u00e9m os seus dados pessoais apenas pelo per\u00edodo de tempo estritamente necess\u00e1rio para executar a finalidade para a qual os recolheu ou, consoante o caso, at\u00e9 que exer\u00e7a o seu direito de oposi\u00e7\u00e3o ou direito de elimina\u00e7\u00e3o dos dados (\u201cdireito a ser esquecido\u201d).<\/p><h2 class=\"wp-block-heading\">Que direitos tem sobre os seus dados?<\/h2><p>O titular dos dados pode solicitar o acesso, a retifica\u00e7\u00e3o ou o cancelamento dos seus dados pessoais. Se pretender exercer qualquer um destes direitos deve contactar-nos atrav\u00e9s do e-mail:&nbsp;loja@grandeportovinhos.com<\/p><h2 class=\"wp-block-heading\">Cookies<\/h2><p>As cookies s\u00e3o utilizadas para melhorar o nosso servi\u00e7o. Algumas das cookies s\u00e3o essenciais para garantir as funcionalidades disponibilizadas no site, outras s\u00e3o destinadas a melhorar o desempenho e a experi\u00eancia do utilizador e por fim temos as publicit\u00e1rias que permitem o envio de campanhas publicit\u00e1rias relevantes para o utilizador.<\/p><p>Pode ainda definir a \u201cn\u00e3o aceita\u00e7\u00e3o\u201d de&nbsp;<em>cookies<\/em>, o que pode limitar o acesso e utiliza\u00e7\u00e3o de determinadas funcionalidades do site.<\/p><h3 class=\"wp-block-heading\">Conte\u00fado incorporado de outros sites<\/h3><p>Os artigos neste site podem incluir conte\u00fado incorporado (por exemplo: v\u00eddeos, imagens, artigos, etc.). O conte\u00fado incorporado de outros sites comporta-se tal como se o utilizador visitasse esses sites. Este site pode recolher dados sobre si, usar cookies, incorporar rastreio feito por terceiros, monitorizar as suas intera\u00e7\u00f5es com o mesmo.<\/p><h2 class=\"wp-block-heading\"><strong>Seguran\u00e7a<\/strong><\/h2><p>A transfer\u00eancia, armazenamento e processamento dos dados pessoais recolhidos atrav\u00e9s deste&nbsp;site&nbsp;s\u00e3o protegidos atrav\u00e9s de uma liga\u00e7\u00e3o segura (SSL), que cumpre com a legisla\u00e7\u00e3o de seguran\u00e7a em termos t\u00e9cnicos de equipamento e&nbsp;<em>software<\/em>.<\/p><p>\u00daltima atualiza\u00e7\u00e3o: Fevereiro de 2021.<\/p>","protected":false},"excerpt":{"rendered":"<p>Saiba tudo o que precisa sobre a nossa Pol\u00edtica de Privacidade e Prote\u00e7\u00e3o de Dados Pessoais. Quem somos Na Grande Porto, S.A. respeitamos a privacidade dos nossos clientes e agradecemos a confian\u00e7a que deposita em n\u00f3s. Todas as informa\u00e7\u00f5es pessoais relativas a clientes ou visitantes que usam a loja online ser\u00e3o tratadas em concord\u00e2ncia com [&hellip;]<\/p>","protected":false},"author":1,"featured_media":0,"parent":0,"menu_order":0,"comment_status":"closed","ping_status":"closed","template":"","meta":{"ocean_post_layout":"full-width","ocean_both_sidebars_style":"","ocean_both_sidebars_content_width":0,"ocean_both_sidebars_sidebars_width":0,"ocean_sidebar":"0","ocean_second_sidebar":"0","ocean_disable_margins":"enable","ocean_add_body_class":"","ocean_shortcode_before_top_bar":"","ocean_shortcode_after_top_bar":"","ocean_shortcode_before_header":"","ocean_shortcode_after_header":"","ocean_has_shortcode":"","ocean_shortcode_after_title":"","ocean_shortcode_before_footer_widgets":"","ocean_shortcode_after_footer_widgets":"","ocean_shortcode_before_footer_bottom":"","ocean_shortcode_after_footer_bottom":"","ocean_display_top_bar":"default","ocean_display_header":"default","ocean_header_style":"","ocean_center_header_left_menu":"0","ocean_custom_header_template":"0","ocean_custom_logo":0,"ocean_custom_retina_logo":0,"ocean_custom_logo_max_width":0,"ocean_custom_logo_tablet_max_width":0,"ocean_custom_logo_mobile_max_width":0,"ocean_custom_logo_max_height":0,"ocean_custom_logo_tablet_max_height":0,"ocean_custom_logo_mobile_max_height":0,"ocean_header_custom_menu":"0","ocean_menu_typo_font_family":"0","ocean_menu_typo_font_subset":"","ocean_menu_typo_font_size":0,"ocean_menu_typo_font_size_tablet":0,"ocean_menu_typo_font_size_mobile":0,"ocean_menu_typo_font_size_unit":"px","ocean_menu_typo_font_weight":"","ocean_menu_typo_font_weight_tablet":"","ocean_menu_typo_font_weight_mobile":"","ocean_menu_typo_transform":"","ocean_menu_typo_transform_tablet":"","ocean_menu_typo_transform_mobile":"","ocean_menu_typo_line_height":0,"ocean_menu_typo_line_height_tablet":0,"ocean_menu_typo_line_height_mobile":0,"ocean_menu_typo_line_height_unit":"","ocean_menu_typo_spacing":0,"ocean_menu_typo_spacing_tablet":0,"ocean_menu_typo_spacing_mobile":0,"ocean_menu_typo_spacing_unit":"","ocean_menu_link_color":"","ocean_menu_link_color_hover":"","ocean_menu_link_color_active":"","ocean_menu_link_background":"","ocean_menu_link_hover_background":"","ocean_menu_link_active_background":"","ocean_menu_social_links_bg":"","ocean_menu_social_hover_links_bg":"","ocean_menu_social_links_color":"","ocean_menu_social_hover_links_color":"","ocean_disable_title":"default","ocean_disable_heading":"default","ocean_post_title":"","ocean_post_subheading":"","ocean_post_title_style":"","ocean_post_title_background_color":"","ocean_post_title_background":0,"ocean_post_title_bg_image_position":"","ocean_post_title_bg_image_attachment":"","ocean_post_title_bg_image_repeat":"","ocean_post_title_bg_image_size":"","ocean_post_title_height":0,"ocean_post_title_bg_overlay":0.5,"ocean_post_title_bg_overlay_color":"","ocean_disable_breadcrumbs":"default","ocean_breadcrumbs_color":"","ocean_breadcrumbs_separator_color":"","ocean_breadcrumbs_links_color":"","ocean_breadcrumbs_links_hover_color":"","ocean_display_footer_widgets":"default","ocean_display_footer_bottom":"default","ocean_custom_footer_template":"0","footnotes":""},"class_list":["post-3","page","type-page","status-publish","hentry","entry","owp-thumbs-layout-horizontal","owp-btn-normal","owp-tabs-layout-vertical","has-no-thumbnails","has-product-nav"],"yoast_head":"<!-- This site is optimized with the Yoast SEO plugin v24.4 - https:\/\/yoast.com\/wordpress\/plugins\/seo\/ -->\n<title>Pol\u00edtica de Privacidade e Prote\u00e7\u00e3o de Dados Pessoais<\/title>\n<meta name=\"description\" content=\"Pol\u00edtica de privacidade e prote\u00e7\u00e3o de dados pessoais - descri\u00e7\u00e3o dos dados pessoais que s\u00e3o recolhidos e com que finalidade.\" \/>\n<meta name=\"robots\" content=\"index, follow, max-snippet:-1, max-image-preview:large, max-video-preview:-1\" \/>\n<link rel=\"canonical\" href=\"https:\/\/www.grandeportovinhos.com\/eng\/politica-privacidade-e-protecao-de-dados-pessoais\/\" \/>\n<meta property=\"og:locale\" content=\"en_US\" \/>\n<meta property=\"og:type\" content=\"article\" \/>\n<meta property=\"og:title\" content=\"Pol\u00edtica de Privacidade e Prote\u00e7\u00e3o de Dados Pessoais\" \/>\n<meta property=\"og:description\" content=\"Pol\u00edtica de privacidade e prote\u00e7\u00e3o de dados pessoais - descri\u00e7\u00e3o dos dados pessoais que s\u00e3o recolhidos e com que finalidade.\" \/>\n<meta property=\"og:url\" content=\"https:\/\/www.grandeportovinhos.com\/eng\/politica-privacidade-e-protecao-de-dados-pessoais\/\" \/>\n<meta property=\"og:site_name\" content=\"Grande Porto - Vinhos e Bebidas\" \/>\n<meta property=\"article:modified_time\" content=\"2023-01-17T12:19:10+00:00\" \/>\n<meta name=\"twitter:card\" content=\"summary_large_image\" \/>\n<meta name=\"twitter:label1\" content=\"Est. reading time\" \/>\n\t<meta name=\"twitter:data1\" content=\"4 minutes\" \/>\n<script type=\"application\/ld+json\" class=\"yoast-schema-graph\">{\"@context\":\"https:\/\/schema.org\",\"@graph\":[{\"@type\":\"WebPage\",\"@id\":\"https:\/\/www.grandeportovinhos.com\/politica-privacidade-e-protecao-de-dados-pessoais\/\",\"url\":\"https:\/\/www.grandeportovinhos.com\/politica-privacidade-e-protecao-de-dados-pessoais\/\",\"name\":\"Pol\u00edtica de Privacidade e Prote\u00e7\u00e3o de Dados Pessoais\",\"isPartOf\":{\"@id\":\"https:\/\/www.grandeportovinhos.com\/#website\"},\"datePublished\":\"2019-02-06T11:25:02+00:00\",\"dateModified\":\"2023-01-17T12:19:10+00:00\",\"description\":\"Pol\u00edtica de privacidade e prote\u00e7\u00e3o de dados pessoais - descri\u00e7\u00e3o dos dados pessoais que s\u00e3o recolhidos e com que finalidade.\",\"breadcrumb\":{\"@id\":\"https:\/\/www.grandeportovinhos.com\/politica-privacidade-e-protecao-de-dados-pessoais\/#breadcrumb\"},\"inLanguage\":\"en-US\",\"potentialAction\":[{\"@type\":\"ReadAction\",\"target\":[\"https:\/\/www.grandeportovinhos.com\/politica-privacidade-e-protecao-de-dados-pessoais\/\"]}]},{\"@type\":\"BreadcrumbList\",\"@id\":\"https:\/\/www.grandeportovinhos.com\/politica-privacidade-e-protecao-de-dados-pessoais\/#breadcrumb\",\"itemListElement\":[{\"@type\":\"ListItem\",\"position\":1,\"name\":\"In\u00edcio\",\"item\":\"https:\/\/www.grandeportovinhos.com\/\"},{\"@type\":\"ListItem\",\"position\":2,\"name\":\"Pol\u00edtica de Privacidade e Prote\u00e7\u00e3o de Dados Pessoais\"}]},{\"@type\":\"WebSite\",\"@id\":\"https:\/\/www.grandeportovinhos.com\/#website\",\"url\":\"https:\/\/www.grandeportovinhos.com\/\",\"name\":\"Grande Porto - Vinhos e Bebidas\",\"description\":\"\",\"publisher\":{\"@id\":\"https:\/\/www.grandeportovinhos.com\/#organization\"},\"potentialAction\":[{\"@type\":\"SearchAction\",\"target\":{\"@type\":\"EntryPoint\",\"urlTemplate\":\"https:\/\/www.grandeportovinhos.com\/?s={search_term_string}\"},\"query-input\":{\"@type\":\"PropertyValueSpecification\",\"valueRequired\":true,\"valueName\":\"search_term_string\"}}],\"inLanguage\":\"en-US\"},{\"@type\":\"Organization\",\"@id\":\"https:\/\/www.grandeportovinhos.com\/#organization\",\"name\":\"Grande Porto - Vinhos e Bebidas\",\"url\":\"https:\/\/www.grandeportovinhos.com\/\",\"logo\":{\"@type\":\"ImageObject\",\"inLanguage\":\"en-US\",\"@id\":\"https:\/\/www.grandeportovinhos.com\/#\/schema\/logo\/image\/\",\"url\":\"https:\/\/www.grandeportovinhos.com\/wp-content\/uploads\/2020\/10\/cropped-logo-GP.jpg\",\"contentUrl\":\"https:\/\/www.grandeportovinhos.com\/wp-content\/uploads\/2020\/10\/cropped-logo-GP.jpg\",\"width\":2559,\"height\":1626,\"caption\":\"Grande Porto - Vinhos e Bebidas\"},\"image\":{\"@id\":\"https:\/\/www.grandeportovinhos.com\/#\/schema\/logo\/image\/\"}}]}<\/script>\n<!-- \/ Yoast SEO plugin. -->","yoast_head_json":{"title":"Pol\u00edtica de Privacidade e Prote\u00e7\u00e3o de Dados Pessoais","description":"Pol\u00edtica de privacidade e prote\u00e7\u00e3o de dados pessoais - descri\u00e7\u00e3o dos dados pessoais que s\u00e3o recolhidos e com que finalidade.","robots":{"index":"index","follow":"follow","max-snippet":"max-snippet:-1","max-image-preview":"max-image-preview:large","max-video-preview":"max-video-preview:-1"},"canonical":"https:\/\/www.grandeportovinhos.com\/eng\/politica-privacidade-e-protecao-de-dados-pessoais\/","og_locale":"en_US","og_type":"article","og_title":"Pol\u00edtica de Privacidade e Prote\u00e7\u00e3o de Dados Pessoais","og_description":"Pol\u00edtica de privacidade e prote\u00e7\u00e3o de dados pessoais - descri\u00e7\u00e3o dos dados pessoais que s\u00e3o recolhidos e com que finalidade.","og_url":"https:\/\/www.grandeportovinhos.com\/eng\/politica-privacidade-e-protecao-de-dados-pessoais\/","og_site_name":"Grande Porto - Vinhos e Bebidas","article_modified_time":"2023-01-17T12:19:10+00:00","twitter_card":"summary_large_image","twitter_misc":{"Est. reading time":"4 minutes"},"schema":{"@context":"https:\/\/schema.org","@graph":[{"@type":"WebPage","@id":"https:\/\/www.grandeportovinhos.com\/politica-privacidade-e-protecao-de-dados-pessoais\/","url":"https:\/\/www.grandeportovinhos.com\/politica-privacidade-e-protecao-de-dados-pessoais\/","name":"Pol\u00edtica de Privacidade e Prote\u00e7\u00e3o de Dados Pessoais","isPartOf":{"@id":"https:\/\/www.grandeportovinhos.com\/#website"},"datePublished":"2019-02-06T11:25:02+00:00","dateModified":"2023-01-17T12:19:10+00:00","description":"Pol\u00edtica de privacidade e prote\u00e7\u00e3o de dados pessoais - descri\u00e7\u00e3o dos dados pessoais que s\u00e3o recolhidos e com que finalidade.","breadcrumb":{"@id":"https:\/\/www.grandeportovinhos.com\/politica-privacidade-e-protecao-de-dados-pessoais\/#breadcrumb"},"inLanguage":"en-US","potentialAction":[{"@type":"ReadAction","target":["https:\/\/www.grandeportovinhos.com\/politica-privacidade-e-protecao-de-dados-pessoais\/"]}]},{"@type":"BreadcrumbList","@id":"https:\/\/www.grandeportovinhos.com\/politica-privacidade-e-protecao-de-dados-pessoais\/#breadcrumb","itemListElement":[{"@type":"ListItem","position":1,"name":"In\u00edcio","item":"https:\/\/www.grandeportovinhos.com\/"},{"@type":"ListItem","position":2,"name":"Pol\u00edtica de Privacidade e Prote\u00e7\u00e3o de Dados Pessoais"}]},{"@type":"WebSite","@id":"https:\/\/www.grandeportovinhos.com\/#website","url":"https:\/\/www.grandeportovinhos.com\/","name":"Grande Porto - Vinhos e Bebidas","description":"","publisher":{"@id":"https:\/\/www.grandeportovinhos.com\/#organization"},"potentialAction":[{"@type":"SearchAction","target":{"@type":"EntryPoint","urlTemplate":"https:\/\/www.grandeportovinhos.com\/?s={search_term_string}"},"query-input":{"@type":"PropertyValueSpecification","valueRequired":true,"valueName":"search_term_string"}}],"inLanguage":"en-US"},{"@type":"Organization","@id":"https:\/\/www.grandeportovinhos.com\/#organization","name":"Grande Porto - Vinhos e Bebidas","url":"https:\/\/www.grandeportovinhos.com\/","logo":{"@type":"ImageObject","inLanguage":"en-US","@id":"https:\/\/www.grandeportovinhos.com\/#\/schema\/logo\/image\/","url":"https:\/\/www.grandeportovinhos.com\/wp-content\/uploads\/2020\/10\/cropped-logo-GP.jpg","contentUrl":"https:\/\/www.grandeportovinhos.com\/wp-content\/uploads\/2020\/10\/cropped-logo-GP.jpg","width":2559,"height":1626,"caption":"Grande Porto - Vinhos e Bebidas"},"image":{"@id":"https:\/\/www.grandeportovinhos.com\/#\/schema\/logo\/image\/"}}]}},"_links":{"self":[{"href":"https:\/\/www.grandeportovinhos.com\/eng\/wp-json\/wp\/v2\/pages\/3"}],"collection":[{"href":"https:\/\/www.grandeportovinhos.com\/eng\/wp-json\/wp\/v2\/pages"}],"about":[{"href":"https:\/\/www.grandeportovinhos.com\/eng\/wp-json\/wp\/v2\/types\/page"}],"author":[{"embeddable":true,"href":"https:\/\/www.grandeportovinhos.com\/eng\/wp-json\/wp\/v2\/users\/1"}],"replies":[{"embeddable":true,"href":"https:\/\/www.grandeportovinhos.com\/eng\/wp-json\/wp\/v2\/comments?post=3"}],"version-history":[{"count":7,"href":"https:\/\/www.grandeportovinhos.com\/eng\/wp-json\/wp\/v2\/pages\/3\/revisions"}],"predecessor-version":[{"id":37086,"href":"https:\/\/www.grandeportovinhos.com\/eng\/wp-json\/wp\/v2\/pages\/3\/revisions\/37086"}],"wp:attachment":[{"href":"https:\/\/www.grandeportovinhos.com\/eng\/wp-json\/wp\/v2\/media?parent=3"}],"curies":[{"name":"wp","href":"https:\/\/api.w.org\/{rel}","templated":true}]}}