{"id":2078,"date":"2021-02-03T11:51:13","date_gmt":"2021-02-03T11:51:13","guid":{"rendered":"https:\/\/www.grandeportovinhos.com\/?page_id=2078"},"modified":"2021-02-17T18:13:53","modified_gmt":"2021-02-17T18:13:53","slug":"harmonizacao","status":"publish","type":"page","link":"https:\/\/www.grandeportovinhos.com\/eng\/sobre-vinhos\/harmonizacao\/","title":{"rendered":"HARMONIZATION"},"content":{"rendered":"<div data-elementor-type=\"wp-page\" data-elementor-id=\"2078\" class=\"elementor elementor-2078\">\n\t\t\t\t\t\t<section class=\"elementor-section elementor-top-section elementor-element elementor-element-151b1cc elementor-section-full_width elementor-section-height-default elementor-section-height-default\" data-id=\"151b1cc\" data-element_type=\"section\">\n\t\t\t\t\t\t<div class=\"elementor-container elementor-column-gap-default\">\n\t\t\t\t\t<div class=\"elementor-column elementor-col-100 elementor-top-column elementor-element elementor-element-bc42141\" data-id=\"bc42141\" data-element_type=\"column\">\n\t\t\t<div class=\"elementor-widget-wrap elementor-element-populated\">\n\t\t\t\t\t\t<div class=\"elementor-element elementor-element-2e94ca4 elementor-widget elementor-widget-text-editor\" data-id=\"2e94ca4\" data-element_type=\"widget\" data-widget_type=\"text-editor.default\">\n\t\t\t\t<div class=\"elementor-widget-container\">\n\t\t\t\t\t\t\t<p><span style=\"font-size: 14px;\">Pairing wine and food is not always easy, but there are some techniques that are quite simple to apply.<\/span><span style=\"font-family: &quot;Trebuchet MS&quot;; font-size: 14px; font-style: normal; font-variant-caps: normal;\">.&nbsp;<\/span><\/p>\n<p class=\"translation-block\">These are the 6 basic principles to take into account when pairing food and wine:<\/p>\n<ol style=\"font-variant-caps: normal; font-family: &quot;Trebuchet MS&quot;; font-size: 14px; font-style: normal;\">\n<li style=\"font-size: 14px;\"><span style=\"font-variant-caps: normal; font-family: &quot;Trebuchet MS&quot;; font-size: 14px; font-style: normal;\">The acidity in wine pairs well with fatty and sweet foods.&nbsp;<\/span><\/li>\n<li style=\"font-size: 14px;\"><span style=\"font-family: &quot;Trebuchet MS&quot;; font-size: 14px;\">Fatty foods need an acidic or high-alcohol wine. Otherwise, the wine will taste flat.&nbsp;<\/span><\/li>\n<li style=\"font-size: 14px;\"><span style=\"font-family: &quot;Trebuchet MS&quot;; font-size: 14px;\">Bitter wine must be balanced with sweet food.&nbsp;<\/span><\/li>\n<li style=\"font-size: 14px;\"><span style=\"font-family: &quot;Trebuchet MS&quot;; font-size: 14px;\">Salty shouldn't compete with acidity in a wine. Use sparingly, if necessary, to maintain the sharpness in the meal.&nbsp;<\/span><\/li>\n<li style=\"font-size: 14px;\"><span style=\"font-family: &quot;Trebuchet MS&quot;; font-size: 14px;\">Sweet foods\/wines benefit from a little acidity.<\/span><\/li>\n<li style=\"font-size: 14px;\"><span style=\"font-family: &quot;Trebuchet MS&quot;; font-size: 14px;\">Alcohol can be used to cut down on fatty foods or balance out a sweet dish.<\/span><\/li><\/ol>\t\t\t\t\t\t<\/div>\n\t\t\t\t<\/div>\n\t\t\t\t<div class=\"elementor-element elementor-element-a0533ea elementor-widget elementor-widget-heading\" data-id=\"a0533ea\" data-element_type=\"widget\" data-widget_type=\"heading.default\">\n\t\t\t\t<div class=\"elementor-widget-container\">\n\t\t\t<h2 class=\"elementor-heading-title elementor-size-default\">Structure<\/h2>\t\t<\/div>\n\t\t\t\t<\/div>\n\t\t\t\t<div class=\"elementor-element elementor-element-e0504f8 elementor-widget elementor-widget-text-editor\" data-id=\"e0504f8\" data-element_type=\"widget\" data-widget_type=\"text-editor.default\">\n\t\t\t\t<div class=\"elementor-widget-container\">\n\t\t\t\t\t\t\t<p><span style=\"font-variant-caps: normal; font-family: 'Trebuchet MS'; font-size: 14px; font-style: normal;\">One of the basic rules is the harmony and balance between wine and food. Therefore, we must pay attention to the structure of the two elements, so that the dish and the wine do not overlap.<\/span><\/p><ul><li class=\"translation-block\">Light dishes combine with lighter and fresher wines \u2013 for a seafood salad, the best wine will be a light and fresh white.<\/li><li>More structured and spicy dishes should be combined with more full-bodied wines \u2013 cod in the oven calls for a more structured white wine or a light red. A succulent and well-seasoned piece of lamb calls for a complex red.<\/li><\/ul>\t\t\t\t\t\t<\/div>\n\t\t\t\t<\/div>\n\t\t\t\t<div class=\"elementor-element elementor-element-5008ffa elementor-widget elementor-widget-heading\" data-id=\"5008ffa\" data-element_type=\"widget\" data-widget_type=\"heading.default\">\n\t\t\t\t<div class=\"elementor-widget-container\">\n\t\t\t<h2 class=\"elementor-heading-title elementor-size-default\">Contrast<\/h2>\t\t<\/div>\n\t\t\t\t<\/div>\n\t\t\t\t<div class=\"elementor-element elementor-element-55b2dce elementor-widget elementor-widget-text-editor\" data-id=\"55b2dce\" data-element_type=\"widget\" data-widget_type=\"text-editor.default\">\n\t\t\t\t<div class=\"elementor-widget-container\">\n\t\t\t\t\t\t\t<p>The principle of contrast also works very well in harmonization. There are some rules to keep in mind, listed below:<\/p><ul><li>Acid + Acid \u2013 unlike bitter, acidity can be added to food and wine.\u00a0<\/li><li>Sweet + Salty - a combination of a sweet wine and a salty meal will likely delight you.<\/li><li>Bitter + Bitter \u2013 bitter doesn\u2019t go with more bitter, and it\u2019s the main reason why red wines and chocolate don\u2019t mix.<\/li><li>Bitter + Buttery \u2013 The fat in food helps to soften the tannins in red wines, making them less dry and astringent.<\/li><li>Acid + Buttery \u2013 A drink with a high acid content will add a variety of interesting flavors to a fatty dish.<\/li><\/ul>\t\t\t\t\t\t<\/div>\n\t\t\t\t<\/div>\n\t\t\t\t\t<\/div>\n\t\t<\/div>\n\t\t\t\t\t<\/div>\n\t\t<\/section>\n\t\t\t\t<section class=\"elementor-section elementor-top-section elementor-element elementor-element-9c666bc elementor-section-full_width elementor-section-height-default elementor-section-height-default\" data-id=\"9c666bc\" data-element_type=\"section\">\n\t\t\t\t\t\t<div class=\"elementor-container elementor-column-gap-default\">\n\t\t\t\t\t<div class=\"elementor-column elementor-col-100 elementor-top-column elementor-element elementor-element-0434862\" data-id=\"0434862\" data-element_type=\"column\">\n\t\t\t<div class=\"elementor-widget-wrap elementor-element-populated\">\n\t\t\t\t\t\t<div class=\"elementor-element elementor-element-55f4e3f elementor-widget-divider--view-line_text elementor-widget-divider--element-align-center elementor-widget elementor-widget-divider\" data-id=\"55f4e3f\" data-element_type=\"widget\" data-widget_type=\"divider.default\">\n\t\t\t\t<div class=\"elementor-widget-container\">\n\t\t\t\t\t<div class=\"elementor-divider\">\n\t\t\t<span class=\"elementor-divider-separator\">\n\t\t\t\t\t\t\t<span class=\"elementor-divider__text elementor-divider__element\">\n\t\t\t\tGeneral Tips\t\t\t\t<\/span>\n\t\t\t\t\t\t<\/span>\n\t\t<\/div>\n\t\t\t\t<\/div>\n\t\t\t\t<\/div>\n\t\t\t\t<section class=\"elementor-section elementor-inner-section elementor-element elementor-element-8b4b2a4 elementor-section-boxed elementor-section-height-default elementor-section-height-default\" data-id=\"8b4b2a4\" data-element_type=\"section\">\n\t\t\t\t\t\t<div class=\"elementor-container elementor-column-gap-default\">\n\t\t\t\t\t<div class=\"elementor-column elementor-col-50 elementor-inner-column elementor-element elementor-element-8b67185\" data-id=\"8b67185\" data-element_type=\"column\">\n\t\t\t<div class=\"elementor-widget-wrap elementor-element-populated\">\n\t\t\t\t\t\t<div class=\"elementor-element elementor-element-c946fd2 elementor-widget elementor-widget-image\" data-id=\"c946fd2\" data-element_type=\"widget\" data-widget_type=\"image.default\">\n\t\t\t\t<div class=\"elementor-widget-container\">\n\t\t\t\t\t\t\t\t\t\t\t\t\t<img fetchpriority=\"high\" decoding=\"async\" width=\"684\" height=\"1024\" src=\"https:\/\/www.grandeportovinhos.com\/wp-content\/uploads\/2021\/02\/pexels-cottonbro-3171201-684x1024.jpg\" class=\"attachment-large size-large wp-image-2346\" alt=\"\" srcset=\"https:\/\/www.grandeportovinhos.com\/wp-content\/uploads\/2021\/02\/pexels-cottonbro-3171201-684x1024.jpg 684w, https:\/\/www.grandeportovinhos.com\/wp-content\/uploads\/2021\/02\/pexels-cottonbro-3171201-200x299.jpg 200w, https:\/\/www.grandeportovinhos.com\/wp-content\/uploads\/2021\/02\/pexels-cottonbro-3171201-300x449.jpg 300w, https:\/\/www.grandeportovinhos.com\/wp-content\/uploads\/2021\/02\/pexels-cottonbro-3171201-768x1150.jpg 768w, https:\/\/www.grandeportovinhos.com\/wp-content\/uploads\/2021\/02\/pexels-cottonbro-3171201-1026x1536.jpg 1026w, https:\/\/www.grandeportovinhos.com\/wp-content\/uploads\/2021\/02\/pexels-cottonbro-3171201-1368x2048.jpg 1368w, https:\/\/www.grandeportovinhos.com\/wp-content\/uploads\/2021\/02\/pexels-cottonbro-3171201.jpg 1635w\" sizes=\"(max-width: 684px) 100vw, 684px\" \/>\t\t\t\t\t\t\t\t\t\t\t\t\t<\/div>\n\t\t\t\t<\/div>\n\t\t\t\t\t<\/div>\n\t\t<\/div>\n\t\t\t\t<div class=\"elementor-column elementor-col-50 elementor-inner-column elementor-element elementor-element-f87e76e\" data-id=\"f87e76e\" data-element_type=\"column\">\n\t\t\t<div class=\"elementor-widget-wrap elementor-element-populated\">\n\t\t\t\t\t\t<div class=\"elementor-element elementor-element-557d771 elementor-widget elementor-widget-text-editor\" data-id=\"557d771\" data-element_type=\"widget\" data-widget_type=\"text-editor.default\">\n\t\t\t\t<div class=\"elementor-widget-container\">\n\t\t\t\t\t\t\t<div data-ez-block-id=\"2211617\"><section><div><div><article><ul><li>Start by serving the lightest wines and work your way up to the more complex ones. And keep in mind, lighter dishes call for lighter and fresher wines and more structured dishes call for more complex and full-bodied wines.<\/li><li>Strongly acidic seasonings in food (eg vinegar and lemon) can make the dish too acidic. In these cases, we must harmonize the food with even more acidic wines, in order to prevent the wines from seeming less intense and tasty. The same goes for food paired with sweet wines. The wine must always be sweeter otherwise it will seem flat.<\/li><li>Spicy food should be paired with fruity, slightly sweet and alcoholic wines to neutralize the spicy taste. Just as bitter food calls for less complex wines, with few tannins, as they intensify the bitter taste.<\/li><li><span style=\"font-size: 14px;\">Salty food attenuates the tannins in wines, softening them and making them more neutral. However, salt must be used in a balanced way.<\/span><\/li><li><span style=\"font-size: 14px;\">The wine used in the preparation of the dishes must be of high quality and, preferably, the same wine that will be served with the meal. In this way, the food will have a more refined taste.\u00a0<\/span><\/li><\/ul><\/article><\/div><\/div><\/section><\/div>\t\t\t\t\t\t<\/div>\n\t\t\t\t<\/div>\n\t\t\t\t\t<\/div>\n\t\t<\/div>\n\t\t\t\t\t<\/div>\n\t\t<\/section>\n\t\t\t\t\t<\/div>\n\t\t<\/div>\n\t\t\t\t\t<\/div>\n\t\t<\/section>\n\t\t\t\t<\/div>","protected":false},"excerpt":{"rendered":"<p>A harmoniza\u00e7\u00e3o entre vinho e comida nem sempre \u00e9 f\u00e1cil mas existem algumas t\u00e9cnicas bastante simples de aplicar.&nbsp; Estes s\u00e3o os 6&nbsp;princ\u00edpios&nbsp;b\u00e1sicos a ter em conta na combina\u00e7\u00e3o entre comida e vinho:&nbsp; A acidez no vinho combina bem com alimentos gordurosos e doces.&nbsp; Alimentos gordurosos precisam de um vinho \u00e1cido ou com alto teor de [&hellip;]<\/p>","protected":false},"author":1,"featured_media":0,"parent":2070,"menu_order":0,"comment_status":"closed","ping_status":"closed","template":"","meta":{"ocean_post_layout":"full-width","ocean_both_sidebars_style":"","ocean_both_sidebars_content_width":0,"ocean_both_sidebars_sidebars_width":0,"ocean_sidebar":"0","ocean_second_sidebar":"0","ocean_disable_margins":"enable","ocean_add_body_class":"","ocean_shortcode_before_top_bar":"","ocean_shortcode_after_top_bar":"","ocean_shortcode_before_header":"","ocean_shortcode_after_header":"","ocean_has_shortcode":"","ocean_shortcode_after_title":"","ocean_shortcode_before_footer_widgets":"","ocean_shortcode_after_footer_widgets":"","ocean_shortcode_before_footer_bottom":"","ocean_shortcode_after_footer_bottom":"","ocean_display_top_bar":"default","ocean_display_header":"default","ocean_header_style":"","ocean_center_header_left_menu":"0","ocean_custom_header_template":"0","ocean_custom_logo":0,"ocean_custom_retina_logo":0,"ocean_custom_logo_max_width":0,"ocean_custom_logo_tablet_max_width":0,"ocean_custom_logo_mobile_max_width":0,"ocean_custom_logo_max_height":0,"ocean_custom_logo_tablet_max_height":0,"ocean_custom_logo_mobile_max_height":0,"ocean_header_custom_menu":"0","ocean_menu_typo_font_family":"0","ocean_menu_typo_font_subset":"","ocean_menu_typo_font_size":0,"ocean_menu_typo_font_size_tablet":0,"ocean_menu_typo_font_size_mobile":0,"ocean_menu_typo_font_size_unit":"px","ocean_menu_typo_font_weight":"","ocean_menu_typo_font_weight_tablet":"","ocean_menu_typo_font_weight_mobile":"","ocean_menu_typo_transform":"","ocean_menu_typo_transform_tablet":"","ocean_menu_typo_transform_mobile":"","ocean_menu_typo_line_height":0,"ocean_menu_typo_line_height_tablet":0,"ocean_menu_typo_line_height_mobile":0,"ocean_menu_typo_line_height_unit":"","ocean_menu_typo_spacing":0,"ocean_menu_typo_spacing_tablet":0,"ocean_menu_typo_spacing_mobile":0,"ocean_menu_typo_spacing_unit":"","ocean_menu_link_color":"","ocean_menu_link_color_hover":"","ocean_menu_link_color_active":"","ocean_menu_link_background":"","ocean_menu_link_hover_background":"","ocean_menu_link_active_background":"","ocean_menu_social_links_bg":"","ocean_menu_social_hover_links_bg":"","ocean_menu_social_links_color":"","ocean_menu_social_hover_links_color":"","ocean_disable_title":"default","ocean_disable_heading":"default","ocean_post_title":"","ocean_post_subheading":"","ocean_post_title_style":"","ocean_post_title_background_color":"","ocean_post_title_background":0,"ocean_post_title_bg_image_position":"","ocean_post_title_bg_image_attachment":"","ocean_post_title_bg_image_repeat":"","ocean_post_title_bg_image_size":"","ocean_post_title_height":0,"ocean_post_title_bg_overlay":0.5,"ocean_post_title_bg_overlay_color":"","ocean_disable_breadcrumbs":"default","ocean_breadcrumbs_color":"","ocean_breadcrumbs_separator_color":"","ocean_breadcrumbs_links_color":"","ocean_breadcrumbs_links_hover_color":"","ocean_display_footer_widgets":"default","ocean_display_footer_bottom":"default","ocean_custom_footer_template":"0","footnotes":""},"class_list":["post-2078","page","type-page","status-publish","hentry","entry","owp-thumbs-layout-horizontal","owp-btn-normal","owp-tabs-layout-vertical","has-no-thumbnails","has-product-nav"],"yoast_head":"<!-- This site is optimized with the Yoast SEO plugin v24.4 - https:\/\/yoast.com\/wordpress\/plugins\/seo\/ -->\n<title>HARMONIZA\u00c7\u00c3O - Grande Porto - Vinhos e Bebidas<\/title>\n<meta name=\"description\" content=\"harmoniza\u00e7\u00e3o entre vinho e comida\" \/>\n<meta name=\"robots\" content=\"index, follow, max-snippet:-1, max-image-preview:large, max-video-preview:-1\" \/>\n<link rel=\"canonical\" href=\"https:\/\/www.grandeportovinhos.com\/eng\/sobre-vinhos\/harmonizacao\/\" \/>\n<meta property=\"og:locale\" content=\"en_US\" \/>\n<meta property=\"og:type\" content=\"article\" \/>\n<meta property=\"og:title\" content=\"HARMONIZA\u00c7\u00c3O - Grande Porto - Vinhos e Bebidas\" \/>\n<meta property=\"og:description\" content=\"harmoniza\u00e7\u00e3o entre vinho e comida\" \/>\n<meta property=\"og:url\" content=\"https:\/\/www.grandeportovinhos.com\/eng\/sobre-vinhos\/harmonizacao\/\" \/>\n<meta property=\"og:site_name\" content=\"Grande Porto - Vinhos e Bebidas\" \/>\n<meta property=\"article:modified_time\" content=\"2021-02-17T18:13:53+00:00\" \/>\n<meta property=\"og:image\" content=\"https:\/\/www.grandeportovinhos.com\/wp-content\/uploads\/2021\/02\/pexels-cottonbro-3171201-684x1024.jpg\" \/>\n<meta name=\"twitter:card\" content=\"summary_large_image\" \/>\n<meta name=\"twitter:label1\" content=\"Est. reading time\" \/>\n\t<meta name=\"twitter:data1\" content=\"3 minutes\" \/>\n<script type=\"application\/ld+json\" class=\"yoast-schema-graph\">{\"@context\":\"https:\/\/schema.org\",\"@graph\":[{\"@type\":\"WebPage\",\"@id\":\"https:\/\/www.grandeportovinhos.com\/sobre-vinhos\/harmonizacao\/\",\"url\":\"https:\/\/www.grandeportovinhos.com\/sobre-vinhos\/harmonizacao\/\",\"name\":\"HARMONIZA\u00c7\u00c3O - Grande Porto - Vinhos e Bebidas\",\"isPartOf\":{\"@id\":\"https:\/\/www.grandeportovinhos.com\/#website\"},\"primaryImageOfPage\":{\"@id\":\"https:\/\/www.grandeportovinhos.com\/sobre-vinhos\/harmonizacao\/#primaryimage\"},\"image\":{\"@id\":\"https:\/\/www.grandeportovinhos.com\/sobre-vinhos\/harmonizacao\/#primaryimage\"},\"thumbnailUrl\":\"https:\/\/www.grandeportovinhos.com\/wp-content\/uploads\/2021\/02\/pexels-cottonbro-3171201-684x1024.jpg\",\"datePublished\":\"2021-02-03T11:51:13+00:00\",\"dateModified\":\"2021-02-17T18:13:53+00:00\",\"description\":\"harmoniza\u00e7\u00e3o entre vinho e comida\",\"breadcrumb\":{\"@id\":\"https:\/\/www.grandeportovinhos.com\/sobre-vinhos\/harmonizacao\/#breadcrumb\"},\"inLanguage\":\"en-US\",\"potentialAction\":[{\"@type\":\"ReadAction\",\"target\":[\"https:\/\/www.grandeportovinhos.com\/sobre-vinhos\/harmonizacao\/\"]}]},{\"@type\":\"ImageObject\",\"inLanguage\":\"en-US\",\"@id\":\"https:\/\/www.grandeportovinhos.com\/sobre-vinhos\/harmonizacao\/#primaryimage\",\"url\":\"https:\/\/www.grandeportovinhos.com\/wp-content\/uploads\/2021\/02\/pexels-cottonbro-3171201-684x1024.jpg\",\"contentUrl\":\"https:\/\/www.grandeportovinhos.com\/wp-content\/uploads\/2021\/02\/pexels-cottonbro-3171201-684x1024.jpg\"},{\"@type\":\"BreadcrumbList\",\"@id\":\"https:\/\/www.grandeportovinhos.com\/sobre-vinhos\/harmonizacao\/#breadcrumb\",\"itemListElement\":[{\"@type\":\"ListItem\",\"position\":1,\"name\":\"In\u00edcio\",\"item\":\"https:\/\/www.grandeportovinhos.com\/\"},{\"@type\":\"ListItem\",\"position\":2,\"name\":\"SOBRE VINHOS\",\"item\":\"https:\/\/www.grandeportovinhos.com\/sobre-vinhos\/\"},{\"@type\":\"ListItem\",\"position\":3,\"name\":\"HARMONIZA\u00c7\u00c3O\"}]},{\"@type\":\"WebSite\",\"@id\":\"https:\/\/www.grandeportovinhos.com\/#website\",\"url\":\"https:\/\/www.grandeportovinhos.com\/\",\"name\":\"Grande Porto - Vinhos e Bebidas\",\"description\":\"\",\"publisher\":{\"@id\":\"https:\/\/www.grandeportovinhos.com\/#organization\"},\"potentialAction\":[{\"@type\":\"SearchAction\",\"target\":{\"@type\":\"EntryPoint\",\"urlTemplate\":\"https:\/\/www.grandeportovinhos.com\/?s={search_term_string}\"},\"query-input\":{\"@type\":\"PropertyValueSpecification\",\"valueRequired\":true,\"valueName\":\"search_term_string\"}}],\"inLanguage\":\"en-US\"},{\"@type\":\"Organization\",\"@id\":\"https:\/\/www.grandeportovinhos.com\/#organization\",\"name\":\"Grande Porto - Vinhos e Bebidas\",\"url\":\"https:\/\/www.grandeportovinhos.com\/\",\"logo\":{\"@type\":\"ImageObject\",\"inLanguage\":\"en-US\",\"@id\":\"https:\/\/www.grandeportovinhos.com\/#\/schema\/logo\/image\/\",\"url\":\"https:\/\/www.grandeportovinhos.com\/wp-content\/uploads\/2020\/10\/cropped-logo-GP.jpg\",\"contentUrl\":\"https:\/\/www.grandeportovinhos.com\/wp-content\/uploads\/2020\/10\/cropped-logo-GP.jpg\",\"width\":2559,\"height\":1626,\"caption\":\"Grande Porto - Vinhos e Bebidas\"},\"image\":{\"@id\":\"https:\/\/www.grandeportovinhos.com\/#\/schema\/logo\/image\/\"}}]}<\/script>\n<!-- \/ Yoast SEO plugin. -->","yoast_head_json":{"title":"HARMONIZA\u00c7\u00c3O - Grande Porto - Vinhos e Bebidas","description":"harmoniza\u00e7\u00e3o entre vinho e comida","robots":{"index":"index","follow":"follow","max-snippet":"max-snippet:-1","max-image-preview":"max-image-preview:large","max-video-preview":"max-video-preview:-1"},"canonical":"https:\/\/www.grandeportovinhos.com\/eng\/sobre-vinhos\/harmonizacao\/","og_locale":"en_US","og_type":"article","og_title":"HARMONIZA\u00c7\u00c3O - Grande Porto - Vinhos e Bebidas","og_description":"harmoniza\u00e7\u00e3o entre vinho e comida","og_url":"https:\/\/www.grandeportovinhos.com\/eng\/sobre-vinhos\/harmonizacao\/","og_site_name":"Grande Porto - Vinhos e Bebidas","article_modified_time":"2021-02-17T18:13:53+00:00","og_image":[{"url":"https:\/\/www.grandeportovinhos.com\/wp-content\/uploads\/2021\/02\/pexels-cottonbro-3171201-684x1024.jpg","type":"","width":"","height":""}],"twitter_card":"summary_large_image","twitter_misc":{"Est. reading time":"3 minutes"},"schema":{"@context":"https:\/\/schema.org","@graph":[{"@type":"WebPage","@id":"https:\/\/www.grandeportovinhos.com\/sobre-vinhos\/harmonizacao\/","url":"https:\/\/www.grandeportovinhos.com\/sobre-vinhos\/harmonizacao\/","name":"HARMONIZA\u00c7\u00c3O - Grande Porto - Vinhos e Bebidas","isPartOf":{"@id":"https:\/\/www.grandeportovinhos.com\/#website"},"primaryImageOfPage":{"@id":"https:\/\/www.grandeportovinhos.com\/sobre-vinhos\/harmonizacao\/#primaryimage"},"image":{"@id":"https:\/\/www.grandeportovinhos.com\/sobre-vinhos\/harmonizacao\/#primaryimage"},"thumbnailUrl":"https:\/\/www.grandeportovinhos.com\/wp-content\/uploads\/2021\/02\/pexels-cottonbro-3171201-684x1024.jpg","datePublished":"2021-02-03T11:51:13+00:00","dateModified":"2021-02-17T18:13:53+00:00","description":"harmoniza\u00e7\u00e3o entre vinho e comida","breadcrumb":{"@id":"https:\/\/www.grandeportovinhos.com\/sobre-vinhos\/harmonizacao\/#breadcrumb"},"inLanguage":"en-US","potentialAction":[{"@type":"ReadAction","target":["https:\/\/www.grandeportovinhos.com\/sobre-vinhos\/harmonizacao\/"]}]},{"@type":"ImageObject","inLanguage":"en-US","@id":"https:\/\/www.grandeportovinhos.com\/sobre-vinhos\/harmonizacao\/#primaryimage","url":"https:\/\/www.grandeportovinhos.com\/wp-content\/uploads\/2021\/02\/pexels-cottonbro-3171201-684x1024.jpg","contentUrl":"https:\/\/www.grandeportovinhos.com\/wp-content\/uploads\/2021\/02\/pexels-cottonbro-3171201-684x1024.jpg"},{"@type":"BreadcrumbList","@id":"https:\/\/www.grandeportovinhos.com\/sobre-vinhos\/harmonizacao\/#breadcrumb","itemListElement":[{"@type":"ListItem","position":1,"name":"In\u00edcio","item":"https:\/\/www.grandeportovinhos.com\/"},{"@type":"ListItem","position":2,"name":"SOBRE VINHOS","item":"https:\/\/www.grandeportovinhos.com\/sobre-vinhos\/"},{"@type":"ListItem","position":3,"name":"HARMONIZA\u00c7\u00c3O"}]},{"@type":"WebSite","@id":"https:\/\/www.grandeportovinhos.com\/#website","url":"https:\/\/www.grandeportovinhos.com\/","name":"Grande Porto - Vinhos e Bebidas","description":"","publisher":{"@id":"https:\/\/www.grandeportovinhos.com\/#organization"},"potentialAction":[{"@type":"SearchAction","target":{"@type":"EntryPoint","urlTemplate":"https:\/\/www.grandeportovinhos.com\/?s={search_term_string}"},"query-input":{"@type":"PropertyValueSpecification","valueRequired":true,"valueName":"search_term_string"}}],"inLanguage":"en-US"},{"@type":"Organization","@id":"https:\/\/www.grandeportovinhos.com\/#organization","name":"Grande Porto - Vinhos e Bebidas","url":"https:\/\/www.grandeportovinhos.com\/","logo":{"@type":"ImageObject","inLanguage":"en-US","@id":"https:\/\/www.grandeportovinhos.com\/#\/schema\/logo\/image\/","url":"https:\/\/www.grandeportovinhos.com\/wp-content\/uploads\/2020\/10\/cropped-logo-GP.jpg","contentUrl":"https:\/\/www.grandeportovinhos.com\/wp-content\/uploads\/2020\/10\/cropped-logo-GP.jpg","width":2559,"height":1626,"caption":"Grande Porto - Vinhos e Bebidas"},"image":{"@id":"https:\/\/www.grandeportovinhos.com\/#\/schema\/logo\/image\/"}}]}},"_links":{"self":[{"href":"https:\/\/www.grandeportovinhos.com\/eng\/wp-json\/wp\/v2\/pages\/2078"}],"collection":[{"href":"https:\/\/www.grandeportovinhos.com\/eng\/wp-json\/wp\/v2\/pages"}],"about":[{"href":"https:\/\/www.grandeportovinhos.com\/eng\/wp-json\/wp\/v2\/types\/page"}],"author":[{"embeddable":true,"href":"https:\/\/www.grandeportovinhos.com\/eng\/wp-json\/wp\/v2\/users\/1"}],"replies":[{"embeddable":true,"href":"https:\/\/www.grandeportovinhos.com\/eng\/wp-json\/wp\/v2\/comments?post=2078"}],"version-history":[{"count":32,"href":"https:\/\/www.grandeportovinhos.com\/eng\/wp-json\/wp\/v2\/pages\/2078\/revisions"}],"predecessor-version":[{"id":2618,"href":"https:\/\/www.grandeportovinhos.com\/eng\/wp-json\/wp\/v2\/pages\/2078\/revisions\/2618"}],"up":[{"embeddable":true,"href":"https:\/\/www.grandeportovinhos.com\/eng\/wp-json\/wp\/v2\/pages\/2070"}],"wp:attachment":[{"href":"https:\/\/www.grandeportovinhos.com\/eng\/wp-json\/wp\/v2\/media?parent=2078"}],"curies":[{"name":"wp","href":"https:\/\/api.w.org\/{rel}","templated":true}]}}